{"id":716492,"date":"2025-08-27T17:43:24","date_gmt":"2025-08-27T14:43:24","guid":{"rendered":"https:\/\/roveyayinevi.com.tr\/index.php\/urun\/mutlu-bir-cocuk\/"},"modified":"2026-04-16T02:24:40","modified_gmt":"2026-04-15T23:24:40","slug":"mutlu-bir-cocuk","status":"publish","type":"product","link":"https:\/\/roveyayinevi.com.tr\/index.php\/urun\/mutlu-bir-cocuk\/","title":{"rendered":"Mutlu Bir \u00c7ocuk"},"content":{"rendered":"<p>\u201cSana daha \u00f6nce neden \u00e7ok mutlu oldu\u011fumu s\u00f6yleyeyim. Daha \u00f6nce kimseye \u00e2\u015f\u0131k olmad\u0131m. \u00c2\u015f\u0131k oldu\u011fumuz anda mutluluk biter.\u201d\u0130skandinav edebiyat\u0131na ad\u0131n\u0131 alt\u0131n harflerle yazd\u0131rm\u0131\u015f olan, Nobel \u00f6d\u00fcll\u00fc yazar Bjornstjerne Bjornson\u2019un dilimize ilk kez \u00e7evrilen bu naif eserinde; \u00f6zenle \u00e7izilmi\u015f karakterler ve harikulade sadelik kendisini an be an hissettiriyor; yazar\u0131n derin psikolojik i\u00e7g\u00f6r\u00fcs\u00fc ise eserin masals\u0131 ve ak\u0131c\u0131 diliyle birle\u015fti\u011finde okurlar\u0131n\u0131 hem \u015fa\u015f\u0131rt\u0131yor hem de b\u00fcy\u00fcl\u00fcyor. <\/p>\n","protected":false},"excerpt":{"rendered":"<p>\u201cSana daha \u00f6nce neden \u00e7ok mutlu oldu\u011fumu s\u00f6yleyeyim. Daha \u00f6nce kimseye \u00e2\u015f\u0131k olmad\u0131m. \u00c2\u015f\u0131k oldu\u011fumuz anda mutluluk biter.\u201d\u0130skandinav edebiyat\u0131na ad\u0131n\u0131 alt\u0131n harflerle yazd\u0131rm\u0131\u015f olan, Nobel \u00f6d\u00fcll\u00fc<span class=\"excerpt-hellip\"> [\u2026]<\/span><\/p>\n","protected":false},"featured_media":0,"template":"","meta":{"_monsterinsights_skip_tracking":false,"_monsterinsights_sitenote_active":false,"_monsterinsights_sitenote_note":"","_monsterinsights_sitenote_category":0},"product_brand":[],"product_cat":[12291,12711],"product_tag":[],"class_list":{"0":"post-716492","1":"product","2":"type-product","3":"status-publish","5":"product_cat-edebiyat","6":"product_cat-roman-oyku","7":"pa_cilt-ciltsiz","8":"pa_tur-kitap","9":"pa_yayinevi-kuzey-isigi-yayinlari","10":"pa_yazar-bjornstjerne-bjornson","12":"first","13":"instock","14":"sale","15":"shipping-taxable","16":"purchasable","17":"product-type-simple"},"_links":{"self":[{"href":"https:\/\/roveyayinevi.com.tr\/index.php\/wp-json\/wp\/v2\/product\/716492","targetHints":{"allow":["GET"]}}],"collection":[{"href":"https:\/\/roveyayinevi.com.tr\/index.php\/wp-json\/wp\/v2\/product"}],"about":[{"href":"https:\/\/roveyayinevi.com.tr\/index.php\/wp-json\/wp\/v2\/types\/product"}],"wp:attachment":[{"href":"https:\/\/roveyayinevi.com.tr\/index.php\/wp-json\/wp\/v2\/media?parent=716492"}],"wp:term":[{"taxonomy":"product_brand","embeddable":true,"href":"https:\/\/roveyayinevi.com.tr\/index.php\/wp-json\/wp\/v2\/product_brand?post=716492"},{"taxonomy":"product_cat","embeddable":true,"href":"https:\/\/roveyayinevi.com.tr\/index.php\/wp-json\/wp\/v2\/product_cat?post=716492"},{"taxonomy":"product_tag","embeddable":true,"href":"https:\/\/roveyayinevi.com.tr\/index.php\/wp-json\/wp\/v2\/product_tag?post=716492"}],"curies":[{"name":"wp","href":"https:\/\/api.w.org\/{rel}","templated":true}]}}