{"id":716491,"date":"2025-08-27T17:43:24","date_gmt":"2025-08-27T14:43:24","guid":{"rendered":"https:\/\/roveyayinevi.com.tr\/index.php\/urun\/buyuk-kurumlar-icin-inovasyon-manifetosu\/"},"modified":"2026-04-16T02:24:40","modified_gmt":"2026-04-15T23:24:40","slug":"buyuk-kurumlar-icin-inovasyon-manifetosu","status":"publish","type":"product","link":"https:\/\/roveyayinevi.com.tr\/index.php\/urun\/buyuk-kurumlar-icin-inovasyon-manifetosu\/","title":{"rendered":"B\u00fcy\u00fck Kurumlar \u0130\u00e7in \u0130novasyon Manifetosu"},"content":{"rendered":"<p>Bir \u00f6nceki kitab\u0131 Ad\u0131m Ad\u0131m \u0130novasyon&#8217;da yarat\u0131c\u0131 fikirleri ger\u00e7ek, k\u00e2rl\u0131 ve s\u00fcrd\u00fcr\u00fclebilir i\u015flere d\u00f6n\u00fc\u015ft\u00fcrmenin metotlar\u0131n\u0131 g\u00f6steren Bora \u00d6zkent, yeni kitab\u0131nda bu metotlar\u0131 b\u00fcnyelerine uyarlamakta zorlanan b\u00fcy\u00fck kurumlara g\u00fc\u00e7l\u00fc bir d\u00f6n\u00fc\u015f\u00fcm rehberi sunuyor. Startup\u2019lar taraf\u0131ndan ba\u015far\u0131 ile uygulanan Yeni Yal\u0131n Giri\u015fim ve Tasar\u0131mc\u0131 D\u00fc\u015f\u00fcnce gibi metodolojilerin b\u00fcy\u00fck kurumlarda neden ayn\u0131 etkiyi yapmad\u0131\u011f\u0131n\u0131 kendi dan\u0131\u015fmanl\u0131k tecr\u00fcbelerine dayanan, ger\u00e7ek hayat \u00f6rnekleri ile anlatan \u00d6zkent, b\u00fcy\u00fck kurumlara organizasyonel yap\u0131lar\u0131ndan risk y\u00f6netimine, insan kayna\u011f\u0131 uygulamalar\u0131ndan, kaynak da\u011f\u0131l\u0131m\u0131 ve b\u00fct\u00e7eleme sistemlerine kadar geni\u015f bir perspektifte somut ve uygulanabilir de\u011fi\u015fiklik \u00f6nerilerinde bulunuyor. Elma\u2019dan keyifle okuyaca\u011f\u0131n\u0131z bir eser daha, B\u00fcy\u00fck Kurumlar \u0130\u00e7in \u0130novasyon Manifestosu\u2026<\/p>\n","protected":false},"excerpt":{"rendered":"<p>Bir \u00f6nceki kitab\u0131 Ad\u0131m Ad\u0131m \u0130novasyon&#8217;da yarat\u0131c\u0131 fikirleri ger\u00e7ek, k\u00e2rl\u0131 ve s\u00fcrd\u00fcr\u00fclebilir i\u015flere d\u00f6n\u00fc\u015ft\u00fcrmenin metotlar\u0131n\u0131 g\u00f6steren Bora \u00d6zkent, yeni kitab\u0131nda bu metotlar\u0131 b\u00fcnyelerine uyarlamakta zorlanan b\u00fcy\u00fck<span class=\"excerpt-hellip\"> [\u2026]<\/span><\/p>\n","protected":false},"featured_media":0,"template":"","meta":{"_monsterinsights_skip_tracking":false,"_monsterinsights_sitenote_active":false,"_monsterinsights_sitenote_note":"","_monsterinsights_sitenote_category":0},"product_brand":[],"product_cat":[13043,17647],"product_tag":[],"class_list":{"0":"post-716491","1":"product","2":"type-product","3":"status-publish","5":"product_cat-ekonomi","6":"product_cat-is-dunyasi","7":"pa_cilt-ciltsiz","8":"pa_tur-kitap","9":"pa_yayinevi-elma-yayinevi","10":"pa_yazar-bora-ozkent","12":"first","13":"instock","14":"sale","15":"shipping-taxable","16":"purchasable","17":"product-type-simple"},"_links":{"self":[{"href":"https:\/\/roveyayinevi.com.tr\/index.php\/wp-json\/wp\/v2\/product\/716491","targetHints":{"allow":["GET"]}}],"collection":[{"href":"https:\/\/roveyayinevi.com.tr\/index.php\/wp-json\/wp\/v2\/product"}],"about":[{"href":"https:\/\/roveyayinevi.com.tr\/index.php\/wp-json\/wp\/v2\/types\/product"}],"wp:attachment":[{"href":"https:\/\/roveyayinevi.com.tr\/index.php\/wp-json\/wp\/v2\/media?parent=716491"}],"wp:term":[{"taxonomy":"product_brand","embeddable":true,"href":"https:\/\/roveyayinevi.com.tr\/index.php\/wp-json\/wp\/v2\/product_brand?post=716491"},{"taxonomy":"product_cat","embeddable":true,"href":"https:\/\/roveyayinevi.com.tr\/index.php\/wp-json\/wp\/v2\/product_cat?post=716491"},{"taxonomy":"product_tag","embeddable":true,"href":"https:\/\/roveyayinevi.com.tr\/index.php\/wp-json\/wp\/v2\/product_tag?post=716491"}],"curies":[{"name":"wp","href":"https:\/\/api.w.org\/{rel}","templated":true}]}}