{"id":716489,"date":"2025-08-27T17:43:23","date_gmt":"2025-08-27T14:43:23","guid":{"rendered":"https:\/\/roveyayinevi.com.tr\/index.php\/urun\/hur-fikirleri-yayma-cemiyeti\/"},"modified":"2026-04-16T02:24:40","modified_gmt":"2026-04-15T23:24:40","slug":"hur-fikirleri-yayma-cemiyeti","status":"publish","type":"product","link":"https:\/\/roveyayinevi.com.tr\/index.php\/urun\/hur-fikirleri-yayma-cemiyeti\/","title":{"rendered":"H\u00fcr Fikirleri Yayma Cemiyeti"},"content":{"rendered":"<p>Liberalizmin T\u00fcrkiye\u2019de ya\u015fad\u0131\u011f\u0131 tarihsel ser\u00fcvende, H\u00fcr Fikirleri Yayma Cemiyeti\u2019nin (HFYC) \u00f6zel bir yeri bulunur. HFYC, kendisinden \u00f6nceki benzeri cemiyet ve partilere nazaran daha uzun s\u00fcre hayatta kalm\u0131\u015f; ba\u015fka hi\u00e7bir \u00fcst\u00fcn ama\u00e7 g\u00fctmeden, bireyin \u00f6zg\u00fcrl\u00fc\u011f\u00fcn\u00fc ve s\u0131n\u0131rl\u0131 devleti savunmu\u015f; en az\u0131ndan belli bir s\u00fcre bu gayreti g\u00f6stermi\u015ftir.T\u00fcrk liberal d\u00fc\u015f\u00fcnce gelene\u011fi i\u00e7inde \u00f6zel anlamlar ta\u015f\u0131yan bir hareket olarak HFYC\u2019nin \u201cliberal\u201d s\u0131fat\u0131n\u0131 kaybetti\u011fi 1950\u2019lerin ba\u015f\u0131ndan 1990\u2019lara kadar ikinci bir \u00f6rne\u011fi mevcut de\u011fildir.Cemiyetin kapanmas\u0131na neden olan s\u00fcre\u00e7 ise, T\u00fcrk liberalizm tarihi a\u00e7\u0131s\u0131ndan bir k\u0131r\u0131lma noktas\u0131na i\u015faret eder. Cemiyetin kurucu \u00f6nderleri Ali Fuad Ba\u015fgil ve Ahmet Emin Yalman\u2019\u0131n fikirleri, tav\u0131rlar\u0131 ve tutumlar\u0131 \u00fczerinden okunabilen bu k\u0131r\u0131lma, liberal fikriyat\u0131n g\u00fcn\u00fcm\u00fczdeki durumuna ili\u015fkin de anlaml\u0131 veriler sunmaktad\u0131r.Biri liberalizmi Bat\u0131 tipi ya\u015fam tarz\u0131 olarak y\u00fccelten, di\u011feri insan haklar\u0131n\u0131, bireyin \u00f6zg\u00fcrl\u00fc\u011f\u00fcn\u00fc, s\u0131n\u0131rl\u0131 devleti \u00f6nemseyen bu iki ana ak\u0131m g\u00fcn\u00fcm\u00fczde de varl\u0131klar\u0131n\u0131 s\u00fcrd\u00fcrmektedir.<\/p>\n","protected":false},"excerpt":{"rendered":"<p>Liberalizmin T\u00fcrkiye\u2019de ya\u015fad\u0131\u011f\u0131 tarihsel ser\u00fcvende, H\u00fcr Fikirleri Yayma Cemiyeti\u2019nin (HFYC) \u00f6zel bir yeri bulunur. HFYC, kendisinden \u00f6nceki benzeri cemiyet ve partilere nazaran daha uzun s\u00fcre hayatta<span class=\"excerpt-hellip\"> [\u2026]<\/span><\/p>\n","protected":false},"featured_media":0,"template":"","meta":{"_monsterinsights_skip_tracking":false,"_monsterinsights_sitenote_active":false,"_monsterinsights_sitenote_note":"","_monsterinsights_sitenote_category":0},"product_brand":[],"product_cat":[12370,12304],"product_tag":[],"class_list":{"0":"post-716489","1":"product","2":"type-product","3":"status-publish","5":"product_cat-arastirma-inceleme","6":"product_cat-tarih","7":"pa_cilt-ciltsiz","8":"pa_tur-kitap","9":"pa_yayinevi-liberte-yayinlari","10":"pa_yazar-m-kursad-birinci","12":"first","13":"instock","14":"sale","15":"shipping-taxable","16":"purchasable","17":"product-type-simple"},"_links":{"self":[{"href":"https:\/\/roveyayinevi.com.tr\/index.php\/wp-json\/wp\/v2\/product\/716489","targetHints":{"allow":["GET"]}}],"collection":[{"href":"https:\/\/roveyayinevi.com.tr\/index.php\/wp-json\/wp\/v2\/product"}],"about":[{"href":"https:\/\/roveyayinevi.com.tr\/index.php\/wp-json\/wp\/v2\/types\/product"}],"wp:attachment":[{"href":"https:\/\/roveyayinevi.com.tr\/index.php\/wp-json\/wp\/v2\/media?parent=716489"}],"wp:term":[{"taxonomy":"product_brand","embeddable":true,"href":"https:\/\/roveyayinevi.com.tr\/index.php\/wp-json\/wp\/v2\/product_brand?post=716489"},{"taxonomy":"product_cat","embeddable":true,"href":"https:\/\/roveyayinevi.com.tr\/index.php\/wp-json\/wp\/v2\/product_cat?post=716489"},{"taxonomy":"product_tag","embeddable":true,"href":"https:\/\/roveyayinevi.com.tr\/index.php\/wp-json\/wp\/v2\/product_tag?post=716489"}],"curies":[{"name":"wp","href":"https:\/\/api.w.org\/{rel}","templated":true}]}}