{"id":716487,"date":"2025-08-27T17:43:22","date_gmt":"2025-08-27T14:43:22","guid":{"rendered":"https:\/\/roveyayinevi.com.tr\/index.php\/urun\/ahmet-emin-yalman-entelektuel-bir-biyografi\/"},"modified":"2026-04-16T02:24:40","modified_gmt":"2026-04-15T23:24:40","slug":"ahmet-emin-yalman-entelektuel-bir-biyografi","status":"publish","type":"product","link":"https:\/\/roveyayinevi.com.tr\/index.php\/urun\/ahmet-emin-yalman-entelektuel-bir-biyografi\/","title":{"rendered":"Ahmet Emin Yalman &#8211; Entelekt\u00fcel Bir Biyografi"},"content":{"rendered":"<p>Ahmet Emin Yalman II. Me\u015frutiyet\u2019in ba\u015flar\u0131nda gazetecili\u011fe ba\u015flay\u0131p 1960\u2019lar\u0131n sonlar\u0131na kadar gazetecilik yapm\u0131\u015f uluslararas\u0131 \u015f\u00f6hrete sahip \u00f6nemli bir yazard\u0131r. Yalman\u2019\u0131n ki\u015fisel hat\u0131rat\u0131 T\u00fcrkiye\u2019nin modernle\u015fme tarihine paralel seyreder. Hayat\u0131 boyunca g\u00fcnl\u00fck ve siyasi hat\u0131ralar\u0131 dahil olmak \u00fczere on bincelerce sayfa yaz\u0131 kaleme alan Yalman, T\u00fcrkiye tarihinin d\u00f6n\u00fcm anlar\u0131n\u0131n entelekt\u00fcel \u015fahididir. Zaman\u0131n\u0131n en iyi okullar\u0131na gitmi\u015f ve Columbia \u00dcniversitesi\u2019nde sosyal bilimler \u00fczerine doktora yapm\u0131\u015ft\u0131r. Almanca, \u0130ngilizce ve Arap\u00e7a konu\u015fan Yalman sadece entelekt\u00fcel bir gazeteci, siyasi bir yazar de\u011fil, ayn\u0131 zamanda bir d\u00fcnya gezginidir.Yalman Osmanl\u0131\u2019dan Cumhuriyete kendini liberal olarak tan\u0131mlayan nadir kamusal fig\u00fcrlerden de biridir. Onun yaz\u0131lar\u0131 sadece siyasi tarihe ilgili olanlar i\u00e7in de\u011fil T\u00fcrkiye\u2019de liberal d\u00fc\u015f\u00fcnce tarihi ve liberal teorinin geli\u015fimiyle ilgilenenler i\u00e7in de \u00f6nemli bir kaynakt\u0131r. Bu kitap, T\u00fcrkiye\u2019de liberal d\u00fc\u015f\u00fcnce gelene\u011fi \u00f6n\u00fcndeki temel problem alanlar\u0131n\u0131, Yalman\u2019\u0131n siyasal d\u00f6n\u00fcm anlar\u0131ndaki duru\u015fu ve modernle\u015fmeye dair fikirleri \u00fczerinden de\u011ferlendirmektedir. Osmanl\u0131 parlamentarizminden Kemalist devrimlere T\u00fcrkiye\u2019de demokrasi, b\u00fcrokrasi, e\u011fitim ve din konular\u0131 Yalman\u2019\u0131n fikirlerinin ele\u015ftirisi \u00fczerinden tart\u0131\u015f\u0131lmaktad\u0131r.<\/p>\n","protected":false},"excerpt":{"rendered":"<p>Ahmet Emin Yalman II. Me\u015frutiyet\u2019in ba\u015flar\u0131nda gazetecili\u011fe ba\u015flay\u0131p 1960\u2019lar\u0131n sonlar\u0131na kadar gazetecilik yapm\u0131\u015f uluslararas\u0131 \u015f\u00f6hrete sahip \u00f6nemli bir yazard\u0131r. Yalman\u2019\u0131n ki\u015fisel hat\u0131rat\u0131 T\u00fcrkiye\u2019nin modernle\u015fme tarihine paralel<span class=\"excerpt-hellip\"> [\u2026]<\/span><\/p>\n","protected":false},"featured_media":0,"template":"","meta":{"_monsterinsights_skip_tracking":false,"_monsterinsights_sitenote_active":false,"_monsterinsights_sitenote_note":"","_monsterinsights_sitenote_category":0},"product_brand":[],"product_cat":[13946,12304],"product_tag":[],"class_list":{"0":"post-716487","1":"product","2":"type-product","3":"status-publish","5":"product_cat-biyografi-otobiyografi","6":"product_cat-tarih","7":"pa_cilt-ciltsiz","8":"pa_tur-kitap","9":"pa_yayinevi-liberte-yayinlari","10":"pa_yazar-bugra-kalkan","12":"first","13":"instock","14":"sale","15":"shipping-taxable","16":"purchasable","17":"product-type-simple"},"_links":{"self":[{"href":"https:\/\/roveyayinevi.com.tr\/index.php\/wp-json\/wp\/v2\/product\/716487","targetHints":{"allow":["GET"]}}],"collection":[{"href":"https:\/\/roveyayinevi.com.tr\/index.php\/wp-json\/wp\/v2\/product"}],"about":[{"href":"https:\/\/roveyayinevi.com.tr\/index.php\/wp-json\/wp\/v2\/types\/product"}],"wp:attachment":[{"href":"https:\/\/roveyayinevi.com.tr\/index.php\/wp-json\/wp\/v2\/media?parent=716487"}],"wp:term":[{"taxonomy":"product_brand","embeddable":true,"href":"https:\/\/roveyayinevi.com.tr\/index.php\/wp-json\/wp\/v2\/product_brand?post=716487"},{"taxonomy":"product_cat","embeddable":true,"href":"https:\/\/roveyayinevi.com.tr\/index.php\/wp-json\/wp\/v2\/product_cat?post=716487"},{"taxonomy":"product_tag","embeddable":true,"href":"https:\/\/roveyayinevi.com.tr\/index.php\/wp-json\/wp\/v2\/product_tag?post=716487"}],"curies":[{"name":"wp","href":"https:\/\/api.w.org\/{rel}","templated":true}]}}