{"id":716485,"date":"2025-08-27T17:43:20","date_gmt":"2025-08-27T14:43:20","guid":{"rendered":"https:\/\/roveyayinevi.com.tr\/index.php\/urun\/el-cami\/"},"modified":"2026-04-03T02:31:01","modified_gmt":"2026-04-02T23:31:01","slug":"el-cami","status":"publish","type":"product","link":"https:\/\/roveyayinevi.com.tr\/index.php\/urun\/el-cami\/","title":{"rendered":"El Cami"},"content":{"rendered":"<p>Gizemli kap\u0131lardan \u2018S\u0131rl\u0131 Dualar\u2019la ge\u00e7ilir\u2026\u015eifreyi bilirsen kap\u0131 a\u00e7\u0131l\u0131r, neyi t\u00fcm varl\u0131\u011f\u0131nla istiyorsan sen zaten ona aitsin. Seni o \u00e7ok istedi\u011fine g\u00f6t\u00fcrecek \u015fifre art\u0131k sende. Kilidi dua a\u00e7ar, kalbine inanc\u0131 dua verir.Sadece Allah\u2019tan istedim, o nedenle \u2018oldu\u2019 bildim.Manevi re\u00e7eteler, s\u0131rl\u0131 dualar, \u00f6zel okumalar, zikirler, Esm\u00e2\u2019\u00fcl-h\u00fcsn\u00e2\u2019n\u0131n gizemi ile dile\u011fine yolculu\u011fun ba\u015flad\u0131\u2026\u0130nsanlar\u0131n sana kapatt\u0131\u011f\u0131 kirli pasl\u0131 kap\u0131lar\u0131 umursama, sana Allah bir kap\u0131y\u0131 a\u00e7arsa onu bir insan asla kapatamaz.Sonra o derde d\u00f6nd\u00fcm dedim ki:\u201cKenara \u00e7ekil! Benim her \u015feyden b\u00fcy\u00fck Allah\u0131m var.\u201d<\/p>\n","protected":false},"excerpt":{"rendered":"<p>Gizemli kap\u0131lardan \u2018S\u0131rl\u0131 Dualar\u2019la ge\u00e7ilir\u2026\u015eifreyi bilirsen kap\u0131 a\u00e7\u0131l\u0131r, neyi t\u00fcm varl\u0131\u011f\u0131nla istiyorsan sen zaten ona aitsin. Seni o \u00e7ok istedi\u011fine g\u00f6t\u00fcrecek \u015fifre art\u0131k sende. Kilidi dua<span class=\"excerpt-hellip\"> [\u2026]<\/span><\/p>\n","protected":false},"featured_media":0,"template":"","meta":{"_monsterinsights_skip_tracking":false,"_monsterinsights_sitenote_active":false,"_monsterinsights_sitenote_note":"","_monsterinsights_sitenote_category":0},"product_brand":[],"product_cat":[12364,12376],"product_tag":[],"class_list":{"0":"post-716485","1":"product","2":"type-product","3":"status-publish","5":"product_cat-genel-konular","6":"product_cat-kisisel-gelisim","7":"pa_cilt-ciltsiz","8":"pa_tur-kitap","9":"pa_yayinevi-feniks-yayinlari","10":"pa_yazar-tugce-isinsu","12":"first","13":"instock","14":"sale","15":"shipping-taxable","16":"purchasable","17":"product-type-simple"},"_links":{"self":[{"href":"https:\/\/roveyayinevi.com.tr\/index.php\/wp-json\/wp\/v2\/product\/716485","targetHints":{"allow":["GET"]}}],"collection":[{"href":"https:\/\/roveyayinevi.com.tr\/index.php\/wp-json\/wp\/v2\/product"}],"about":[{"href":"https:\/\/roveyayinevi.com.tr\/index.php\/wp-json\/wp\/v2\/types\/product"}],"wp:attachment":[{"href":"https:\/\/roveyayinevi.com.tr\/index.php\/wp-json\/wp\/v2\/media?parent=716485"}],"wp:term":[{"taxonomy":"product_brand","embeddable":true,"href":"https:\/\/roveyayinevi.com.tr\/index.php\/wp-json\/wp\/v2\/product_brand?post=716485"},{"taxonomy":"product_cat","embeddable":true,"href":"https:\/\/roveyayinevi.com.tr\/index.php\/wp-json\/wp\/v2\/product_cat?post=716485"},{"taxonomy":"product_tag","embeddable":true,"href":"https:\/\/roveyayinevi.com.tr\/index.php\/wp-json\/wp\/v2\/product_tag?post=716485"}],"curies":[{"name":"wp","href":"https:\/\/api.w.org\/{rel}","templated":true}]}}