{"id":716481,"date":"2025-08-27T17:43:17","date_gmt":"2025-08-27T14:43:17","guid":{"rendered":"https:\/\/roveyayinevi.com.tr\/index.php\/urun\/baki-ve-estetigi\/"},"modified":"2026-04-16T02:24:39","modified_gmt":"2026-04-15T23:24:39","slug":"baki-ve-estetigi","status":"publish","type":"product","link":"https:\/\/roveyayinevi.com.tr\/index.php\/urun\/baki-ve-estetigi\/","title":{"rendered":"Baki ve Esteti\u011fi"},"content":{"rendered":"<p>Do\u011fru yerde ve do\u011fru zamanda ya\u015famak b\u00fcy\u00fck \u015fanst\u0131r. Ama daha \u00f6nemlisi, bunun fark\u0131na varmak; yetenekle, bilgiyle, birikimle \u015fans\u0131n u\u00e7uculuklar\u0131ndan kal\u0131c\u0131 kazan\u0131mlara uzanabilmektir. B\u00e2k\u00ee gibi \u00f6l\u00fcms\u00fczle\u015febilmektir.Baki, hi\u00e7 \u015f\u00fcphesiz, sadece, XVI. asr\u0131n de\u011fil, b\u00fct\u00fcn T\u00fcrk edebiyat\u0131n\u0131n en b\u00fcy\u00fck \u015fairlerindendir. \u015eiirimizdeki ayr\u0131cal\u0131kl\u0131 konumunu, b\u00fcy\u00fck bir cihan imparatorlu\u011funu yank\u0131layan ihti\u015faml\u0131 sesiyle oldu\u011fu kadar, benzersiz esteti\u011fi, kendine \u00f6zg\u00fc dili ve geni\u015f \u015fiir yelpazesiyle de elde etmi\u015ftir. Baki, g\u00fcc\u00fcn ve saltanat\u0131n merkezi \u0130stanbul\u2019un par\u0131lt\u0131l\u0131 hayat\u0131n\u0131n da canl\u0131 tan\u0131\u011f\u0131 olmu\u015ftur.Prof. Dr. Ali Budak, bu \u00f6zg\u00fcn \u00e7al\u0131\u015fmas\u0131nda, Baki\u2019nin \u015fiirlerini, modern bir perspektif \u00fczerinden b\u00fct\u00fcn y\u00f6nleri, farkl\u0131l\u0131klar\u0131 ve zenginlikleriyle ele al\u0131yor; bu arada, b\u00fcy\u00fck \u015fairin poetikas\u0131n\u0131, herhalde, ilk defa olarak, belirliyor, tan\u0131ml\u0131yor ve sistemli bir \u015fekilde ortaya koyuyor.Prof. Budak, se\u00e7ilmi\u015f \u015fiirler ve onlar i\u00e7in haz\u0131rlanm\u0131\u015f s\u00f6zl\u00fck ilavesiyle de \u00e7al\u0131\u015fmas\u0131n\u0131 eksiksiz bir \u201cBaki Kitab\u0131\u201d niteli\u011fine kavu\u015fturuyor.\u0130ncelemeB\u00e2k\u00ee Divan\u0131\u2019ndan Se\u00e7melerS\u00f6zl\u00fck<\/p>\n","protected":false},"excerpt":{"rendered":"<p>Do\u011fru yerde ve do\u011fru zamanda ya\u015famak b\u00fcy\u00fck \u015fanst\u0131r. Ama daha \u00f6nemlisi, bunun fark\u0131na varmak; yetenekle, bilgiyle, birikimle \u015fans\u0131n u\u00e7uculuklar\u0131ndan kal\u0131c\u0131 kazan\u0131mlara uzanabilmektir. B\u00e2k\u00ee gibi \u00f6l\u00fcms\u00fczle\u015febilmektir.Baki, hi\u00e7<span class=\"excerpt-hellip\"> [\u2026]<\/span><\/p>\n","protected":false},"featured_media":0,"template":"","meta":{"_monsterinsights_skip_tracking":false,"_monsterinsights_sitenote_active":false,"_monsterinsights_sitenote_note":"","_monsterinsights_sitenote_category":0},"product_brand":[],"product_cat":[13072,12291],"product_tag":[],"class_list":{"0":"post-716481","1":"product","2":"type-product","3":"status-publish","5":"product_cat-arastirma-inceleme-referans","6":"product_cat-edebiyat","7":"pa_cilt-ciltsiz","8":"pa_tur-kitap","9":"pa_yayinevi-bilge-kultur-sanat","10":"pa_yazar-ali-budak","12":"first","13":"instock","14":"sale","15":"shipping-taxable","16":"purchasable","17":"product-type-simple"},"_links":{"self":[{"href":"https:\/\/roveyayinevi.com.tr\/index.php\/wp-json\/wp\/v2\/product\/716481","targetHints":{"allow":["GET"]}}],"collection":[{"href":"https:\/\/roveyayinevi.com.tr\/index.php\/wp-json\/wp\/v2\/product"}],"about":[{"href":"https:\/\/roveyayinevi.com.tr\/index.php\/wp-json\/wp\/v2\/types\/product"}],"wp:attachment":[{"href":"https:\/\/roveyayinevi.com.tr\/index.php\/wp-json\/wp\/v2\/media?parent=716481"}],"wp:term":[{"taxonomy":"product_brand","embeddable":true,"href":"https:\/\/roveyayinevi.com.tr\/index.php\/wp-json\/wp\/v2\/product_brand?post=716481"},{"taxonomy":"product_cat","embeddable":true,"href":"https:\/\/roveyayinevi.com.tr\/index.php\/wp-json\/wp\/v2\/product_cat?post=716481"},{"taxonomy":"product_tag","embeddable":true,"href":"https:\/\/roveyayinevi.com.tr\/index.php\/wp-json\/wp\/v2\/product_tag?post=716481"}],"curies":[{"name":"wp","href":"https:\/\/api.w.org\/{rel}","templated":true}]}}