{"id":716479,"date":"2025-08-27T17:43:16","date_gmt":"2025-08-27T14:43:16","guid":{"rendered":"https:\/\/roveyayinevi.com.tr\/index.php\/urun\/doctor-who-savas-makineleri-cep-boy\/"},"modified":"2026-04-16T02:24:39","modified_gmt":"2026-04-15T23:24:39","slug":"doctor-who-savas-makineleri-cep-boy","status":"publish","type":"product","link":"https:\/\/roveyayinevi.com.tr\/index.php\/urun\/doctor-who-savas-makineleri-cep-boy\/","title":{"rendered":"Doctor Who &#8211; Sava\u015f Makineleri (Cep Boy)"},"content":{"rendered":"<p>B\u00fcy\u00fck Zaman Sava\u015f\u0131 ve Sava\u015f Doktoru&#8217;na dair \u015fimdiye dek anlat\u0131lan en detayl\u0131 hik\u00e2ye!   &#8220;E\u011fer Dalekleri yenmemize yard\u0131m\u0131 olacaksa, Doktor, milyarlarca ki\u015finin \u00f6l\u00fcm\u00fc bizim i\u00e7in hi\u00e7bir anlam ifade etmez.&#8221;   B\u00fcy\u00fck Zaman Sava\u015f\u0131 y\u00fczy\u0131llard\u0131r s\u00fcr\u00fcyor ve evreni tahrip ediyordu. \u0130nsanlar\u0131n ya\u015fad\u0131\u011f\u0131 gezegenler, Dalekler taraf\u0131ndan ele ge\u00e7irilmi\u015fti. Yorgun ve k\u0131zg\u0131n Doktor&#8217;un ba\u015f\u0131n\u0131 \u00e7ekti\u011fi bir TARDIS filosu Daleklere sald\u0131rmaya haz\u0131rlan\u0131rken aniden Doktor&#8217;un TARDIS&#8217;i hemen alt\u0131nda bulunan gezegen Moldox&#8217;a \u00e7ak\u0131lmaktan kurtulamad\u0131. Bu kaotik toprak par\u00e7as\u0131nda k\u0131s\u0131l\u0131 kalan Doktor&#8217;un dikkatinden bir \u015fey ka\u00e7mam\u0131\u015ft\u0131: Dalekler insanlar\u0131 topluyor ancak \u00f6ld\u00fcrm\u00fcyorlard\u0131. Cinder ad\u0131nda gen\u00e7 bir Dalek avc\u0131s\u0131yla kar\u015f\u0131la\u015fan Doktor, durumun asl\u0131n\u0131 \u00f6\u011frenmeye haz\u0131rd\u0131. Moldox&#8217;tan Gallifrey&#8217;e kadar uzanan zorlu macerada, Daleklerin plan\u0131n\u0131 \u00e7\u00f6zmeye \u00e7al\u0131\u015fan ikili her \u015feyi hatta herkesi de\u011fi\u015ftirecek olaylara \u015fahit olacaklard\u0131. 8. ve 9. Doktor aras\u0131nda k\u00f6pr\u00fc kuran, Doctor Who 50. Y\u0131l \u00d6zel B\u00f6l\u00fcm\u00fc olan The Day of the Doctor&#8217;la t\u00fcm d\u00fcnyaya tan\u0131t\u0131lan Sava\u015f Doktoru&#8217;nun yaln\u0131zca kendisine ait ilk ve tek maceras\u0131: Sava\u015f Makineleri. &#8220;Pek \u00e7ok surat\u0131m oldu. Pek \u00e7ok ya\u015fam\u0131m. Hepsini g\u00fcn y\u00fcz\u00fcne \u00e7\u0131karmad\u0131m. Unutmak i\u00e7in \u00e7ok \u00e7abalad\u0131\u011f\u0131m tek bir ya\u015fam\u0131m oldu\u2026 Zaman Sava\u015f\u0131&#8217;nda sava\u015fan Doktor.&#8221; <\/p>\n","protected":false},"excerpt":{"rendered":"<p>B\u00fcy\u00fck Zaman Sava\u015f\u0131 ve Sava\u015f Doktoru&#8217;na dair \u015fimdiye dek anlat\u0131lan en detayl\u0131 hik\u00e2ye! &#8220;E\u011fer Dalekleri yenmemize yard\u0131m\u0131 olacaksa, Doktor, milyarlarca ki\u015finin \u00f6l\u00fcm\u00fc bizim i\u00e7in hi\u00e7bir anlam<span class=\"excerpt-hellip\"> [\u2026]<\/span><\/p>\n","protected":false},"featured_media":0,"template":"","meta":{"_monsterinsights_skip_tracking":false,"_monsterinsights_sitenote_active":false,"_monsterinsights_sitenote_note":"","_monsterinsights_sitenote_category":0},"product_brand":[],"product_cat":[12540,12291],"product_tag":[],"class_list":{"0":"post-716479","1":"product","2":"type-product","3":"status-publish","5":"product_cat-bilim-kurgu","6":"product_cat-edebiyat","7":"pa_cilt-ciltsiz","8":"pa_tur-kitap","9":"pa_yayinevi-ithaki-yayinlari","10":"pa_yazar-george-mann","12":"first","13":"instock","14":"sale","15":"shipping-taxable","16":"purchasable","17":"product-type-simple"},"_links":{"self":[{"href":"https:\/\/roveyayinevi.com.tr\/index.php\/wp-json\/wp\/v2\/product\/716479","targetHints":{"allow":["GET"]}}],"collection":[{"href":"https:\/\/roveyayinevi.com.tr\/index.php\/wp-json\/wp\/v2\/product"}],"about":[{"href":"https:\/\/roveyayinevi.com.tr\/index.php\/wp-json\/wp\/v2\/types\/product"}],"wp:attachment":[{"href":"https:\/\/roveyayinevi.com.tr\/index.php\/wp-json\/wp\/v2\/media?parent=716479"}],"wp:term":[{"taxonomy":"product_brand","embeddable":true,"href":"https:\/\/roveyayinevi.com.tr\/index.php\/wp-json\/wp\/v2\/product_brand?post=716479"},{"taxonomy":"product_cat","embeddable":true,"href":"https:\/\/roveyayinevi.com.tr\/index.php\/wp-json\/wp\/v2\/product_cat?post=716479"},{"taxonomy":"product_tag","embeddable":true,"href":"https:\/\/roveyayinevi.com.tr\/index.php\/wp-json\/wp\/v2\/product_tag?post=716479"}],"curies":[{"name":"wp","href":"https:\/\/api.w.org\/{rel}","templated":true}]}}