{"id":716478,"date":"2025-08-27T17:43:15","date_gmt":"2025-08-27T14:43:15","guid":{"rendered":"https:\/\/roveyayinevi.com.tr\/index.php\/urun\/doctor-who-dehset-agi-cep-boy\/"},"modified":"2026-04-16T02:24:39","modified_gmt":"2026-04-15T23:24:39","slug":"doctor-who-dehset-agi-cep-boy","status":"publish","type":"product","link":"https:\/\/roveyayinevi.com.tr\/index.php\/urun\/doctor-who-dehset-agi-cep-boy\/","title":{"rendered":"Doctor Who -Deh\u015fet A\u011f\u0131 (Cep Boy)"},"content":{"rendered":"<p>\u201cDaha b\u00fcy\u00fck bir b\u00f6cek g\u00f6rece\u011finizi hi\u00e7 sanm\u0131yorum.&#8221; Doktor bu kez, \u0130ngiltere&#8217;nin Wiltshire kasabas\u0131n\u0131n b\u00fct\u00fcn sakinli\u011fi aras\u0131nda II. D\u00fcnya Sava\u015f\u0131&#8217;ndan kalma bir gizemi aralamaya g\u00f6t\u00fcren esrarengiz ve \u00fcrk\u00fct\u00fcc\u00fc maceras\u0131yla kar\u015f\u0131n\u0131zda! Gabby Nichols o\u011flunu uyuturken aniden k\u0131z\u0131n\u0131n ba\u011f\u0131r\u0131\u015f\u0131n\u0131 duyar. &#8220;Anne! Odamda bir \u00f6r\u00fcmcek var.&#8221; Ve birden \u00e7\u0131\u011fl\u0131klar ba\u015flar\u2026 Kevin Alperton okula giderken b\u00fcy\u00fck bir sivrisinek taraf\u0131ndan sald\u0131r\u0131ya u\u011frar. Ve i\u015fler tehlikeli bir hal al\u0131r. Yine de Doktor&#8217;u as\u0131l endi\u015felendiren ne koca bir \u00f6r\u00fcmcek a\u011f\u0131 yuma\u011f\u0131yla kozalanm\u0131\u015f \u00f6l\u00fc bir ceset ne de mutasyona u\u011fram\u0131\u015f b\u00f6cek s\u00fcr\u00fcs\u00fcd\u00fcr. Kasaban\u0131n d\u0131\u015f d\u00fcnya ile b\u00fct\u00fcn ba\u011flant\u0131lar\u0131n\u0131n kesilmesinin ve b\u00f6ceklerin yava\u015f\u00e7a kontrol\u00fc ele ge\u00e7irmesinin \u00f6n\u00fcne ge\u00e7ilebilecek mi? Antik bir ta\u015f \u00e7emberdeki tuhaf semboller ne anlama gelmekte? K\u00f6k\u00fc II. D\u00fcnya Sava\u015f\u0131&#8217;na dayanan bu gizem \u00e7\u00f6z\u00fclebilecek mi? <\/p>\n","protected":false},"excerpt":{"rendered":"<p>\u201cDaha b\u00fcy\u00fck bir b\u00f6cek g\u00f6rece\u011finizi hi\u00e7 sanm\u0131yorum.&#8221; Doktor bu kez, \u0130ngiltere&#8217;nin Wiltshire kasabas\u0131n\u0131n b\u00fct\u00fcn sakinli\u011fi aras\u0131nda II. D\u00fcnya Sava\u015f\u0131&#8217;ndan kalma bir gizemi aralamaya g\u00f6t\u00fcren esrarengiz ve<span class=\"excerpt-hellip\"> [\u2026]<\/span><\/p>\n","protected":false},"featured_media":0,"template":"","meta":{"_monsterinsights_skip_tracking":false,"_monsterinsights_sitenote_active":false,"_monsterinsights_sitenote_note":"","_monsterinsights_sitenote_category":0},"product_brand":[],"product_cat":[12540,12291],"product_tag":[],"class_list":{"0":"post-716478","1":"product","2":"type-product","3":"status-publish","5":"product_cat-bilim-kurgu","6":"product_cat-edebiyat","7":"pa_cilt-ciltsiz","8":"pa_tur-kitap","9":"pa_yayinevi-ithaki-yayinlari","10":"pa_yazar-mike-tucker","12":"first","13":"instock","14":"sale","15":"shipping-taxable","16":"purchasable","17":"product-type-simple"},"_links":{"self":[{"href":"https:\/\/roveyayinevi.com.tr\/index.php\/wp-json\/wp\/v2\/product\/716478","targetHints":{"allow":["GET"]}}],"collection":[{"href":"https:\/\/roveyayinevi.com.tr\/index.php\/wp-json\/wp\/v2\/product"}],"about":[{"href":"https:\/\/roveyayinevi.com.tr\/index.php\/wp-json\/wp\/v2\/types\/product"}],"wp:attachment":[{"href":"https:\/\/roveyayinevi.com.tr\/index.php\/wp-json\/wp\/v2\/media?parent=716478"}],"wp:term":[{"taxonomy":"product_brand","embeddable":true,"href":"https:\/\/roveyayinevi.com.tr\/index.php\/wp-json\/wp\/v2\/product_brand?post=716478"},{"taxonomy":"product_cat","embeddable":true,"href":"https:\/\/roveyayinevi.com.tr\/index.php\/wp-json\/wp\/v2\/product_cat?post=716478"},{"taxonomy":"product_tag","embeddable":true,"href":"https:\/\/roveyayinevi.com.tr\/index.php\/wp-json\/wp\/v2\/product_tag?post=716478"}],"curies":[{"name":"wp","href":"https:\/\/api.w.org\/{rel}","templated":true}]}}