{"id":716477,"date":"2025-08-27T17:43:14","date_gmt":"2025-08-27T14:43:14","guid":{"rendered":"https:\/\/roveyayinevi.com.tr\/index.php\/urun\/karanlik-orman-dunyanin-gecmisi-2\/"},"modified":"2026-04-16T02:24:39","modified_gmt":"2026-04-15T23:24:39","slug":"karanlik-orman-dunyanin-gecmisi-2","status":"publish","type":"product","link":"https:\/\/roveyayinevi.com.tr\/index.php\/urun\/karanlik-orman-dunyanin-gecmisi-2\/","title":{"rendered":"Karanl\u0131k Orman: D\u00fcnyan\u0131n Ge\u00e7mi\u015fi 2"},"content":{"rendered":"<p>\u00dc\u00e7 Cisim Problemi\u2019nin devam kitab\u0131 Karanl\u0131k Orman ile D\u00fcnya\u2019y\u0131 bekleyen tehlike giderek yakla\u015f\u0131yor.   D\u00f6rt as\u0131r sonra D\u00fcnya\u2019y\u0131 i\u015fgal edecek olan \u00dc\u00e7 Cisimliler\u2019e kar\u015f\u0131 haz\u0131rl\u0131klar t\u00fcm h\u0131z\u0131yla s\u00fcrmektedir. Gezegene yollad\u0131klar\u0131 sophonlarla teknolojinin ilerlemesini engellemeye \u00e7al\u0131\u015fan bu geli\u015fmi\u015f uygarl\u0131\u011fa ve D\u00fcnya\u2019da onlarla ileti\u015fim halinde olan \u00dc\u00e7 Cisim \u00d6rg\u00fct\u00fc\u2019ne kar\u015f\u0131 insanlar son umut olarak Wallfacer Projesi\u2019ni ba\u015flat\u0131rlar.   \u0130nsanlar, uzak bir galaksiden giderek yakla\u015fan k\u0131yametlerinden kurtulabilecekler midir?   \u201cKaranl\u0131k Orman\u2019da yepyeni ve ak\u0131l almaz fikirlerle kar\u015f\u0131la\u015facaks\u0131n\u0131z.\u201d David Brin <\/p>\n","protected":false},"excerpt":{"rendered":"<p>\u00dc\u00e7 Cisim Problemi\u2019nin devam kitab\u0131 Karanl\u0131k Orman ile D\u00fcnya\u2019y\u0131 bekleyen tehlike giderek yakla\u015f\u0131yor. D\u00f6rt as\u0131r sonra D\u00fcnya\u2019y\u0131 i\u015fgal edecek olan \u00dc\u00e7 Cisimliler\u2019e kar\u015f\u0131 haz\u0131rl\u0131klar t\u00fcm h\u0131z\u0131yla<span class=\"excerpt-hellip\"> [\u2026]<\/span><\/p>\n","protected":false},"featured_media":0,"template":"","meta":{"_monsterinsights_skip_tracking":false,"_monsterinsights_sitenote_active":false,"_monsterinsights_sitenote_note":"","_monsterinsights_sitenote_category":0},"product_brand":[],"product_cat":[12540,12291],"product_tag":[],"class_list":{"0":"post-716477","1":"product","2":"type-product","3":"status-publish","5":"product_cat-bilim-kurgu","6":"product_cat-edebiyat","7":"pa_cilt-ciltsiz","8":"pa_tur-kitap","9":"pa_yayinevi-ithaki-yayinlari","10":"pa_yazar-cixin-liu","12":"first","13":"instock","14":"sale","15":"shipping-taxable","16":"purchasable","17":"product-type-simple"},"_links":{"self":[{"href":"https:\/\/roveyayinevi.com.tr\/index.php\/wp-json\/wp\/v2\/product\/716477","targetHints":{"allow":["GET"]}}],"collection":[{"href":"https:\/\/roveyayinevi.com.tr\/index.php\/wp-json\/wp\/v2\/product"}],"about":[{"href":"https:\/\/roveyayinevi.com.tr\/index.php\/wp-json\/wp\/v2\/types\/product"}],"wp:attachment":[{"href":"https:\/\/roveyayinevi.com.tr\/index.php\/wp-json\/wp\/v2\/media?parent=716477"}],"wp:term":[{"taxonomy":"product_brand","embeddable":true,"href":"https:\/\/roveyayinevi.com.tr\/index.php\/wp-json\/wp\/v2\/product_brand?post=716477"},{"taxonomy":"product_cat","embeddable":true,"href":"https:\/\/roveyayinevi.com.tr\/index.php\/wp-json\/wp\/v2\/product_cat?post=716477"},{"taxonomy":"product_tag","embeddable":true,"href":"https:\/\/roveyayinevi.com.tr\/index.php\/wp-json\/wp\/v2\/product_tag?post=716477"}],"curies":[{"name":"wp","href":"https:\/\/api.w.org\/{rel}","templated":true}]}}