{"id":716475,"date":"2025-08-27T17:43:13","date_gmt":"2025-08-27T14:43:13","guid":{"rendered":"https:\/\/roveyayinevi.com.tr\/index.php\/urun\/50-maddede-hitler-ve-naziler\/"},"modified":"2026-04-16T02:24:39","modified_gmt":"2026-04-15T23:24:39","slug":"50-maddede-hitler-ve-naziler","status":"publish","type":"product","link":"https:\/\/roveyayinevi.com.tr\/index.php\/urun\/50-maddede-hitler-ve-naziler\/","title":{"rendered":"50 Maddede Hitler ve Naziler"},"content":{"rendered":"<p>Hitler\u2019in Yahudi d\u00fc\u015fmanl\u0131\u011f\u0131 nas\u0131l ba\u015flad\u0131? Nazi sembol\u00fc nas\u0131l ortaya \u00e7\u0131kt\u0131? Hitler\u2019in \u0131rk tak\u0131nt\u0131s\u0131, okul y\u0131llar\u0131, ilk a\u015fk\u0131, ressam olma hayali, arabalar\u0131, k\u00f6pe\u011fi, askerlikten ka\u00e7\u0131\u015f\u0131, sigara kar\u015f\u0131tl\u0131\u011f\u0131, vejetaryenli\u011fi, zay\u0131fl\u0131klar\u0131, kompleksleri&#8230; Nazilerin sanat ya\u011fmas\u0131, ilk Nazi k\u00f6y enstit\u00fcleri, Nazi mimarisi&#8230; Yahudi, \u00c7ingene, zihinsel ya da fiziksel engelli milyonlarca insan\u0131n kan\u0131yla b\u00fcy\u00fcyen bir canavar ve onun e\u015flik\u00e7ileri, tarihe b\u0131rakt\u0131klar\u0131 devasa mezarl\u0131\u011f\u0131 nas\u0131l kazd\u0131lar? Adolf Hitler\u2019in \u00e7ocuklu\u011fundan \u00f6l\u00fcm\u00fcne dek kendisiyle birlikte b\u00fcy\u00fcyen h\u0131rs\u0131, nefreti, zevkleri, al\u0131\u015fkanl\u0131klar\u0131, hali tavr\u0131 ve sad\u0131k piyonlar\u0131, 50 maddeye dizildiler ve ortaya \u00f6zet niteli\u011finde bir tablo \u00e7\u0131kard\u0131lar. <\/p>\n","protected":false},"excerpt":{"rendered":"<p>Hitler\u2019in Yahudi d\u00fc\u015fmanl\u0131\u011f\u0131 nas\u0131l ba\u015flad\u0131? Nazi sembol\u00fc nas\u0131l ortaya \u00e7\u0131kt\u0131? Hitler\u2019in \u0131rk tak\u0131nt\u0131s\u0131, okul y\u0131llar\u0131, ilk a\u015fk\u0131, ressam olma hayali, arabalar\u0131, k\u00f6pe\u011fi, askerlikten ka\u00e7\u0131\u015f\u0131, sigara kar\u015f\u0131tl\u0131\u011f\u0131,<span class=\"excerpt-hellip\"> [\u2026]<\/span><\/p>\n","protected":false},"featured_media":0,"template":"","meta":{"_monsterinsights_skip_tracking":false,"_monsterinsights_sitenote_active":false,"_monsterinsights_sitenote_note":"","_monsterinsights_sitenote_category":0},"product_brand":[],"product_cat":[12370,12304],"product_tag":[],"class_list":{"0":"post-716475","1":"product","2":"type-product","3":"status-publish","5":"product_cat-arastirma-inceleme","6":"product_cat-tarih","7":"pa_cilt-ciltsiz","8":"pa_tur-kitap","9":"pa_yayinevi-kara-karga-yayinlari","10":"pa_yazar-aksel-akerman","12":"first","13":"instock","14":"sale","15":"shipping-taxable","16":"purchasable","17":"product-type-simple"},"_links":{"self":[{"href":"https:\/\/roveyayinevi.com.tr\/index.php\/wp-json\/wp\/v2\/product\/716475","targetHints":{"allow":["GET"]}}],"collection":[{"href":"https:\/\/roveyayinevi.com.tr\/index.php\/wp-json\/wp\/v2\/product"}],"about":[{"href":"https:\/\/roveyayinevi.com.tr\/index.php\/wp-json\/wp\/v2\/types\/product"}],"wp:attachment":[{"href":"https:\/\/roveyayinevi.com.tr\/index.php\/wp-json\/wp\/v2\/media?parent=716475"}],"wp:term":[{"taxonomy":"product_brand","embeddable":true,"href":"https:\/\/roveyayinevi.com.tr\/index.php\/wp-json\/wp\/v2\/product_brand?post=716475"},{"taxonomy":"product_cat","embeddable":true,"href":"https:\/\/roveyayinevi.com.tr\/index.php\/wp-json\/wp\/v2\/product_cat?post=716475"},{"taxonomy":"product_tag","embeddable":true,"href":"https:\/\/roveyayinevi.com.tr\/index.php\/wp-json\/wp\/v2\/product_tag?post=716475"}],"curies":[{"name":"wp","href":"https:\/\/api.w.org\/{rel}","templated":true}]}}