{"id":716472,"date":"2025-08-27T17:43:11","date_gmt":"2025-08-27T14:43:11","guid":{"rendered":"https:\/\/roveyayinevi.com.tr\/index.php\/urun\/gunumuzde-totemizm\/"},"modified":"2026-04-16T02:24:39","modified_gmt":"2026-04-15T23:24:39","slug":"gunumuzde-totemizm","status":"publish","type":"product","link":"https:\/\/roveyayinevi.com.tr\/index.php\/urun\/gunumuzde-totemizm\/","title":{"rendered":"G\u00fcn\u00fcm\u00fczde Totemizm"},"content":{"rendered":"<p>\u201cTotemizm histeriye benzer. Baz\u0131 olgular\u0131n geli\u015fig\u00fczel yal\u0131t\u0131l\u0131p, bir hastal\u0131\u011f\u0131n veya nesnel bir kurumun tan\u0131lay\u0131c\u0131 i\u015faretleri olarak grupland\u0131r\u0131labilece\u011finden ku\u015fku duymaya bir kez ikna olunca, bu i\u015faretlerin kendileri ya ortadan kaybolur ya da herhangi bir tektiple\u015ftirici yoruma diren\u00e7 g\u00f6sterecek \u015fekilde ortaya \u00e7\u0131kar.\u201d \u00dcnl\u00fc antropolog ClaudeL\u00e9vi-Strauss\u2019un ilk kez 1962\u2019de yay\u0131mlanan eseri G\u00fcn\u00fcm\u00fczde Totemizm, antropoloji alan\u0131nda bir d\u00f6n\u00fcm noktas\u0131 say\u0131l\u0131r. L\u00e9vi-Strauss, yaln\u0131z totemizm kavram\u0131n\u0131 in\u015fa eden ta\u015flar\u0131 bir bir s\u00f6kmekle kalmaz, ayn\u0131 zamanda evrimci yakla\u015f\u0131m\u0131n \u00fczerini \u00e7izerek yeni bir yap\u0131salc\u0131 paradigman\u0131n olu\u015fumuna vesile olur.   <\/p>\n","protected":false},"excerpt":{"rendered":"<p>\u201cTotemizm histeriye benzer. Baz\u0131 olgular\u0131n geli\u015fig\u00fczel yal\u0131t\u0131l\u0131p, bir hastal\u0131\u011f\u0131n veya nesnel bir kurumun tan\u0131lay\u0131c\u0131 i\u015faretleri olarak grupland\u0131r\u0131labilece\u011finden ku\u015fku duymaya bir kez ikna olunca, bu i\u015faretlerin kendileri<span class=\"excerpt-hellip\"> [\u2026]<\/span><\/p>\n","protected":false},"featured_media":0,"template":"","meta":{"_monsterinsights_skip_tracking":false,"_monsterinsights_sitenote_active":false,"_monsterinsights_sitenote_note":"","_monsterinsights_sitenote_category":0},"product_brand":[],"product_cat":[12389,12388],"product_tag":[],"class_list":{"0":"post-716472","1":"product","2":"type-product","3":"status-publish","5":"product_cat-diger-felsefe","6":"product_cat-felsefe","7":"pa_cilt-ciltsiz","8":"pa_tur-kitap","9":"pa_yayinevi-nora-kitap","10":"pa_yazar-claude-levi-strauss","12":"first","13":"instock","14":"sale","15":"shipping-taxable","16":"purchasable","17":"product-type-simple"},"_links":{"self":[{"href":"https:\/\/roveyayinevi.com.tr\/index.php\/wp-json\/wp\/v2\/product\/716472","targetHints":{"allow":["GET"]}}],"collection":[{"href":"https:\/\/roveyayinevi.com.tr\/index.php\/wp-json\/wp\/v2\/product"}],"about":[{"href":"https:\/\/roveyayinevi.com.tr\/index.php\/wp-json\/wp\/v2\/types\/product"}],"wp:attachment":[{"href":"https:\/\/roveyayinevi.com.tr\/index.php\/wp-json\/wp\/v2\/media?parent=716472"}],"wp:term":[{"taxonomy":"product_brand","embeddable":true,"href":"https:\/\/roveyayinevi.com.tr\/index.php\/wp-json\/wp\/v2\/product_brand?post=716472"},{"taxonomy":"product_cat","embeddable":true,"href":"https:\/\/roveyayinevi.com.tr\/index.php\/wp-json\/wp\/v2\/product_cat?post=716472"},{"taxonomy":"product_tag","embeddable":true,"href":"https:\/\/roveyayinevi.com.tr\/index.php\/wp-json\/wp\/v2\/product_tag?post=716472"}],"curies":[{"name":"wp","href":"https:\/\/api.w.org\/{rel}","templated":true}]}}