{"id":716470,"date":"2025-08-27T17:43:09","date_gmt":"2025-08-27T14:43:09","guid":{"rendered":"https:\/\/roveyayinevi.com.tr\/index.php\/urun\/kole-intikam\/"},"modified":"2026-04-16T02:24:39","modified_gmt":"2026-04-15T23:24:39","slug":"kole-intikam","status":"publish","type":"product","link":"https:\/\/roveyayinevi.com.tr\/index.php\/urun\/kole-intikam\/","title":{"rendered":"K\u00f6le &#8211; \u0130ntikam"},"content":{"rendered":"<p>Ge\u00e7mi\u015f intikamla g\u00f6lgeler gelece\u011fi&#8230; Masallardaki \u201cSonsuza dek mutlu ya\u015fad\u0131lar\u201defsanesinin ard\u0131ndaki vah\u015fetin kuca\u011f\u0131na do\u011fmu\u015ftu.Biliyordu\u2026So\u011fuk bir gecede y\u00fcrekleri par\u00e7a par\u00e7a edenbir k\u0131y\u0131m\u0131n koynundan ka\u00e7m\u0131\u015ft\u0131.Sarmaland\u0131, sevgiyle ve \u015fefkatle sak\u0131n\u0131ld\u0131 t\u00fcm g\u00f6zlerden.\u0130\u00e7ten i\u00e7e sab\u0131rla merhameti \u00f6ld\u00fcrerek b\u00fcy\u00fcd\u00fc.T\u0131pk\u0131 intikam\u0131n do\u011fdu\u011fu o lanet g\u00fcn gibi,gitti\u011fi her yere buz gibi k\u0131\u015f\u0131 getirdi.Kendi bile \u00fc\u015f\u00fcd\u00fc ama hi\u00e7 unutmad\u0131.\u0130ntikam h\u0131rs\u0131 bir \u00e7\u0131\u011f gibi b\u00fcy\u00fcd\u00fc i\u00e7inde.Ta ki saklanacak bir yer kalmayana kadar\u2026<\/p>\n","protected":false},"excerpt":{"rendered":"<p>Ge\u00e7mi\u015f intikamla g\u00f6lgeler gelece\u011fi&#8230; Masallardaki \u201cSonsuza dek mutlu ya\u015fad\u0131lar\u201defsanesinin ard\u0131ndaki vah\u015fetin kuca\u011f\u0131na do\u011fmu\u015ftu.Biliyordu\u2026So\u011fuk bir gecede y\u00fcrekleri par\u00e7a par\u00e7a edenbir k\u0131y\u0131m\u0131n koynundan ka\u00e7m\u0131\u015ft\u0131.Sarmaland\u0131, sevgiyle ve \u015fefkatle sak\u0131n\u0131ld\u0131<span class=\"excerpt-hellip\"> [\u2026]<\/span><\/p>\n","protected":false},"featured_media":0,"template":"","meta":{"_monsterinsights_skip_tracking":false,"_monsterinsights_sitenote_active":false,"_monsterinsights_sitenote_note":"","_monsterinsights_sitenote_category":0},"product_brand":[],"product_cat":[12291,12711],"product_tag":[],"class_list":{"0":"post-716470","1":"product","2":"type-product","3":"status-publish","5":"product_cat-edebiyat","6":"product_cat-roman-oyku","7":"pa_cilt-ciltsiz","8":"pa_tur-kitap","9":"pa_yayinevi-indigo-kitap","10":"pa_yazar-isil-parlakyildiz","12":"first","13":"instock","14":"sale","15":"shipping-taxable","16":"purchasable","17":"product-type-simple"},"_links":{"self":[{"href":"https:\/\/roveyayinevi.com.tr\/index.php\/wp-json\/wp\/v2\/product\/716470","targetHints":{"allow":["GET"]}}],"collection":[{"href":"https:\/\/roveyayinevi.com.tr\/index.php\/wp-json\/wp\/v2\/product"}],"about":[{"href":"https:\/\/roveyayinevi.com.tr\/index.php\/wp-json\/wp\/v2\/types\/product"}],"wp:attachment":[{"href":"https:\/\/roveyayinevi.com.tr\/index.php\/wp-json\/wp\/v2\/media?parent=716470"}],"wp:term":[{"taxonomy":"product_brand","embeddable":true,"href":"https:\/\/roveyayinevi.com.tr\/index.php\/wp-json\/wp\/v2\/product_brand?post=716470"},{"taxonomy":"product_cat","embeddable":true,"href":"https:\/\/roveyayinevi.com.tr\/index.php\/wp-json\/wp\/v2\/product_cat?post=716470"},{"taxonomy":"product_tag","embeddable":true,"href":"https:\/\/roveyayinevi.com.tr\/index.php\/wp-json\/wp\/v2\/product_tag?post=716470"}],"curies":[{"name":"wp","href":"https:\/\/api.w.org\/{rel}","templated":true}]}}