{"id":716463,"date":"2025-08-27T17:43:04","date_gmt":"2025-08-27T14:43:04","guid":{"rendered":"https:\/\/roveyayinevi.com.tr\/index.php\/urun\/yks-paragraf-25-eser-25-deneme\/"},"modified":"2026-04-07T02:31:39","modified_gmt":"2026-04-06T23:31:39","slug":"yks-paragraf-25-eser-25-deneme","status":"publish","type":"product","link":"https:\/\/roveyayinevi.com.tr\/index.php\/urun\/yks-paragraf-25-eser-25-deneme\/","title":{"rendered":"YKS Paragraf 25 Eser 25 Deneme"},"content":{"rendered":"<p>Sevgili Arkada\u015flar, Bu kitapta sizler i\u00e7in \u00d6SYM sorular\u0131n\u0131 temel alarak farkl\u0131 bir \u00e7al\u0131\u015fma haz\u0131rlad\u0131k. 25 denemeyi, hakk\u0131nda fikir sahibi olman\u0131z\u0131n do\u011fru olaca\u011f\u0131na inand\u0131\u011f\u0131m\u0131z 25 farkl\u0131 roman t\u00fcr\u00fcnden olu\u015fturduk. Her deneme bir kitab\u0131n i\u00e7eri\u011finden haz\u0131rlanan sorulardan olu\u015fuyor. \u00c7\u00fcnk\u00fc biliyoruz ki bu tempo i\u00e7inde kendinize zaman ay\u0131ram\u0131yorsunuz ama bilmenizi isteriz ki hayat sadece s\u0131navdan ibaret de\u011fil. Hayat boyu elinizden d\u00fc\u015f\u00fcrmeyece\u011finiz ve sizi anlatan bir kitab\u0131n\u0131z olmal\u0131, sizi se\u00e7ti\u011finiz kitaplar anlatmal\u0131. Haz\u0131rlad\u0131\u011f\u0131m\u0131z sorular\u0131 \u00e7\u00f6zerken inceleyin, hangi t\u00fcr\u00fcn ilginizi \u00e7ekti\u011fine karar vermeye \u00e7al\u0131\u015f\u0131n \u00e7\u00fcnk\u00fc ifade g\u00fcc\u00fc okumakla geli\u015fir. Hangi meslekte olursan\u0131z olun ifade g\u00fcc\u00fc y\u00fcksek olmayan bir bireyin ya\u015fam ba\u015far\u0131s\u0131 y\u00fcksek olmayacakt\u0131r.<\/p>\n","protected":false},"excerpt":{"rendered":"<p>Sevgili Arkada\u015flar, Bu kitapta sizler i\u00e7in \u00d6SYM sorular\u0131n\u0131 temel alarak farkl\u0131 bir \u00e7al\u0131\u015fma haz\u0131rlad\u0131k. 25 denemeyi, hakk\u0131nda fikir sahibi olman\u0131z\u0131n do\u011fru olaca\u011f\u0131na inand\u0131\u011f\u0131m\u0131z 25 farkl\u0131 roman<span class=\"excerpt-hellip\"> [\u2026]<\/span><\/p>\n","protected":false},"featured_media":0,"template":"","meta":{"_monsterinsights_skip_tracking":false,"_monsterinsights_sitenote_active":false,"_monsterinsights_sitenote_note":"","_monsterinsights_sitenote_category":0},"product_brand":[],"product_cat":[12566,13473],"product_tag":[],"class_list":{"0":"post-716463","1":"product","2":"type-product","3":"status-publish","5":"product_cat-egitim","6":"product_cat-sinavlara-hazirlik-okula-yardimci-kaynaklar","7":"pa_cilt-ciltsiz","8":"pa_tur-kitap","9":"pa_yayinevi-delta-kultur-yayinevi","10":"pa_yazar-ilgi-tuzkaya","12":"first","13":"instock","14":"sale","15":"shipping-taxable","16":"purchasable","17":"product-type-simple"},"_links":{"self":[{"href":"https:\/\/roveyayinevi.com.tr\/index.php\/wp-json\/wp\/v2\/product\/716463","targetHints":{"allow":["GET"]}}],"collection":[{"href":"https:\/\/roveyayinevi.com.tr\/index.php\/wp-json\/wp\/v2\/product"}],"about":[{"href":"https:\/\/roveyayinevi.com.tr\/index.php\/wp-json\/wp\/v2\/types\/product"}],"wp:attachment":[{"href":"https:\/\/roveyayinevi.com.tr\/index.php\/wp-json\/wp\/v2\/media?parent=716463"}],"wp:term":[{"taxonomy":"product_brand","embeddable":true,"href":"https:\/\/roveyayinevi.com.tr\/index.php\/wp-json\/wp\/v2\/product_brand?post=716463"},{"taxonomy":"product_cat","embeddable":true,"href":"https:\/\/roveyayinevi.com.tr\/index.php\/wp-json\/wp\/v2\/product_cat?post=716463"},{"taxonomy":"product_tag","embeddable":true,"href":"https:\/\/roveyayinevi.com.tr\/index.php\/wp-json\/wp\/v2\/product_tag?post=716463"}],"curies":[{"name":"wp","href":"https:\/\/api.w.org\/{rel}","templated":true}]}}