{"id":716456,"date":"2025-08-27T17:42:59","date_gmt":"2025-08-27T14:42:59","guid":{"rendered":"https:\/\/roveyayinevi.com.tr\/index.php\/urun\/cocuktaki-bahce\/"},"modified":"2026-04-16T02:24:39","modified_gmt":"2026-04-15T23:24:39","slug":"cocuktaki-bahce","status":"publish","type":"product","link":"https:\/\/roveyayinevi.com.tr\/index.php\/urun\/cocuktaki-bahce\/","title":{"rendered":"\u00c7ocuktaki Bah\u00e7e"},"content":{"rendered":"<p>Roman ve \u00f6yk\u00fclerinde dilin s\u0131n\u0131rlar\u0131n\u0131 zorlayarak, Bilge Karasu ile birlikte \u201c\u0130kinci Yeni\u201d \u015fairlerinin geni\u015fletti\u011fi yolu a\u00e7an yazarlardan Feyyaz Kayacan (1919-1993). Kayacan\u2019\u0131n hayattayken yay\u0131mlad\u0131\u011f\u0131 son \u201cd\u00fczyaz\u0131\u201d metni \u00c7ocuktaki Bah\u00e7e. Ayn\u0131 zamanda tek roman\u0131. Yelde\u011firmeni mahallesinin k\u00f6\u015fesine s\u0131k\u0131\u015fm\u0131\u015f bir pa\u015fa kona\u011f\u0131. Bu kona\u011f\u0131n \u201cpencere\u201dsinden d\u00fcnyay\u0131 izleyen bir \u00e7ocuk. Ve onun an\u0131lar\u0131n\u0131n dehlizlerinde s\u0131rad\u0131\u015f\u0131 bir gezinti \u00c7ocuktaki Bah\u00e7e. Asl\u0131nda \u201c\u015fi\u015fedeki \u00e7ocuk\u201dun dilinden imgelerle dolu  bir harikalar diyar\u0131.Kendi ifadesiyle \u201cbir yan\u0131 meddah bir yan\u0131 Kafka\u201d dedi\u011fi roman\u0131nda Feyyaz Kayacan, Kapal\u0131\u00e7ar\u015f\u0131\u2019ya ta\u015f \u00e7\u0131karacak denli renkli dili, ironisi, okurunu hayran b\u0131rakan yenilik\u00e7i \u201cbi\u00e7im\u201d bulu\u015flar\u0131, hi\u00e7bir zaman eskimeyecek bir T\u00fcrk\u00e7e \u015f\u00f6lenine imza at\u0131yor. Ne mutlu onu okuyacak olana! <\/p>\n","protected":false},"excerpt":{"rendered":"<p>Roman ve \u00f6yk\u00fclerinde dilin s\u0131n\u0131rlar\u0131n\u0131 zorlayarak, Bilge Karasu ile birlikte \u201c\u0130kinci Yeni\u201d \u015fairlerinin geni\u015fletti\u011fi yolu a\u00e7an yazarlardan Feyyaz Kayacan (1919-1993). Kayacan\u2019\u0131n hayattayken yay\u0131mlad\u0131\u011f\u0131 son \u201cd\u00fczyaz\u0131\u201d metni<span class=\"excerpt-hellip\"> [\u2026]<\/span><\/p>\n","protected":false},"featured_media":0,"template":"","meta":{"_monsterinsights_skip_tracking":false,"_monsterinsights_sitenote_active":false,"_monsterinsights_sitenote_note":"","_monsterinsights_sitenote_category":0},"product_brand":[],"product_cat":[12291,12292],"product_tag":[],"class_list":{"0":"post-716456","1":"product","2":"type-product","3":"status-publish","5":"product_cat-edebiyat","6":"product_cat-turk-edebiyati","7":"pa_cilt-ciltsiz","8":"pa_tur-kitap","9":"pa_yayinevi-kirmizi-kedi-yayinevi","10":"pa_yazar-feyyaz-kayacan","12":"first","13":"instock","14":"sale","15":"shipping-taxable","16":"purchasable","17":"product-type-simple"},"_links":{"self":[{"href":"https:\/\/roveyayinevi.com.tr\/index.php\/wp-json\/wp\/v2\/product\/716456","targetHints":{"allow":["GET"]}}],"collection":[{"href":"https:\/\/roveyayinevi.com.tr\/index.php\/wp-json\/wp\/v2\/product"}],"about":[{"href":"https:\/\/roveyayinevi.com.tr\/index.php\/wp-json\/wp\/v2\/types\/product"}],"wp:attachment":[{"href":"https:\/\/roveyayinevi.com.tr\/index.php\/wp-json\/wp\/v2\/media?parent=716456"}],"wp:term":[{"taxonomy":"product_brand","embeddable":true,"href":"https:\/\/roveyayinevi.com.tr\/index.php\/wp-json\/wp\/v2\/product_brand?post=716456"},{"taxonomy":"product_cat","embeddable":true,"href":"https:\/\/roveyayinevi.com.tr\/index.php\/wp-json\/wp\/v2\/product_cat?post=716456"},{"taxonomy":"product_tag","embeddable":true,"href":"https:\/\/roveyayinevi.com.tr\/index.php\/wp-json\/wp\/v2\/product_tag?post=716456"}],"curies":[{"name":"wp","href":"https:\/\/api.w.org\/{rel}","templated":true}]}}