{"id":716455,"date":"2025-08-27T17:42:58","date_gmt":"2025-08-27T14:42:58","guid":{"rendered":"https:\/\/roveyayinevi.com.tr\/index.php\/urun\/dil-ve-kultur\/"},"modified":"2026-04-16T02:24:39","modified_gmt":"2026-04-15T23:24:39","slug":"dil-ve-kultur","status":"publish","type":"product","link":"https:\/\/roveyayinevi.com.tr\/index.php\/urun\/dil-ve-kultur\/","title":{"rendered":"Dil ve K\u00fclt\u00fcr"},"content":{"rendered":"<p>1953\u2019te, bir deniz kazas\u0131 sonucu ya\u015fama veda etmi\u015fti Suat Yakup Baydur. Hen\u00fcz 41 ya\u015f\u0131ndayd\u0131\u2026 Ku\u015fa\u011f\u0131n\u0131n parlak akademisyenlerinden ve daha \u00f6nemlisi en donan\u0131ml\u0131 ayd\u0131nlar\u0131ndand\u0131. Filolog ve felsefeciydi. Antik \u00e7a\u011fdan Aristoteles, Platon, Solon, Hesiodos ve \u00e7a\u011fda\u015f\u0131 Walter Kranz, Peterich Eckhart, Clemens Brentano gibi isimlerin eserlerini \u00f6zg\u00fcn dilinden T\u00fcrk\u00e7eye \u00e7evirmi\u015fti. Onun dil ve T\u00fcrk\u00e7e \u00fczerine s\u00f6yledikleri h\u00e2l\u00e2 ge\u00e7erlili\u011fini korudu\u011fu gibi, sundu\u011fu \u00f6neriler dikkate al\u0131nsayd\u0131, bug\u00fcn bamba\u015fka bir k\u00fclt\u00fcr ortam\u0131nda olacakt\u0131k&#8230; Hasan \u00c2li Y\u00fccel\u2019in \u201cPlaton\u2019un akademisinde okumu\u015f antik \u00e7a\u011f filozofu gibiydi. T\u00fcrk k\u00fclt\u00fcr\u00fcn\u00fcn bug\u00fcn\u00fc ve gelece\u011fi i\u00e7in \u00f6ne s\u00fcr\u00fclm\u00fc\u015f yanl\u0131\u015f d\u00fc\u015f\u00fcncelere kar\u015f\u0131 \u00e7\u0131kan bir kahramand\u0131,\u201d dedi\u011fi, Haldun Taner\u2019in \u201c\u0130deal T\u00fcrk ayd\u0131n\u0131yd\u0131. Bu \u00fclkenin yeti\u015ftirdi\u011fi se\u00e7me bir de\u011ferdi,\u201d s\u00f6zleriyle and\u0131\u011f\u0131 Suat Yakup Baydur\u2019un dil \u00fczerine \u00e7e\u015fitli makalelerinden olu\u015fan Dil ve K\u00fclt\u00fcr, T\u00fcrk\u00e7e konu\u015fan, yazan, d\u00fc\u015f\u00fcnen herkesi ilgilendirecek yaz\u0131lar i\u00e7eriyor. <\/p>\n","protected":false},"excerpt":{"rendered":"<p>1953\u2019te, bir deniz kazas\u0131 sonucu ya\u015fama veda etmi\u015fti Suat Yakup Baydur. Hen\u00fcz 41 ya\u015f\u0131ndayd\u0131\u2026 Ku\u015fa\u011f\u0131n\u0131n parlak akademisyenlerinden ve daha \u00f6nemlisi en donan\u0131ml\u0131 ayd\u0131nlar\u0131ndand\u0131. Filolog ve felsefeciydi.<span class=\"excerpt-hellip\"> [\u2026]<\/span><\/p>\n","protected":false},"featured_media":0,"template":"","meta":{"_monsterinsights_skip_tracking":false,"_monsterinsights_sitenote_active":false,"_monsterinsights_sitenote_note":"","_monsterinsights_sitenote_category":0},"product_brand":[],"product_cat":[20225,12291],"product_tag":[],"class_list":{"0":"post-716455","1":"product","2":"type-product","3":"status-publish","5":"product_cat-dil-bilim","6":"product_cat-edebiyat","7":"pa_cilt-ciltsiz","8":"pa_tur-kitap","9":"pa_yayinevi-kirmizi-kedi-yayinevi","10":"pa_yazar-suat-yakup-baydur","12":"first","13":"instock","14":"sale","15":"shipping-taxable","16":"purchasable","17":"product-type-simple"},"_links":{"self":[{"href":"https:\/\/roveyayinevi.com.tr\/index.php\/wp-json\/wp\/v2\/product\/716455","targetHints":{"allow":["GET"]}}],"collection":[{"href":"https:\/\/roveyayinevi.com.tr\/index.php\/wp-json\/wp\/v2\/product"}],"about":[{"href":"https:\/\/roveyayinevi.com.tr\/index.php\/wp-json\/wp\/v2\/types\/product"}],"wp:attachment":[{"href":"https:\/\/roveyayinevi.com.tr\/index.php\/wp-json\/wp\/v2\/media?parent=716455"}],"wp:term":[{"taxonomy":"product_brand","embeddable":true,"href":"https:\/\/roveyayinevi.com.tr\/index.php\/wp-json\/wp\/v2\/product_brand?post=716455"},{"taxonomy":"product_cat","embeddable":true,"href":"https:\/\/roveyayinevi.com.tr\/index.php\/wp-json\/wp\/v2\/product_cat?post=716455"},{"taxonomy":"product_tag","embeddable":true,"href":"https:\/\/roveyayinevi.com.tr\/index.php\/wp-json\/wp\/v2\/product_tag?post=716455"}],"curies":[{"name":"wp","href":"https:\/\/api.w.org\/{rel}","templated":true}]}}