{"id":716452,"date":"2025-08-27T17:42:56","date_gmt":"2025-08-27T14:42:56","guid":{"rendered":"https:\/\/roveyayinevi.com.tr\/index.php\/urun\/lehcede-fiiller\/"},"modified":"2026-04-16T02:24:39","modified_gmt":"2026-04-15T23:24:39","slug":"lehcede-fiiller","status":"publish","type":"product","link":"https:\/\/roveyayinevi.com.tr\/index.php\/urun\/lehcede-fiiller\/","title":{"rendered":"Leh\u00e7ede Fiiller"},"content":{"rendered":"<p>Fiiller, Leh\u00e7eyi (Polonya dilini) yabanc\u0131 dil olarak \u00f6\u011frenen ki\u015filerin ilk derslerden itibaren odaklanmalar\u0131 gereken temel konulardan biridir. Leh\u00e7enin t\u00fcmce yap\u0131s\u0131 i\u00e7inde fiillerin zamansal ifadeleri, kendi b\u00fcnyesinde olduk\u00e7a karma\u015f\u0131k \u00f6zelliklere sahip olmas\u0131n\u0131n yan\u0131 s\u0131ra, dil bilgisel cins farkl\u0131l\u0131klar\u0131ndan da etkilenen dil bilgisi kurallar\u0131na ba\u011fl\u0131d\u0131r. Leh\u00e7ede d\u00f6rt t\u00fcr fiil \u00e7ekimi ve \u00fc\u00e7 temel zaman bulunmaktad\u0131r. Bu \u00f6zellikler ilk bak\u0131\u015fta dili \u00f6\u011frenmenin kolay yan\u0131 olarak alg\u0131lanabilir. Ancak, ilerleyen derslerde, Slav dillerinin karakteristik \u00f6zelli\u011fi olarak bilinen, Leh\u00e7e dil bilgisinde ise aspekt (bi\u00e7im) olarak adland\u0131r\u0131lan, fiillere \u00f6zg\u00fc bi\u00e7imsel ve anlamsal i\u015flev farkl\u0131l\u0131klar\u0131n\u0131n ve fiil ba\u015f\u0131na getirilen \u00f6n ekler (prefiksy\/przedrostki) arac\u0131l\u0131\u011f\u0131yla ger\u00e7ekle\u015ftirilen olduk\u00e7a geli\u015fkin d\u00fczeyde bir fiilden fiil t\u00fcretme sisteminin ortaya \u00e7\u0131kmas\u0131; \u00f6zellikle de bu dille yeti\u015fkinlik \u00e7a\u011flar\u0131nda tan\u0131\u015fan \u00f6\u011frencilerde dili \u00f6\u011frenebilme ve do\u011fru bir bi\u00e7imde kullanma yetisi kazanabilme konusunda kayg\u0131lar uyand\u0131rabilmektedir. Fiillerin yukar\u0131da belirtilen dilbilgisel \u00f6zelliklerine ili\u015fkin ayr\u0131nt\u0131l\u0131 bilgiler i\u00e7eren bu kitap, Leh\u00e7eyle ileti\u015fim kurarken fiilleri do\u011fru bir bi\u00e7imde kullanmak ve Leh\u00e7ede fiillerin yap\u0131sal \u00e7e\u015fitlili\u011fini sistematik bir bi\u00e7imde incelemek isteyenler i\u00e7in haz\u0131rlanm\u0131\u015ft\u0131r.<\/p>\n","protected":false},"excerpt":{"rendered":"<p>Fiiller, Leh\u00e7eyi (Polonya dilini) yabanc\u0131 dil olarak \u00f6\u011frenen ki\u015filerin ilk derslerden itibaren odaklanmalar\u0131 gereken temel konulardan biridir. Leh\u00e7enin t\u00fcmce yap\u0131s\u0131 i\u00e7inde fiillerin zamansal ifadeleri, kendi b\u00fcnyesinde<span class=\"excerpt-hellip\"> [\u2026]<\/span><\/p>\n","protected":false},"featured_media":0,"template":"","meta":{"_monsterinsights_skip_tracking":false,"_monsterinsights_sitenote_active":false,"_monsterinsights_sitenote_note":"","_monsterinsights_sitenote_category":0},"product_brand":[],"product_cat":[20225,12291],"product_tag":[],"class_list":{"0":"post-716452","1":"product","2":"type-product","3":"status-publish","5":"product_cat-dil-bilim","6":"product_cat-edebiyat","7":"pa_cilt-ciltsiz","8":"pa_tur-kitap","9":"pa_yayinevi-delta-kultur-yayinevi","10":"pa_yazar-seyyal-korpe-kemer","12":"first","13":"instock","14":"sale","15":"shipping-taxable","16":"purchasable","17":"product-type-simple"},"_links":{"self":[{"href":"https:\/\/roveyayinevi.com.tr\/index.php\/wp-json\/wp\/v2\/product\/716452","targetHints":{"allow":["GET"]}}],"collection":[{"href":"https:\/\/roveyayinevi.com.tr\/index.php\/wp-json\/wp\/v2\/product"}],"about":[{"href":"https:\/\/roveyayinevi.com.tr\/index.php\/wp-json\/wp\/v2\/types\/product"}],"wp:attachment":[{"href":"https:\/\/roveyayinevi.com.tr\/index.php\/wp-json\/wp\/v2\/media?parent=716452"}],"wp:term":[{"taxonomy":"product_brand","embeddable":true,"href":"https:\/\/roveyayinevi.com.tr\/index.php\/wp-json\/wp\/v2\/product_brand?post=716452"},{"taxonomy":"product_cat","embeddable":true,"href":"https:\/\/roveyayinevi.com.tr\/index.php\/wp-json\/wp\/v2\/product_cat?post=716452"},{"taxonomy":"product_tag","embeddable":true,"href":"https:\/\/roveyayinevi.com.tr\/index.php\/wp-json\/wp\/v2\/product_tag?post=716452"}],"curies":[{"name":"wp","href":"https:\/\/api.w.org\/{rel}","templated":true}]}}