{"id":716451,"date":"2025-08-27T17:42:55","date_gmt":"2025-08-27T14:42:55","guid":{"rendered":"https:\/\/roveyayinevi.com.tr\/index.php\/urun\/bir-sevgi-masali\/"},"modified":"2026-04-16T02:24:39","modified_gmt":"2026-04-15T23:24:39","slug":"bir-sevgi-masali","status":"publish","type":"product","link":"https:\/\/roveyayinevi.com.tr\/index.php\/urun\/bir-sevgi-masali\/","title":{"rendered":"Bir Sevgi Masal\u0131"},"content":{"rendered":"<p>\u0130ster yerinde duramayan bir kanguru olun ister tembel tembel yatan bir aslan, ister utanga\u00e7 bir deve ku\u015fu olun ister huysuz bir kedi. Hi\u00e7 fark etmez. \u0130ster hap\u015f\u0131r\u0131n, ister h\u0131\u00e7k\u0131r\u0131n. Sizi sadece tatl\u0131 ve sevimli oldu\u011funuzda de\u011fil, her h\u00e2linizle sevecek biri mutlaka vard\u0131r. Hem de 7 g\u00fcn 24 saat, y\u0131l\u0131n 365 g\u00fcn\u00fc.<\/p>\n","protected":false},"excerpt":{"rendered":"<p>\u0130ster yerinde duramayan bir kanguru olun ister tembel tembel yatan bir aslan, ister utanga\u00e7 bir deve ku\u015fu olun ister huysuz bir kedi. Hi\u00e7 fark etmez. \u0130ster<span class=\"excerpt-hellip\"> [\u2026]<\/span><\/p>\n","protected":false},"featured_media":0,"template":"","meta":{"_monsterinsights_skip_tracking":false,"_monsterinsights_sitenote_active":false,"_monsterinsights_sitenote_note":"","_monsterinsights_sitenote_category":0},"product_brand":[],"product_cat":[12274,12518],"product_tag":[],"class_list":{"0":"post-716451","1":"product","2":"type-product","3":"status-publish","5":"product_cat-cocuk-ve-genclik-kitaplari","6":"product_cat-okul-oncesi-kitaplar","7":"pa_cilt-ciltli","8":"pa_tur-kitap","9":"pa_yayinevi-beyaz-balina-yayinlari","10":"pa_yazar-lori-haskins-houran","12":"first","13":"instock","14":"sale","15":"shipping-taxable","16":"purchasable","17":"product-type-simple"},"_links":{"self":[{"href":"https:\/\/roveyayinevi.com.tr\/index.php\/wp-json\/wp\/v2\/product\/716451","targetHints":{"allow":["GET"]}}],"collection":[{"href":"https:\/\/roveyayinevi.com.tr\/index.php\/wp-json\/wp\/v2\/product"}],"about":[{"href":"https:\/\/roveyayinevi.com.tr\/index.php\/wp-json\/wp\/v2\/types\/product"}],"wp:attachment":[{"href":"https:\/\/roveyayinevi.com.tr\/index.php\/wp-json\/wp\/v2\/media?parent=716451"}],"wp:term":[{"taxonomy":"product_brand","embeddable":true,"href":"https:\/\/roveyayinevi.com.tr\/index.php\/wp-json\/wp\/v2\/product_brand?post=716451"},{"taxonomy":"product_cat","embeddable":true,"href":"https:\/\/roveyayinevi.com.tr\/index.php\/wp-json\/wp\/v2\/product_cat?post=716451"},{"taxonomy":"product_tag","embeddable":true,"href":"https:\/\/roveyayinevi.com.tr\/index.php\/wp-json\/wp\/v2\/product_tag?post=716451"}],"curies":[{"name":"wp","href":"https:\/\/api.w.org\/{rel}","templated":true}]}}