{"id":716450,"date":"2025-08-27T17:42:55","date_gmt":"2025-08-27T14:42:55","guid":{"rendered":"https:\/\/roveyayinevi.com.tr\/index.php\/urun\/dogu-ve-bati-mitolojileri\/"},"modified":"2026-04-16T02:24:39","modified_gmt":"2026-04-15T23:24:39","slug":"dogu-ve-bati-mitolojileri","status":"publish","type":"product","link":"https:\/\/roveyayinevi.com.tr\/index.php\/urun\/dogu-ve-bati-mitolojileri\/","title":{"rendered":"Do\u011fu ve Bat\u0131 Mitolojileri"},"content":{"rendered":"<p>Mircea Eliade\u2019\u0131n dedi\u011fi gibi \u201cMit, her zaman bir \u2018yarat\u0131l\u0131\u015f\u201d\u0131n \u00f6yk\u00fcs\u00fcd\u00fcr: Bir \u015feyin nas\u0131l \u2018yarat\u0131ld\u0131\u011f\u0131n\u0131\u2019, nas\u0131l \u2018var olmaya\u2019 ba\u015flad\u0131\u011f\u0131n\u0131 anlat\u0131r.\u201d\u0130nsan\u0131n, kendisini \u00e7evreleyen do\u011fay\u0131 ve toplumu anlamaya \u00e7al\u0131\u015fmas\u0131, do\u011fas\u0131ndan kaynaklanan en \u00f6nemli yan\u0131d\u0131r. Bu yan\u0131 nedeniyle mitoslar\u0131 yaratm\u0131\u015flard\u0131r. Mitoslar, felsefe de d\u00e2hil olmak \u00fczere b\u00fct\u00fcn d\u00fc\u015f\u00fcnsel etkinliklerde, ge\u00e7mi\u015fte oldu\u011fu gibi bug\u00fcn ve gelecekte de var olacak gibi g\u00f6r\u00fcnmektedir.Bu \u00e7al\u0131\u015fma, mitolojiyle ilgilenenler ya da onunla yak\u0131ndan tan\u0131\u015fmak isteyenler, siz de\u011ferli okuyucular\u0131m\u0131z i\u00e7in farkl\u0131 k\u00fclt\u00fcrlere ait mitos kavram\u0131n\u0131, i\u00e7eri\u011fini ve \u00f6rneklemelerini kendi alanlar\u0131nda uzman bilim insanlar\u0131n\u0131n kaleminden \u00e7\u0131kan farkl\u0131 b\u00f6l\u00fcm ba\u015fl\u0131klar\u0131 alt\u0131nda bir araya getirmi\u015ftir. Sizlere, do\u011fudan bat\u0131ya farkl\u0131 co\u011frafyalara, k\u00fclt\u00fcrlere, uygarl\u0131klara ait farkl\u0131 mitos anlay\u0131\u015flar\u0131 ad\u0131na geni\u015f bir yelpazede bu bilgileri sunmaya \u00e7al\u0131\u015ft\u0131k.Her ne kadar co\u011frafyalar\u0131 ve k\u00fclt\u00fcrleri farkl\u0131 da olsa, Do\u011fu ve Bat\u0131 aras\u0131ndaki bir\u00e7ok benzerli\u011fe tan\u0131k olacaks\u0131n\u0131z.<\/p>\n","protected":false},"excerpt":{"rendered":"<p>Mircea Eliade\u2019\u0131n dedi\u011fi gibi \u201cMit, her zaman bir \u2018yarat\u0131l\u0131\u015f\u201d\u0131n \u00f6yk\u00fcs\u00fcd\u00fcr: Bir \u015feyin nas\u0131l \u2018yarat\u0131ld\u0131\u011f\u0131n\u0131\u2019, nas\u0131l \u2018var olmaya\u2019 ba\u015flad\u0131\u011f\u0131n\u0131 anlat\u0131r.\u201d\u0130nsan\u0131n, kendisini \u00e7evreleyen do\u011fay\u0131 ve toplumu anlamaya \u00e7al\u0131\u015fmas\u0131,<span class=\"excerpt-hellip\"> [\u2026]<\/span><\/p>\n","protected":false},"featured_media":0,"template":"","meta":{"_monsterinsights_skip_tracking":false,"_monsterinsights_sitenote_active":false,"_monsterinsights_sitenote_note":"","_monsterinsights_sitenote_category":0},"product_brand":[],"product_cat":[15563,24020],"product_tag":[],"class_list":{"0":"post-716450","1":"product","2":"type-product","3":"status-publish","5":"product_cat-hobi","6":"product_cat-kultur","7":"pa_cilt-ciltsiz","8":"pa_tur-kitap","9":"pa_yayinevi-delta-kultur-yayinevi","10":"pa_yazar-kolektif","12":"first","13":"instock","14":"sale","15":"shipping-taxable","16":"purchasable","17":"product-type-simple"},"_links":{"self":[{"href":"https:\/\/roveyayinevi.com.tr\/index.php\/wp-json\/wp\/v2\/product\/716450","targetHints":{"allow":["GET"]}}],"collection":[{"href":"https:\/\/roveyayinevi.com.tr\/index.php\/wp-json\/wp\/v2\/product"}],"about":[{"href":"https:\/\/roveyayinevi.com.tr\/index.php\/wp-json\/wp\/v2\/types\/product"}],"wp:attachment":[{"href":"https:\/\/roveyayinevi.com.tr\/index.php\/wp-json\/wp\/v2\/media?parent=716450"}],"wp:term":[{"taxonomy":"product_brand","embeddable":true,"href":"https:\/\/roveyayinevi.com.tr\/index.php\/wp-json\/wp\/v2\/product_brand?post=716450"},{"taxonomy":"product_cat","embeddable":true,"href":"https:\/\/roveyayinevi.com.tr\/index.php\/wp-json\/wp\/v2\/product_cat?post=716450"},{"taxonomy":"product_tag","embeddable":true,"href":"https:\/\/roveyayinevi.com.tr\/index.php\/wp-json\/wp\/v2\/product_tag?post=716450"}],"curies":[{"name":"wp","href":"https:\/\/api.w.org\/{rel}","templated":true}]}}