{"id":716447,"date":"2025-08-27T17:42:53","date_gmt":"2025-08-27T14:42:53","guid":{"rendered":"https:\/\/roveyayinevi.com.tr\/index.php\/urun\/mucizeler-daima-yaninda\/"},"modified":"2026-04-16T02:24:39","modified_gmt":"2026-04-15T23:24:39","slug":"mucizeler-daima-yaninda","status":"publish","type":"product","link":"https:\/\/roveyayinevi.com.tr\/index.php\/urun\/mucizeler-daima-yaninda\/","title":{"rendered":"Mucizeler Daima Yan\u0131nda"},"content":{"rendered":"<p>Seven insan i\u00e7in d\u00fcnya daha g\u00fczeldir. Deniz daha mavi, orman daha ye\u015fildir. D\u00fc\u015f\u00fcnmek ve d\u00fc\u015f\u00fcn\u00fclmek, sevdi\u011finin g\u00f6zlerinde kaybolmak, bazen de zorluklar\u0131 birlikte g\u00f6\u011f\u00fcslemek belki de \u201cHayat\u0131n anlam\u0131 nedir?\u201d sorusunun da yan\u0131t\u0131d\u0131r.Nas\u0131l bir ili\u015fkiniz oldu\u011fu; ba\u015far\u0131n\u0131z\u0131, mutlulu\u011funuzu, ya\u015fama sevincinizi, co\u015fkunuzu, huzurunuzu etkileyecek kadar \u00f6nemlidir.Sevmiyor ve sevilmiyorsan\u0131z veya ili\u015fkinizde bir sorun ya\u015f\u0131yorsan\u0131z, hayat\u0131n\u0131zda her \u015fey yolunda da olsa, para i\u00e7inde de y\u00fczseniz, sa\u011fl\u0131\u011f\u0131n\u0131z da \u00e7ok iyi olsa yine de bir yan\u0131n\u0131z eksik kal\u0131r. Huzursuzluk ve mutsuzluk bulutlar\u0131 hep tepenizde dola\u015f\u0131r.Peki ili\u015fkiler bu kadar \u00f6nemliyse ne yapmal\u0131?\u0130li\u015fkilerde en \u00e7ok hangi nedenlerle sorunlar ya\u015fan\u0131yor?B\u00fcy\u00fck a\u015fkla ba\u015flayan ili\u015fkiler nas\u0131l oluyor da nefrete s\u00fcr\u00fckleniyor?\u0130li\u015fki iki tarafa ve \u00e7ocuklara da zarar vermeye ba\u015flad\u0131ysa \u201cne yapmal\u0131?\u201d Uzun \u00f6m\u00fcrl\u00fc a\u015fk\u0131n s\u0131rlar\u0131 neler?Sosyal medya \u00fczerinden tan\u0131\u015farak yap\u0131lan evlilikler ne kadar do\u011fru?Ayr\u0131l\u0131\u011f\u0131 neler tetikliyor ve nelere dikkat etmeliyim?Mutlu bir evlili\u011fi s\u00fcrd\u00fcrmenin s\u0131rlar\u0131 neler?<\/p>\n","protected":false},"excerpt":{"rendered":"<p>Seven insan i\u00e7in d\u00fcnya daha g\u00fczeldir. Deniz daha mavi, orman daha ye\u015fildir. D\u00fc\u015f\u00fcnmek ve d\u00fc\u015f\u00fcn\u00fclmek, sevdi\u011finin g\u00f6zlerinde kaybolmak, bazen de zorluklar\u0131 birlikte g\u00f6\u011f\u00fcslemek belki de \u201cHayat\u0131n<span class=\"excerpt-hellip\"> [\u2026]<\/span><\/p>\n","protected":false},"featured_media":0,"template":"","meta":{"_monsterinsights_skip_tracking":false,"_monsterinsights_sitenote_active":false,"_monsterinsights_sitenote_note":"","_monsterinsights_sitenote_category":0},"product_brand":[],"product_cat":[14787,13488],"product_tag":[],"class_list":{"0":"post-716447","1":"product","2":"type-product","3":"status-publish","5":"product_cat-diger-toplum-ve-insan","6":"product_cat-toplum-ve-insan","7":"pa_cilt-ciltsiz","8":"pa_tur-kitap","9":"pa_yayinevi-yediveren-yayinlari","10":"pa_yazar-cengiz-hortoglu","12":"first","13":"instock","14":"sale","15":"shipping-taxable","16":"purchasable","17":"product-type-simple"},"_links":{"self":[{"href":"https:\/\/roveyayinevi.com.tr\/index.php\/wp-json\/wp\/v2\/product\/716447","targetHints":{"allow":["GET"]}}],"collection":[{"href":"https:\/\/roveyayinevi.com.tr\/index.php\/wp-json\/wp\/v2\/product"}],"about":[{"href":"https:\/\/roveyayinevi.com.tr\/index.php\/wp-json\/wp\/v2\/types\/product"}],"wp:attachment":[{"href":"https:\/\/roveyayinevi.com.tr\/index.php\/wp-json\/wp\/v2\/media?parent=716447"}],"wp:term":[{"taxonomy":"product_brand","embeddable":true,"href":"https:\/\/roveyayinevi.com.tr\/index.php\/wp-json\/wp\/v2\/product_brand?post=716447"},{"taxonomy":"product_cat","embeddable":true,"href":"https:\/\/roveyayinevi.com.tr\/index.php\/wp-json\/wp\/v2\/product_cat?post=716447"},{"taxonomy":"product_tag","embeddable":true,"href":"https:\/\/roveyayinevi.com.tr\/index.php\/wp-json\/wp\/v2\/product_tag?post=716447"}],"curies":[{"name":"wp","href":"https:\/\/api.w.org\/{rel}","templated":true}]}}