{"id":716446,"date":"2025-08-27T17:42:52","date_gmt":"2025-08-27T14:42:52","guid":{"rendered":"https:\/\/roveyayinevi.com.tr\/index.php\/urun\/budanin-beyni\/"},"modified":"2026-04-16T02:24:39","modified_gmt":"2026-04-15T23:24:39","slug":"budanin-beyni","status":"publish","type":"product","link":"https:\/\/roveyayinevi.com.tr\/index.php\/urun\/budanin-beyni\/","title":{"rendered":"Buda&#8217;n\u0131n Beyni"},"content":{"rendered":"<p>Buda ve di\u011fer b\u00fcy\u00fck \u00f6\u011fretmenler, di\u011fer insanlar\u0131nki gibi birer beyinle do\u011fdular ve sonra t\u0131pk\u0131 d\u00fcnyay\u0131 de\u011fi\u015ftirdikleri gibi zihinlerini de de\u011fi\u015ftirdiler. Bug\u00fcnse bilim, d\u00fc\u015f\u00fcncelerimizin ak\u0131\u015f\u0131n\u0131n zihnimizi nas\u0131l \u015fekillendirdi\u011fini a\u00e7\u0131klamakla me\u015fgul. N\u00f6rolojideki \u00e7\u0131\u011f\u0131r a\u00e7an yeniliklerle binlerce y\u0131ll\u0131k meditatif uygulamalar\u0131 bir araya getirerek siz de daha b\u00fcy\u00fck mutluluk, sevgi ve bilgeli\u011fe ula\u015fmak i\u00e7in zihninizi \u015fekillendirebilirsiniz. Buda\u2019n\u0131n Beyni, bilimdeki en yeni ara\u015ft\u0131rmalar\u0131 temel alarak zihninizi nas\u0131l g\u00fc\u00e7lendirece\u011finizi, duygular\u0131n\u0131z\u0131 nas\u0131l y\u00f6netebilece\u011finizi ve nas\u0131l daha huzurlu ve mutlu bir hayat elde edebilece\u011finizi anlat\u0131yor. \u201c[Buda\u2019n\u0131n Beyni] bize yaln\u0131zca ger\u00e7ek mutlulu\u011fa ula\u015fman\u0131n etkili y\u00f6ntemlerini g\u00f6stermekle kalm\u0131yor, ayn\u0131 zamanda bu y\u00f6ntemlerin psikolojik olarak neden ve nas\u0131l i\u015flediklerini de a\u00e7\u0131kl\u0131yor.\u201d James Baraz, Awakening Joy adl\u0131 kitab\u0131n yazar\u0131 <\/p>\n","protected":false},"excerpt":{"rendered":"<p>Buda ve di\u011fer b\u00fcy\u00fck \u00f6\u011fretmenler, di\u011fer insanlar\u0131nki gibi birer beyinle do\u011fdular ve sonra t\u0131pk\u0131 d\u00fcnyay\u0131 de\u011fi\u015ftirdikleri gibi zihinlerini de de\u011fi\u015ftirdiler. Bug\u00fcnse bilim, d\u00fc\u015f\u00fcncelerimizin ak\u0131\u015f\u0131n\u0131n zihnimizi nas\u0131l<span class=\"excerpt-hellip\"> [\u2026]<\/span><\/p>\n","protected":false},"featured_media":0,"template":"","meta":{"_monsterinsights_skip_tracking":false,"_monsterinsights_sitenote_active":false,"_monsterinsights_sitenote_note":"","_monsterinsights_sitenote_category":0},"product_brand":[],"product_cat":[13072,12291],"product_tag":[],"class_list":{"0":"post-716446","1":"product","2":"type-product","3":"status-publish","5":"product_cat-arastirma-inceleme-referans","6":"product_cat-edebiyat","7":"pa_cilt-ciltsiz","8":"pa_tur-kitap","9":"pa_yayinevi-omega","10":"pa_yazar-ph-d-rick-hanson","12":"first","13":"instock","14":"sale","15":"shipping-taxable","16":"purchasable","17":"product-type-simple"},"_links":{"self":[{"href":"https:\/\/roveyayinevi.com.tr\/index.php\/wp-json\/wp\/v2\/product\/716446","targetHints":{"allow":["GET"]}}],"collection":[{"href":"https:\/\/roveyayinevi.com.tr\/index.php\/wp-json\/wp\/v2\/product"}],"about":[{"href":"https:\/\/roveyayinevi.com.tr\/index.php\/wp-json\/wp\/v2\/types\/product"}],"wp:attachment":[{"href":"https:\/\/roveyayinevi.com.tr\/index.php\/wp-json\/wp\/v2\/media?parent=716446"}],"wp:term":[{"taxonomy":"product_brand","embeddable":true,"href":"https:\/\/roveyayinevi.com.tr\/index.php\/wp-json\/wp\/v2\/product_brand?post=716446"},{"taxonomy":"product_cat","embeddable":true,"href":"https:\/\/roveyayinevi.com.tr\/index.php\/wp-json\/wp\/v2\/product_cat?post=716446"},{"taxonomy":"product_tag","embeddable":true,"href":"https:\/\/roveyayinevi.com.tr\/index.php\/wp-json\/wp\/v2\/product_tag?post=716446"}],"curies":[{"name":"wp","href":"https:\/\/api.w.org\/{rel}","templated":true}]}}