{"id":716445,"date":"2025-08-27T17:42:52","date_gmt":"2025-08-27T14:42:52","guid":{"rendered":"https:\/\/roveyayinevi.com.tr\/index.php\/urun\/firtinalar-imparatorlugu-cam-sato-5\/"},"modified":"2026-04-16T02:24:39","modified_gmt":"2026-04-15T23:24:39","slug":"firtinalar-imparatorlugu-cam-sato-5","status":"publish","type":"product","link":"https:\/\/roveyayinevi.com.tr\/index.php\/urun\/firtinalar-imparatorlugu-cam-sato-5\/","title":{"rendered":"F\u0131rt\u0131nalar \u0130mparatorlu\u011fu &#8211; Cam \u015eato 5"},"content":{"rendered":"<p>Aelin Galathynius tahta giden uzun yolda ihanete u\u011frad\u0131, sadakatle \u00f6d\u00fcllendirildi; arkada\u015flar\u0131 kayboldu, yenilerini edindi; b\u00fcy\u00fcye sahip olanlar ve olmayanlarla ayn\u0131 tuhafl\u0131klarda bulu\u015ftu. Sava\u015f\u00e7\u0131 prensine ve ona g\u00fcvenen insanlara s\u00f6z verdi, onlar\u0131 korumak i\u00e7in g\u00fcc\u00fcn\u00fcn derinliklerine indi. Ama canavarlar ge\u00e7mi\u015fin deh\u015fetinden ortaya \u00e7\u0131kt\u0131k\u00e7a ve karanl\u0131k g\u00fc\u00e7ler krall\u0131\u011f\u0131n\u0131 elinden almaya \u00e7al\u0131\u015ft\u0131k\u00e7a, tek kurtulu\u015fun, sevdi\u011fi her \u015feyin sonu olabilecek \u00e7aresiz bir aray\u0131\u015fta sakl\u0131 oldu\u011funu anlad\u0131. Cam \u015eato, Karanl\u0131k Ta\u00e7, Ate\u015fin V\u00e2risi ve G\u00f6lgeler Krali\u00e7esi\u2019nden sonra epik f\u0131rt\u0131na kalbinizi yakacak.    \u201cD\u00fc\u015f\u00fcnceli bak\u0131\u015flar, patlayacak hale gelen cinsel gerilim, s\u00fcrpriz geli\u015fmeler, renkli bir evren ve i\u011fneleyici s\u00f6zlerle dolu.\u201d Booklist <\/p>\n","protected":false},"excerpt":{"rendered":"<p>Aelin Galathynius tahta giden uzun yolda ihanete u\u011frad\u0131, sadakatle \u00f6d\u00fcllendirildi; arkada\u015flar\u0131 kayboldu, yenilerini edindi; b\u00fcy\u00fcye sahip olanlar ve olmayanlarla ayn\u0131 tuhafl\u0131klarda bulu\u015ftu. Sava\u015f\u00e7\u0131 prensine ve ona<span class=\"excerpt-hellip\"> [\u2026]<\/span><\/p>\n","protected":false},"featured_media":0,"template":"","meta":{"_monsterinsights_skip_tracking":false,"_monsterinsights_sitenote_active":false,"_monsterinsights_sitenote_note":"","_monsterinsights_sitenote_category":0},"product_brand":[],"product_cat":[12291,14777],"product_tag":[],"class_list":{"0":"post-716445","1":"product","2":"type-product","3":"status-publish","5":"product_cat-edebiyat","6":"product_cat-fantastik","7":"pa_cilt-ciltli","8":"pa_tur-kitap","9":"pa_yayinevi-dex-yayinevi","10":"pa_yazar-sarah-j-maas","12":"first","13":"instock","14":"sale","15":"shipping-taxable","16":"purchasable","17":"product-type-simple"},"_links":{"self":[{"href":"https:\/\/roveyayinevi.com.tr\/index.php\/wp-json\/wp\/v2\/product\/716445","targetHints":{"allow":["GET"]}}],"collection":[{"href":"https:\/\/roveyayinevi.com.tr\/index.php\/wp-json\/wp\/v2\/product"}],"about":[{"href":"https:\/\/roveyayinevi.com.tr\/index.php\/wp-json\/wp\/v2\/types\/product"}],"wp:attachment":[{"href":"https:\/\/roveyayinevi.com.tr\/index.php\/wp-json\/wp\/v2\/media?parent=716445"}],"wp:term":[{"taxonomy":"product_brand","embeddable":true,"href":"https:\/\/roveyayinevi.com.tr\/index.php\/wp-json\/wp\/v2\/product_brand?post=716445"},{"taxonomy":"product_cat","embeddable":true,"href":"https:\/\/roveyayinevi.com.tr\/index.php\/wp-json\/wp\/v2\/product_cat?post=716445"},{"taxonomy":"product_tag","embeddable":true,"href":"https:\/\/roveyayinevi.com.tr\/index.php\/wp-json\/wp\/v2\/product_tag?post=716445"}],"curies":[{"name":"wp","href":"https:\/\/api.w.org\/{rel}","templated":true}]}}