{"id":716444,"date":"2025-08-27T17:42:51","date_gmt":"2025-08-27T14:42:51","guid":{"rendered":"https:\/\/roveyayinevi.com.tr\/index.php\/urun\/tanriyi-goren-son-insan\/"},"modified":"2026-04-16T02:24:39","modified_gmt":"2026-04-15T23:24:39","slug":"tanriyi-goren-son-insan","status":"publish","type":"product","link":"https:\/\/roveyayinevi.com.tr\/index.php\/urun\/tanriyi-goren-son-insan\/","title":{"rendered":"Tanr\u0131&#8217;y\u0131 G\u00f6ren Son \u0130nsan"},"content":{"rendered":"<p>\u201c2003 y\u0131l\u0131, Orta ve G\u00fcney Amerika\u2019daki El Nino y\u0131llar\u0131ndan biriydi. Meksikal\u0131 arkeolog Sergio Gomez Chavez, o sabah tam saatinde i\u015fyerine geldi. Ya\u011fmur dinmi\u015f, etrafa toprak kokusu yay\u0131lm\u0131\u015ft\u0131. Her sabah ayn\u0131 \u015feyi yapard\u0131: Ofisinden \u00e7\u0131kar, piramit \u015feklindeki tap\u0131na\u011fa y\u00fcr\u00fcr, bir tur atard\u0131. O g\u00fcn tap\u0131na\u011f\u0131n merdivenlerinin ba\u015flad\u0131\u011f\u0131 d\u00fczl\u00fc\u011fe geldi\u011finde tuhaf bir \u015feyle kar\u015f\u0131la\u015ft\u0131. \u00d6n\u00fcnde bir metre geni\u015fli\u011finde bir \u00e7ukur vard\u0131. Haf\u0131zas\u0131n\u0131 yoklad\u0131. \u00d6nceki ak\u015fam oradan ayr\u0131ld\u0131\u011f\u0131nda b\u00f6yle bir \u015fey yoktu. Etraf\u0131nda dola\u015ft\u0131. Evet, y\u0131llard\u0131r her g\u00fcn \u00fczerinden y\u00fcr\u00fcyerek ge\u00e7ti\u011fi yerde, bir metre geni\u015fli\u011finde bir \u00e7ukur a\u00e7\u0131lm\u0131\u015ft\u0131.  O \u00e7ukurun a\u00e7\u0131ld\u0131\u011f\u0131 t\u00fcnelin sonunda g\u00f6receklerinin b\u00fct\u00fcn d\u00fcnyay\u0131 hayretler i\u00e7inde b\u0131rakaca\u011f\u0131, akl\u0131n\u0131n ucundan bile ge\u00e7medi. Oysa orada, inanc\u0131n ve Tanr\u0131&#8217;n\u0131n tarihi yeniden yaz\u0131lmaya ba\u015flanacakt\u0131.\u201d \u0130nsan, tarih boyunca yarat\u0131l\u0131\u015f\u0131 sorgulad\u0131. \u00d6nce tanr\u0131lar\u0131 sonra da Tanr\u0131&#8217;y\u0131 anlamak istedi. Her \u015feye ra\u011fmen hep inanc\u0131n liman\u0131na s\u0131\u011f\u0131nd\u0131. Ertu\u011frul \u00d6zk\u00f6k, g\u00f6rd\u00fc\u011f\u00fc yerler, konu\u015ftu\u011fu ki\u015filer, sordu\u011fu sorular ve okudu\u011fu kitaplarla bir inan\u00e7 hik\u00e2yesi anlat\u0131yor. Tanr\u0131&#8217;y\u0131 G\u00f6ren Son \u0130nsan, insan\u0131n bu en b\u00fcy\u00fck aray\u0131\u015f\u0131n\u0131n izinde, muhte\u015fem bir yolculuk. <\/p>\n","protected":false},"excerpt":{"rendered":"<p>\u201c2003 y\u0131l\u0131, Orta ve G\u00fcney Amerika\u2019daki El Nino y\u0131llar\u0131ndan biriydi. Meksikal\u0131 arkeolog Sergio Gomez Chavez, o sabah tam saatinde i\u015fyerine geldi. Ya\u011fmur dinmi\u015f, etrafa toprak kokusu<span class=\"excerpt-hellip\"> [\u2026]<\/span><\/p>\n","protected":false},"featured_media":0,"template":"","meta":{"_monsterinsights_skip_tracking":false,"_monsterinsights_sitenote_active":false,"_monsterinsights_sitenote_note":"","_monsterinsights_sitenote_category":0},"product_brand":[],"product_cat":[13072,12291],"product_tag":[],"class_list":{"0":"post-716444","1":"product","2":"type-product","3":"status-publish","5":"product_cat-arastirma-inceleme-referans","6":"product_cat-edebiyat","7":"pa_cilt-ciltsiz","8":"pa_tur-kitap","9":"pa_yayinevi-dogan-kitap","10":"pa_yazar-ertugrul-ozkok","12":"first","13":"instock","14":"sale","15":"shipping-taxable","16":"purchasable","17":"product-type-simple"},"_links":{"self":[{"href":"https:\/\/roveyayinevi.com.tr\/index.php\/wp-json\/wp\/v2\/product\/716444","targetHints":{"allow":["GET"]}}],"collection":[{"href":"https:\/\/roveyayinevi.com.tr\/index.php\/wp-json\/wp\/v2\/product"}],"about":[{"href":"https:\/\/roveyayinevi.com.tr\/index.php\/wp-json\/wp\/v2\/types\/product"}],"wp:attachment":[{"href":"https:\/\/roveyayinevi.com.tr\/index.php\/wp-json\/wp\/v2\/media?parent=716444"}],"wp:term":[{"taxonomy":"product_brand","embeddable":true,"href":"https:\/\/roveyayinevi.com.tr\/index.php\/wp-json\/wp\/v2\/product_brand?post=716444"},{"taxonomy":"product_cat","embeddable":true,"href":"https:\/\/roveyayinevi.com.tr\/index.php\/wp-json\/wp\/v2\/product_cat?post=716444"},{"taxonomy":"product_tag","embeddable":true,"href":"https:\/\/roveyayinevi.com.tr\/index.php\/wp-json\/wp\/v2\/product_tag?post=716444"}],"curies":[{"name":"wp","href":"https:\/\/api.w.org\/{rel}","templated":true}]}}