{"id":716443,"date":"2025-08-27T17:42:50","date_gmt":"2025-08-27T14:42:50","guid":{"rendered":"https:\/\/roveyayinevi.com.tr\/index.php\/urun\/hayat-yolunda\/"},"modified":"2026-04-16T02:24:39","modified_gmt":"2026-04-15T23:24:39","slug":"hayat-yolunda","status":"publish","type":"product","link":"https:\/\/roveyayinevi.com.tr\/index.php\/urun\/hayat-yolunda\/","title":{"rendered":"Hayat Yolunda"},"content":{"rendered":"<p>Taha Akyol bu kitab\u0131nda kendi an\u0131lar\u0131ndan \u00f6rnekler vererek tarikatlar ve totaliter \u00f6rg\u00fctler gibi \u201cs\u0131k dokulu\u201d yap\u0131lara kar\u015f\u0131 gen\u00e7lerin dikkatini \u00e7ekiyor. Gen\u00e7leri felakete s\u00fcr\u00fckleyen sa\u011f ve sol totaliter \u00f6rnekleri anlat\u0131yor. Yirmi y\u0131l \u00f6nce yay\u0131mlanan kitab\u0131n\u0131 g\u00fcncelle\u015ftirip geni\u015fleterek bug\u00fcnk\u00fc cemaat ve yasa d\u0131\u015f\u0131 \u00f6rg\u00fct sorunlar\u0131n\u0131 analiz ediyor.Gen\u00e7lerin ba\u011f\u0131ms\u0131z ki\u015filik, h\u00fcr d\u00fc\u015f\u00fcnce ve giri\u015fimcilik ruhuyla  geleceklerini in\u015fa etmesini savunuyor. Hayat Yolunda, akademik bilgi, an\u0131 ve tecr\u00fcbeleri s\u00fczge\u00e7ten ge\u00e7irip gen\u00e7lere sunan de\u011ferli bir rehber niteli\u011fi ta\u015f\u0131yor.    <\/p>\n","protected":false},"excerpt":{"rendered":"<p>Taha Akyol bu kitab\u0131nda kendi an\u0131lar\u0131ndan \u00f6rnekler vererek tarikatlar ve totaliter \u00f6rg\u00fctler gibi \u201cs\u0131k dokulu\u201d yap\u0131lara kar\u015f\u0131 gen\u00e7lerin dikkatini \u00e7ekiyor. Gen\u00e7leri felakete s\u00fcr\u00fckleyen sa\u011f ve sol<span class=\"excerpt-hellip\"> [\u2026]<\/span><\/p>\n","protected":false},"featured_media":0,"template":"","meta":{"_monsterinsights_skip_tracking":false,"_monsterinsights_sitenote_active":false,"_monsterinsights_sitenote_note":"","_monsterinsights_sitenote_category":0},"product_brand":[],"product_cat":[13072,12291],"product_tag":[],"class_list":{"0":"post-716443","1":"product","2":"type-product","3":"status-publish","5":"product_cat-arastirma-inceleme-referans","6":"product_cat-edebiyat","7":"pa_cilt-ciltsiz","8":"pa_tur-kitap","9":"pa_yayinevi-dogan-kitap","10":"pa_yazar-taha-akyol","12":"first","13":"instock","14":"sale","15":"shipping-taxable","16":"purchasable","17":"product-type-simple"},"_links":{"self":[{"href":"https:\/\/roveyayinevi.com.tr\/index.php\/wp-json\/wp\/v2\/product\/716443","targetHints":{"allow":["GET"]}}],"collection":[{"href":"https:\/\/roveyayinevi.com.tr\/index.php\/wp-json\/wp\/v2\/product"}],"about":[{"href":"https:\/\/roveyayinevi.com.tr\/index.php\/wp-json\/wp\/v2\/types\/product"}],"wp:attachment":[{"href":"https:\/\/roveyayinevi.com.tr\/index.php\/wp-json\/wp\/v2\/media?parent=716443"}],"wp:term":[{"taxonomy":"product_brand","embeddable":true,"href":"https:\/\/roveyayinevi.com.tr\/index.php\/wp-json\/wp\/v2\/product_brand?post=716443"},{"taxonomy":"product_cat","embeddable":true,"href":"https:\/\/roveyayinevi.com.tr\/index.php\/wp-json\/wp\/v2\/product_cat?post=716443"},{"taxonomy":"product_tag","embeddable":true,"href":"https:\/\/roveyayinevi.com.tr\/index.php\/wp-json\/wp\/v2\/product_tag?post=716443"}],"curies":[{"name":"wp","href":"https:\/\/api.w.org\/{rel}","templated":true}]}}