{"id":716442,"date":"2025-08-27T17:42:49","date_gmt":"2025-08-27T14:42:49","guid":{"rendered":"https:\/\/roveyayinevi.com.tr\/index.php\/urun\/kan-ve-ask\/"},"modified":"2026-04-16T02:24:39","modified_gmt":"2026-04-15T23:24:39","slug":"kan-ve-ask","status":"publish","type":"product","link":"https:\/\/roveyayinevi.com.tr\/index.php\/urun\/kan-ve-ask\/","title":{"rendered":"Kan ve A\u015fk"},"content":{"rendered":"<p>\u0130ntikam ate\u015finin A\u015eK&#8217;a a\u015fka d\u00f6n\u00fc\u015fme sava\u015f\u0131 Y\u0131l 1760\u2026  Kelimelerin sustu\u011fu, k\u0131l\u0131\u00e7lar\u0131n konu\u015ftu\u011fu yedi y\u0131l sava\u015flar\u0131 t\u00fcm ac\u0131mas\u0131zl\u0131\u011f\u0131yla devam ederken A\u015eK intikam ate\u015finde do\u011facakt\u0131\u2026 Bir Leydi; Hoyrat bir nehir, ate\u015ften do\u011fan keskin bir k\u0131l\u0131\u00e7, yay\u0131ndan f\u0131rlam\u0131\u015f bir ok, ne a\u015fka boyun e\u011fer ne de kanla yaz\u0131lacak bir kadere\u2026Bir Lord;  \u00d6fkeyle kaynayan bir okyanus, f\u0131rt\u0131nalarla bilenmi\u015f bir han\u00e7er, ne s\u0131n\u0131rlara boyun e\u011fer ne de a\u015fktan \u00f6r\u00fclm\u00fc\u015f zincirlere\u2026 Nehir ve okyanus, sava\u015f ve bar\u0131\u015f, tutku ve nefret\u2026<\/p>\n","protected":false},"excerpt":{"rendered":"<p>\u0130ntikam ate\u015finin A\u015eK&#8217;a a\u015fka d\u00f6n\u00fc\u015fme sava\u015f\u0131 Y\u0131l 1760\u2026 Kelimelerin sustu\u011fu, k\u0131l\u0131\u00e7lar\u0131n konu\u015ftu\u011fu yedi y\u0131l sava\u015flar\u0131 t\u00fcm ac\u0131mas\u0131zl\u0131\u011f\u0131yla devam ederken A\u015eK intikam ate\u015finde do\u011facakt\u0131\u2026 Bir Leydi; Hoyrat<span class=\"excerpt-hellip\"> [\u2026]<\/span><\/p>\n","protected":false},"featured_media":0,"template":"","meta":{"_monsterinsights_skip_tracking":false,"_monsterinsights_sitenote_active":false,"_monsterinsights_sitenote_note":"","_monsterinsights_sitenote_category":0},"product_brand":[],"product_cat":[14643,12291],"product_tag":[],"class_list":{"0":"post-716442","1":"product","2":"type-product","3":"status-publish","5":"product_cat-ask","6":"product_cat-edebiyat","7":"pa_cilt-ciltsiz","8":"pa_tur-kitap","9":"pa_yayinevi-indigo-kitap","10":"pa_yazar-isilca","12":"first","13":"instock","14":"sale","15":"shipping-taxable","16":"purchasable","17":"product-type-simple"},"_links":{"self":[{"href":"https:\/\/roveyayinevi.com.tr\/index.php\/wp-json\/wp\/v2\/product\/716442","targetHints":{"allow":["GET"]}}],"collection":[{"href":"https:\/\/roveyayinevi.com.tr\/index.php\/wp-json\/wp\/v2\/product"}],"about":[{"href":"https:\/\/roveyayinevi.com.tr\/index.php\/wp-json\/wp\/v2\/types\/product"}],"wp:attachment":[{"href":"https:\/\/roveyayinevi.com.tr\/index.php\/wp-json\/wp\/v2\/media?parent=716442"}],"wp:term":[{"taxonomy":"product_brand","embeddable":true,"href":"https:\/\/roveyayinevi.com.tr\/index.php\/wp-json\/wp\/v2\/product_brand?post=716442"},{"taxonomy":"product_cat","embeddable":true,"href":"https:\/\/roveyayinevi.com.tr\/index.php\/wp-json\/wp\/v2\/product_cat?post=716442"},{"taxonomy":"product_tag","embeddable":true,"href":"https:\/\/roveyayinevi.com.tr\/index.php\/wp-json\/wp\/v2\/product_tag?post=716442"}],"curies":[{"name":"wp","href":"https:\/\/api.w.org\/{rel}","templated":true}]}}