{"id":716441,"date":"2025-08-27T17:42:48","date_gmt":"2025-08-27T14:42:48","guid":{"rendered":"https:\/\/roveyayinevi.com.tr\/index.php\/urun\/kadinlar-arasinda\/"},"modified":"2026-04-16T02:24:39","modified_gmt":"2026-04-15T23:24:39","slug":"kadinlar-arasinda","status":"publish","type":"product","link":"https:\/\/roveyayinevi.com.tr\/index.php\/urun\/kadinlar-arasinda\/","title":{"rendered":"Kad\u0131nlar Aras\u0131nda"},"content":{"rendered":"<p>Safvet Nezihi\u2019nin 1909 y\u0131l\u0131nda Resimli Roman dergisinde ne\u015fredilen Kad\u0131nlar Aras\u0131nda roman\u0131 Dr. Can \u015een taraf\u0131ndan yay\u0131na haz\u0131rlanarak ilk kez kitap olarak okurla bulu\u015fuyor. Safvet Nezihi, 2. Me\u015frutiyet\u2019in ilan edildi\u011fi g\u00fcnleri konu edinen ve \u201cmektup roman\u201d t\u00fcr\u00fcn\u00fcn bir \u00f6rne\u011fi olan Kad\u0131nlar Aras\u0131nda roman\u0131nda N\u00fczhet ve Sadiye\u2019nin mektuplar\u0131yla o tarih\u00ee g\u00fcnlerde ya\u015fananlar\u0131 ele alarak toplumun nabz\u0131n\u0131 tutman\u0131n yan\u0131nda kad\u0131n\u0131n toplumdaki konumunu ve evlilik meselesini de irdelemi\u015ftir.<\/p>\n","protected":false},"excerpt":{"rendered":"<p>Safvet Nezihi\u2019nin 1909 y\u0131l\u0131nda Resimli Roman dergisinde ne\u015fredilen Kad\u0131nlar Aras\u0131nda roman\u0131 Dr. Can \u015een taraf\u0131ndan yay\u0131na haz\u0131rlanarak ilk kez kitap olarak okurla bulu\u015fuyor. Safvet Nezihi, 2.<span class=\"excerpt-hellip\"> [\u2026]<\/span><\/p>\n","protected":false},"featured_media":0,"template":"","meta":{"_monsterinsights_skip_tracking":false,"_monsterinsights_sitenote_active":false,"_monsterinsights_sitenote_note":"","_monsterinsights_sitenote_category":0},"product_brand":[],"product_cat":[13072,12291],"product_tag":[],"class_list":{"0":"post-716441","1":"product","2":"type-product","3":"status-publish","5":"product_cat-arastirma-inceleme-referans","6":"product_cat-edebiyat","7":"pa_cilt-ciltsiz","8":"pa_tur-kitap","9":"pa_yayinevi-gece-kitapligi","10":"pa_yazar-can-sen","12":"first","13":"instock","14":"sale","15":"shipping-taxable","16":"purchasable","17":"product-type-simple"},"_links":{"self":[{"href":"https:\/\/roveyayinevi.com.tr\/index.php\/wp-json\/wp\/v2\/product\/716441","targetHints":{"allow":["GET"]}}],"collection":[{"href":"https:\/\/roveyayinevi.com.tr\/index.php\/wp-json\/wp\/v2\/product"}],"about":[{"href":"https:\/\/roveyayinevi.com.tr\/index.php\/wp-json\/wp\/v2\/types\/product"}],"wp:attachment":[{"href":"https:\/\/roveyayinevi.com.tr\/index.php\/wp-json\/wp\/v2\/media?parent=716441"}],"wp:term":[{"taxonomy":"product_brand","embeddable":true,"href":"https:\/\/roveyayinevi.com.tr\/index.php\/wp-json\/wp\/v2\/product_brand?post=716441"},{"taxonomy":"product_cat","embeddable":true,"href":"https:\/\/roveyayinevi.com.tr\/index.php\/wp-json\/wp\/v2\/product_cat?post=716441"},{"taxonomy":"product_tag","embeddable":true,"href":"https:\/\/roveyayinevi.com.tr\/index.php\/wp-json\/wp\/v2\/product_tag?post=716441"}],"curies":[{"name":"wp","href":"https:\/\/api.w.org\/{rel}","templated":true}]}}