{"id":716437,"date":"2025-08-27T17:42:46","date_gmt":"2025-08-27T14:42:46","guid":{"rendered":"https:\/\/roveyayinevi.com.tr\/index.php\/urun\/makine-olmak\/"},"modified":"2026-04-16T02:24:38","modified_gmt":"2026-04-15T23:24:38","slug":"makine-olmak","status":"publish","type":"product","link":"https:\/\/roveyayinevi.com.tr\/index.php\/urun\/makine-olmak\/","title":{"rendered":"Makine Olmak"},"content":{"rendered":"<p>Bu kitap size Jules Verne\u2019in fantastik yolculuklar\u0131n\u0131 an\u0131msatabilir ya da engin bir hayal gu\u0308cu\u0308nu\u0308nu\u0308ru\u0308nu\u0308 gibi gelebilir. Sorun \u015fu ki, de\u011fil. Phoenix Havaalan\u0131\u2019n\u0131n yak\u0131n\u0131ndaki kriyonik muhafaza deposunda metal silindirlerin i\u00e7inde, sonsuzlu\u011fa uyanmay\u0131 bekleyen ilk insan bedenleri bulunuyor. \u00dcnlu\u0308 mucit Ray Kurzweil sonsuzlu\u011fu yakalama umuduyla gu\u0308nde 100 adet hap yutuyor. Say\u0131lar\u0131 giderek b\u00fcy\u00fcyen bir kalabal\u0131k, insan\u0131n \u00f6lu\u0308mu\u0308 yenece\u011fine inan\u0131yor. \u0130nsan\u0131n biyolojik s\u0131n\u0131rlar\u0131n\u0131 esnetme u\u011fra\u015f\u0131ndaki transhu\u0308manizm hareketi alt\u0131n \u00e7a\u011f\u0131n\u0131 ya\u015f\u0131yor. ElonMusk\u2019\u0131n yapay zek\u00e2y\u0131 beynimize eklemleme, Google\u2019\u0131n ya\u015flanma sorunumuzu \u00e7\u00f6zme hedefiyle biyoteknoloji yat\u0131r\u0131mlar\u0131 yapt\u0131\u011f\u0131 bir du\u0308nyada\u00f6lu\u0308msu\u0308zlu\u0308\u011fe oynamak art\u0131k eskisi kadar marjinal g\u00f6ru\u0308lmu\u0308yor. Gazeteci Mark O\u2019ConnellMAK\u0130NE OLMAK\u2019ta hareketin i\u00e7ine do\u011fru b\u00fcy\u00fcleyici \u2013ve u\u0308rku\u0308tu\u0308cu\u0308\u2013 bir ke\u015ffe \u00e7\u0131k\u0131yor. Laboratuvarlar\u0131na giriyor, siborga d\u00f6n\u00fc\u015fmek i\u00e7in ciltlerinin alt\u0131na \u00e7ipler yerle\u015ftiren bir biyo-hacker toplulu\u011fuyla bodrumlar\u0131nda tan\u0131\u015f\u0131yor; buralarda insan\u0131 afallatan yeni teknolojik olas\u0131l\u0131klar ve bunlar\u0131n yaratt\u0131\u011f\u0131 ahlaki ikilemlerle y\u00fczle\u015fiyor. Makine Olmak, insan\u0131n m\u00fcmk\u00fcn gelece\u011fini \u2013ve mu\u0308mku\u0308nu\u0308n s\u0131n\u0131rlar\u0131n\u0131\u2013 g\u00f6rebilmek i\u00e7in ufuk a\u00e7\u0131c\u0131 bir kitap<\/p>\n","protected":false},"excerpt":{"rendered":"<p>Bu kitap size Jules Verne\u2019in fantastik yolculuklar\u0131n\u0131 an\u0131msatabilir ya da engin bir hayal gu\u0308cu\u0308nu\u0308nu\u0308ru\u0308nu\u0308 gibi gelebilir. Sorun \u015fu ki, de\u011fil. Phoenix Havaalan\u0131\u2019n\u0131n yak\u0131n\u0131ndaki kriyonik muhafaza deposunda<span class=\"excerpt-hellip\"> [\u2026]<\/span><\/p>\n","protected":false},"featured_media":0,"template":"","meta":{"_monsterinsights_skip_tracking":false,"_monsterinsights_sitenote_active":false,"_monsterinsights_sitenote_note":"","_monsterinsights_sitenote_category":0},"product_brand":[],"product_cat":[13005,13006],"product_tag":[],"class_list":{"0":"post-716437","1":"product","2":"type-product","3":"status-publish","5":"product_cat-bilim-muhendislik","6":"product_cat-populer-bilim","7":"pa_cilt-ciltsiz","8":"pa_tur-kitap","9":"pa_yayinevi-domingo-yayinevi","10":"pa_yazar-mark-oconnell","12":"first","13":"instock","14":"sale","15":"shipping-taxable","16":"purchasable","17":"product-type-simple"},"_links":{"self":[{"href":"https:\/\/roveyayinevi.com.tr\/index.php\/wp-json\/wp\/v2\/product\/716437","targetHints":{"allow":["GET"]}}],"collection":[{"href":"https:\/\/roveyayinevi.com.tr\/index.php\/wp-json\/wp\/v2\/product"}],"about":[{"href":"https:\/\/roveyayinevi.com.tr\/index.php\/wp-json\/wp\/v2\/types\/product"}],"wp:attachment":[{"href":"https:\/\/roveyayinevi.com.tr\/index.php\/wp-json\/wp\/v2\/media?parent=716437"}],"wp:term":[{"taxonomy":"product_brand","embeddable":true,"href":"https:\/\/roveyayinevi.com.tr\/index.php\/wp-json\/wp\/v2\/product_brand?post=716437"},{"taxonomy":"product_cat","embeddable":true,"href":"https:\/\/roveyayinevi.com.tr\/index.php\/wp-json\/wp\/v2\/product_cat?post=716437"},{"taxonomy":"product_tag","embeddable":true,"href":"https:\/\/roveyayinevi.com.tr\/index.php\/wp-json\/wp\/v2\/product_tag?post=716437"}],"curies":[{"name":"wp","href":"https:\/\/api.w.org\/{rel}","templated":true}]}}