{"id":716434,"date":"2025-08-27T17:42:37","date_gmt":"2025-08-27T14:42:37","guid":{"rendered":"https:\/\/roveyayinevi.com.tr\/index.php\/urun\/kafada-kalmasin\/"},"modified":"2026-04-16T02:24:38","modified_gmt":"2026-04-15T23:24:38","slug":"kafada-kalmasin","status":"publish","type":"product","link":"https:\/\/roveyayinevi.com.tr\/index.php\/urun\/kafada-kalmasin\/","title":{"rendered":"Kafa\u2019da Kalmas\u0131n"},"content":{"rendered":"<p>Yazman\u0131n tad\u0131 m\u00fcthi\u015f. Kafan\u0131n i\u00e7inde dola\u015fan binlerce, milyonlarca fikrin, duygunun dam\u0131t\u0131larak bir k\u00e2\u011f\u0131da d\u00f6k\u00fclmesi harika bir duygu, sadece kendin okusan bile; sadece kendine saklad\u0131\u011f\u0131n tek bir d\u00f6rtl\u00fck bile heyecan verici ve k\u0131\u015fk\u0131rt\u0131c\u0131, hayata tutunman\u0131 sa\u011flayan bir ba\u011f, bir ya\u015fama sevinci\u2026 Kendimi bildim bileli yazmak istedim, \u00f6zel bir \u015fey de\u011fil ha, sadece yazmak. \u015eiir, hik\u00e2ye, masal, \u00f6yk\u00fc, ske\u00e7, gazete kenar\u0131 akrosti\u015fi, akl\u0131ma gelen her \u015feyi yazmak istedim. Montaigne\u2019ninDenemeler\u2019ine \u00f6yk\u00fcn\u00fcp nedense! Ayn\u0131 ad\u0131 ta\u015f\u0131yan \u201cDenemeler\u201d isimli ilk \u00e7al\u0131\u015fmama ba\u015flamam, saman k\u00e2\u011f\u0131d\u0131na elle yazarak, kendi \u00e7ap\u0131mda matbaac\u0131l\u0131k oynayarak eserimi karbon k\u00e2\u011f\u0131d\u0131 ile d\u00f6rt kopya \u00e7o\u011faltmam, karbon k\u00e2\u011f\u0131d\u0131n\u0131n kalitesizli\u011fi ile ellerimin simsiyah olup yazd\u0131klar\u0131m\u0131n da boyanarak berbat olmas\u0131 ve ilmek ilmek dokunmu\u015f \u201ceser\u201din \u00e7\u00f6pe gitmesi aras\u0131nda sadece 20 dakika olmas\u0131n\u0131 uzun m\u00fcddet kendime izah edemedim do\u011frusu\u2026 Yazarl\u0131k ser\u00fcvenine nas\u0131l ba\u015flad\u0131\u011f\u0131n\u0131 bu s\u00f6zlerle ifade ediyor Can Y\u0131lmaz ve Kli\u015fe Hayatlar Matbaas\u0131, Yap Bi Babal\u0131k ve Bilinmeyen Numaralar kitaplar\u0131n\u0131n ard\u0131ndan bu kez KAFA\u2019da Kalmas\u0131n diyor! <\/p>\n","protected":false},"excerpt":{"rendered":"<p>Yazman\u0131n tad\u0131 m\u00fcthi\u015f. Kafan\u0131n i\u00e7inde dola\u015fan binlerce, milyonlarca fikrin, duygunun dam\u0131t\u0131larak bir k\u00e2\u011f\u0131da d\u00f6k\u00fclmesi harika bir duygu, sadece kendin okusan bile; sadece kendine saklad\u0131\u011f\u0131n tek bir<span class=\"excerpt-hellip\"> [\u2026]<\/span><\/p>\n","protected":false},"featured_media":0,"template":"","meta":{"_monsterinsights_skip_tracking":false,"_monsterinsights_sitenote_active":false,"_monsterinsights_sitenote_note":"","_monsterinsights_sitenote_category":0},"product_brand":[],"product_cat":[12291,12711],"product_tag":[],"class_list":{"0":"post-716434","1":"product","2":"type-product","3":"status-publish","5":"product_cat-edebiyat","6":"product_cat-roman-oyku","7":"pa_cilt-ciltsiz","8":"pa_tur-kitap","9":"pa_yayinevi-inkilap-kitabevi","10":"pa_yazar-can-yilmaz","12":"first","13":"instock","14":"sale","15":"shipping-taxable","16":"purchasable","17":"product-type-simple"},"_links":{"self":[{"href":"https:\/\/roveyayinevi.com.tr\/index.php\/wp-json\/wp\/v2\/product\/716434","targetHints":{"allow":["GET"]}}],"collection":[{"href":"https:\/\/roveyayinevi.com.tr\/index.php\/wp-json\/wp\/v2\/product"}],"about":[{"href":"https:\/\/roveyayinevi.com.tr\/index.php\/wp-json\/wp\/v2\/types\/product"}],"wp:attachment":[{"href":"https:\/\/roveyayinevi.com.tr\/index.php\/wp-json\/wp\/v2\/media?parent=716434"}],"wp:term":[{"taxonomy":"product_brand","embeddable":true,"href":"https:\/\/roveyayinevi.com.tr\/index.php\/wp-json\/wp\/v2\/product_brand?post=716434"},{"taxonomy":"product_cat","embeddable":true,"href":"https:\/\/roveyayinevi.com.tr\/index.php\/wp-json\/wp\/v2\/product_cat?post=716434"},{"taxonomy":"product_tag","embeddable":true,"href":"https:\/\/roveyayinevi.com.tr\/index.php\/wp-json\/wp\/v2\/product_tag?post=716434"}],"curies":[{"name":"wp","href":"https:\/\/api.w.org\/{rel}","templated":true}]}}