{"id":716432,"date":"2025-08-27T17:42:36","date_gmt":"2025-08-27T14:42:36","guid":{"rendered":"https:\/\/roveyayinevi.com.tr\/index.php\/urun\/sinirlari-cizen-kadin-ingiliz-casus-gertrude-bell\/"},"modified":"2026-04-16T02:24:38","modified_gmt":"2026-04-15T23:24:38","slug":"sinirlari-cizen-kadin-ingiliz-casus-gertrude-bell","status":"publish","type":"product","link":"https:\/\/roveyayinevi.com.tr\/index.php\/urun\/sinirlari-cizen-kadin-ingiliz-casus-gertrude-bell\/","title":{"rendered":"S\u0131n\u0131rlar\u0131 \u00c7izen Kad\u0131n &#8211; \u0130ngiliz Casus Gertrude Bell"},"content":{"rendered":"<p>GertrudeBell\u2019in Ortado\u011fu\u2019nun \u015fekillenmesinde oynad\u0131\u011f\u0131 rol neydi? Yazar, arkeolog, seyyah ve casus olarak bilinen GertrudeBell asl\u0131nda kimdi? Nas\u0131l bir s\u00fcre\u00e7ten ge\u00e7erek Osmanl\u0131 \u0130mparatorlu\u011fu\u2019nun y\u0131k\u0131lmas\u0131 i\u00e7in \u00e7al\u0131\u015fan bir ajan durumuna gelmi\u015fti?  Prof. Dr. Taha Niyazi Karaca, ilk defa ba\u015fvurulan ar\u015fivler ve ke\u015ffedilen belgeler \u0131\u015f\u0131\u011f\u0131nda daha \u00f6nce bir\u00e7ok y\u00f6n\u00fc irdelenmemi\u015f GertrudeBell\u2019in bamba\u015fka bir portresini ortaya \u00e7\u0131kar\u0131yor. \u201cD\u00fcnyaya medeniyet yayd\u0131\u011f\u0131na inand\u0131\u011f\u0131\u201d \u00fclkesine lay\u0131k olmak i\u00e7in var g\u00fcc\u00fcyle \u00e7al\u0131\u015fm\u0131\u015f GertrudeBell\u2019in yaln\u0131z ba\u015f\u0131na Arap \u00e7\u00f6llerine girecek cesareti bulabildi\u011fi s\u0131rad\u0131\u015f\u0131 ya\u015fam\u0131 t\u00fcm hik\u00e2yesiyle g\u00f6zler \u00f6n\u00fcne seriliyor.Bu kitap, GertrudeBell\u2019i biyografik olarak sunmakla kalm\u0131yor, onun Orta Do\u011fu\u2019nun \u015fekillenmesinde rol oynam\u0131\u015f ki\u015filerden biri oldu\u011funu teferruat\u0131yla anlat\u0131yor. Bir taraftan \u00f6\u011frencili\u011fi, tarih\u00e7ili\u011fi, arkeoloji \u00e7al\u0131\u015fmalar\u0131 ve gezilerinden bahsederken di\u011fer taraftan da yeniden \u015fekillenen Orta Do\u011fu\u2019daki geli\u015fmelerin seyrini, n\u00fcfuz m\u00fccadelelerini irdeliyor.Bu a\u00e7\u0131dan kitapta GertrudeBell\u2019in \u00f6zel ya\u015fam\u0131na paralel olarak 19. y\u00fczy\u0131l\u0131 \u015fekillendiren \u00f6nemli olaylar da yer buluyor.\u0130ngiltere\u2019nin Kut\u00fclamare yenilgisi ve b\u00f6lge politikas\u0131na etkisi, \u0130ngiliz-Frans\u0131z ortakl\u0131\u011f\u0131 ve Sykes-Picot Anla\u015fmas\u0131, Balfour Deklarasyonu, Paris Bar\u0131\u015f Konferans\u0131, PercyCox ve Mezopotamya Sivil \u0130daresi\u2019nin kurulmas\u0131, Fransa\u2019n\u0131n Suriye\u2019yi i\u015fgali, Kahire Konferans\u0131, Faysal\u2019\u0131n Irak Kral\u0131 yap\u0131lmas\u0131 gibi son derece kritik meseleler GertrudeBell\u2019in d\u00fc\u015f\u00fcnceleri ve tarihi ger\u00e7ekler e\u015fli\u011finde a\u00e7\u0131klan\u0131yor.S\u0131n\u0131rlar\u0131 \u00c7izen Kad\u0131n: \u0130ngiliz Casus GertrudeBell, haritalar\u0131yla ve foto\u011fraflar\u0131yla soluk solu\u011fa okunacak bir kaynak niteli\u011fi ta\u015f\u0131yor\u2026<\/p>\n","protected":false},"excerpt":{"rendered":"<p>GertrudeBell\u2019in Ortado\u011fu\u2019nun \u015fekillenmesinde oynad\u0131\u011f\u0131 rol neydi? Yazar, arkeolog, seyyah ve casus olarak bilinen GertrudeBell asl\u0131nda kimdi? Nas\u0131l bir s\u00fcre\u00e7ten ge\u00e7erek Osmanl\u0131 \u0130mparatorlu\u011fu\u2019nun y\u0131k\u0131lmas\u0131 i\u00e7in \u00e7al\u0131\u015fan bir<span class=\"excerpt-hellip\"> [\u2026]<\/span><\/p>\n","protected":false},"featured_media":0,"template":"","meta":{"_monsterinsights_skip_tracking":false,"_monsterinsights_sitenote_active":false,"_monsterinsights_sitenote_note":"","_monsterinsights_sitenote_category":0},"product_brand":[],"product_cat":[12312,12304],"product_tag":[],"class_list":{"0":"post-716432","1":"product","2":"type-product","3":"status-publish","5":"product_cat-diger","6":"product_cat-tarih","7":"pa_cilt-ciltsiz","8":"pa_tur-kitap","9":"pa_yayinevi-kronik-kitap","10":"pa_yazar-taha-niyazi-karaca","12":"first","13":"instock","14":"sale","15":"shipping-taxable","16":"purchasable","17":"product-type-simple"},"_links":{"self":[{"href":"https:\/\/roveyayinevi.com.tr\/index.php\/wp-json\/wp\/v2\/product\/716432","targetHints":{"allow":["GET"]}}],"collection":[{"href":"https:\/\/roveyayinevi.com.tr\/index.php\/wp-json\/wp\/v2\/product"}],"about":[{"href":"https:\/\/roveyayinevi.com.tr\/index.php\/wp-json\/wp\/v2\/types\/product"}],"wp:attachment":[{"href":"https:\/\/roveyayinevi.com.tr\/index.php\/wp-json\/wp\/v2\/media?parent=716432"}],"wp:term":[{"taxonomy":"product_brand","embeddable":true,"href":"https:\/\/roveyayinevi.com.tr\/index.php\/wp-json\/wp\/v2\/product_brand?post=716432"},{"taxonomy":"product_cat","embeddable":true,"href":"https:\/\/roveyayinevi.com.tr\/index.php\/wp-json\/wp\/v2\/product_cat?post=716432"},{"taxonomy":"product_tag","embeddable":true,"href":"https:\/\/roveyayinevi.com.tr\/index.php\/wp-json\/wp\/v2\/product_tag?post=716432"}],"curies":[{"name":"wp","href":"https:\/\/api.w.org\/{rel}","templated":true}]}}