{"id":716427,"date":"2025-08-27T17:42:33","date_gmt":"2025-08-27T14:42:33","guid":{"rendered":"https:\/\/roveyayinevi.com.tr\/index.php\/urun\/1984-kirmizi-kutulu-ozel-baski\/"},"modified":"2026-04-16T02:24:38","modified_gmt":"2026-04-15T23:24:38","slug":"1984-kirmizi-kutulu-ozel-baski","status":"publish","type":"product","link":"https:\/\/roveyayinevi.com.tr\/index.php\/urun\/1984-kirmizi-kutulu-ozel-baski\/","title":{"rendered":"1984 &#8211; (K\u0131rm\u0131z\u0131 Kutulu \u00d6zel Bask\u0131)"},"content":{"rendered":"<p>\u201cGeorge Orwell\u2019in bug\u00fcne kadar t\u00fcm d\u00fcnyada y\u00fcz\u00fc a\u015fk\u0131n farkl\u0131 bas\u0131m\u0131 yap\u0131lm\u0131\u015f roman\u0131 Bin Dokuz Y\u00fcz  Seksen D\u00f6rt\u2019\u00fc bu benzersiz tasar\u0131m\u0131yla sunmaktan gurur duyuyoruz. \u201d <\/p>\n","protected":false},"excerpt":{"rendered":"<p>\u201cGeorge Orwell\u2019in bug\u00fcne kadar t\u00fcm d\u00fcnyada y\u00fcz\u00fc a\u015fk\u0131n farkl\u0131 bas\u0131m\u0131 yap\u0131lm\u0131\u015f roman\u0131 Bin Dokuz Y\u00fcz Seksen D\u00f6rt\u2019\u00fc bu benzersiz tasar\u0131m\u0131yla sunmaktan gurur duyuyoruz. \u201d<\/p>\n","protected":false},"featured_media":0,"template":"","meta":{"_monsterinsights_skip_tracking":false,"_monsterinsights_sitenote_active":false,"_monsterinsights_sitenote_note":"","_monsterinsights_sitenote_category":0},"product_brand":[],"product_cat":[12291,12711],"product_tag":[],"class_list":{"0":"post-716427","1":"product","2":"type-product","3":"status-publish","5":"product_cat-edebiyat","6":"product_cat-roman-oyku","7":"pa_cilt-ciltli","8":"pa_tur-kitap","9":"pa_yayinevi-can-yayinlari","10":"pa_yazar-george-orwell","12":"first","13":"instock","14":"sale","15":"shipping-taxable","16":"purchasable","17":"product-type-simple"},"_links":{"self":[{"href":"https:\/\/roveyayinevi.com.tr\/index.php\/wp-json\/wp\/v2\/product\/716427","targetHints":{"allow":["GET"]}}],"collection":[{"href":"https:\/\/roveyayinevi.com.tr\/index.php\/wp-json\/wp\/v2\/product"}],"about":[{"href":"https:\/\/roveyayinevi.com.tr\/index.php\/wp-json\/wp\/v2\/types\/product"}],"wp:attachment":[{"href":"https:\/\/roveyayinevi.com.tr\/index.php\/wp-json\/wp\/v2\/media?parent=716427"}],"wp:term":[{"taxonomy":"product_brand","embeddable":true,"href":"https:\/\/roveyayinevi.com.tr\/index.php\/wp-json\/wp\/v2\/product_brand?post=716427"},{"taxonomy":"product_cat","embeddable":true,"href":"https:\/\/roveyayinevi.com.tr\/index.php\/wp-json\/wp\/v2\/product_cat?post=716427"},{"taxonomy":"product_tag","embeddable":true,"href":"https:\/\/roveyayinevi.com.tr\/index.php\/wp-json\/wp\/v2\/product_tag?post=716427"}],"curies":[{"name":"wp","href":"https:\/\/api.w.org\/{rel}","templated":true}]}}