{"id":716424,"date":"2025-08-27T17:42:31","date_gmt":"2025-08-27T14:42:31","guid":{"rendered":"https:\/\/roveyayinevi.com.tr\/index.php\/urun\/cinde-bir-cinlinin-basina-gelenler\/"},"modified":"2026-04-03T02:31:00","modified_gmt":"2026-04-02T23:31:00","slug":"cinde-bir-cinlinin-basina-gelenler","status":"publish","type":"product","link":"https:\/\/roveyayinevi.com.tr\/index.php\/urun\/cinde-bir-cinlinin-basina-gelenler\/","title":{"rendered":"\u00c7in&#8217;de Bir \u00c7inlinin Ba\u015f\u0131na Gelenler"},"content":{"rendered":"<p>Kin-Fo zengin bir \u00c7inlidir. Hayatta her \u015feye sahiptir, tek eksi\u011fi ya\u015fama sevincidir. Bir g\u00fcn b\u00fct\u00fcn servetini kaybetti\u011fini \u00f6\u011frenince bir sigorta \u015firketine gidip kendisi i\u00e7in kapsaml\u0131 bir hayat sigortas\u0131 yapt\u0131r\u0131r. \u015eimdi geriye kalan tek \u015fey \u00f6l\u00fcp herkesi mutlu etmektir. Bunun i\u00e7in de Wang\u2019dan iki ay i\u00e7inde kendisini \u00f6ld\u00fcrmesini ister. Birka\u00e7 g\u00fcn sonra Kin-Fo asl\u0131nda iflas etmedi\u011fini aksine servetini ikiye katlad\u0131\u011f\u0131n\u0131 \u00f6\u011frenir. Ama Wang, Kin-Fo\u2019nun mektubuyla s\u0131rra kadem basm\u0131\u015ft\u0131r ve herkes bilir ki o s\u00f6z\u00fcn\u00fcn eri biridir. Wang\u2019\u0131 bulmak zorunda olan Kin-Fo, sad\u0131k hizmet\u00e7isi Soun ve sigorta \u015firketinin iki temsilcisiyle soluk solu\u011fa bir maceraya at\u0131l\u0131r. \u00c7in\u2019de Bir \u00c7inlinin Ba\u015f\u0131na Gelenler, b\u00fcy\u00fck usta Jules Verne\u2019in \u201cOla\u011fan\u00fcst\u00fc Yolculuklar\u201d serisinin belki de en e\u011flenceli roman\u0131.c<\/p>\n","protected":false},"excerpt":{"rendered":"<p>Kin-Fo zengin bir \u00c7inlidir. Hayatta her \u015feye sahiptir, tek eksi\u011fi ya\u015fama sevincidir. Bir g\u00fcn b\u00fct\u00fcn servetini kaybetti\u011fini \u00f6\u011frenince bir sigorta \u015firketine gidip kendisi i\u00e7in kapsaml\u0131 bir<span class=\"excerpt-hellip\"> [\u2026]<\/span><\/p>\n","protected":false},"featured_media":0,"template":"","meta":{"_monsterinsights_skip_tracking":false,"_monsterinsights_sitenote_active":false,"_monsterinsights_sitenote_note":"","_monsterinsights_sitenote_category":0},"product_brand":[],"product_cat":[12291,12711],"product_tag":[],"class_list":{"0":"post-716424","1":"product","2":"type-product","3":"status-publish","5":"product_cat-edebiyat","6":"product_cat-roman-oyku","7":"pa_cilt-ciltsiz","8":"pa_tur-kitap","9":"pa_yayinevi-alfa-yayinlari","10":"pa_yazar-jules-verne","12":"first","13":"instock","14":"sale","15":"shipping-taxable","16":"purchasable","17":"product-type-simple"},"_links":{"self":[{"href":"https:\/\/roveyayinevi.com.tr\/index.php\/wp-json\/wp\/v2\/product\/716424","targetHints":{"allow":["GET"]}}],"collection":[{"href":"https:\/\/roveyayinevi.com.tr\/index.php\/wp-json\/wp\/v2\/product"}],"about":[{"href":"https:\/\/roveyayinevi.com.tr\/index.php\/wp-json\/wp\/v2\/types\/product"}],"wp:attachment":[{"href":"https:\/\/roveyayinevi.com.tr\/index.php\/wp-json\/wp\/v2\/media?parent=716424"}],"wp:term":[{"taxonomy":"product_brand","embeddable":true,"href":"https:\/\/roveyayinevi.com.tr\/index.php\/wp-json\/wp\/v2\/product_brand?post=716424"},{"taxonomy":"product_cat","embeddable":true,"href":"https:\/\/roveyayinevi.com.tr\/index.php\/wp-json\/wp\/v2\/product_cat?post=716424"},{"taxonomy":"product_tag","embeddable":true,"href":"https:\/\/roveyayinevi.com.tr\/index.php\/wp-json\/wp\/v2\/product_tag?post=716424"}],"curies":[{"name":"wp","href":"https:\/\/api.w.org\/{rel}","templated":true}]}}