{"id":716423,"date":"2025-08-27T17:42:30","date_gmt":"2025-08-27T14:42:30","guid":{"rendered":"https:\/\/roveyayinevi.com.tr\/index.php\/urun\/maske\/"},"modified":"2026-04-16T02:24:38","modified_gmt":"2026-04-15T23:24:38","slug":"maske","status":"publish","type":"product","link":"https:\/\/roveyayinevi.com.tr\/index.php\/urun\/maske\/","title":{"rendered":"Maske"},"content":{"rendered":"<p>Romanovlarda sular durulmuyor. Tehdit \u00e7anlar\u0131 \u00e7alarken bu defa s\u0131ra ger\u00e7ek hislerini maskeleyen Adrian\u2019a geliyor.   Adrian sonradan edindi\u011fi Romanov soyad\u0131n\u0131n a\u011f\u0131rl\u0131\u011f\u0131 ve kendi ge\u00e7mi\u015fi alt\u0131nda eziliyordu. Sokaklar\u0131n kurals\u0131zl\u0131\u011f\u0131yla b\u00fcy\u00fcyen ruhu, ge\u00e7mi\u015fi ve gelece\u011fiyle hesapla\u015f\u0131rken, sahip olamayaca\u011f\u0131n\u0131 sand\u0131\u011f\u0131 \u015feyi arzulam\u0131\u015ft\u0131 ve art\u0131k maskesini \u00e7\u0131karmak zorunda kalacakt\u0131.   Jasmine zor oldu\u011funu d\u00fc\u015f\u00fcnd\u00fc\u011f\u00fc ya\u015fam\u0131n\u0131n y\u00fck\u00fcn\u00fc tek bir gecede ve tek bir g\u00fcnahla a\u011f\u0131rla\u015ft\u0131rm\u0131\u015ft\u0131. Arzular\u0131na yenik d\u00fc\u015ft\u00fc\u011f\u00fc gecenin bedeli onar\u0131lamayacak kadar k\u0131r\u0131k bir kalp olmu\u015ftu. Oysa ger\u00e7ek a\u015fk\u0131n onaramayaca\u011f\u0131 bir yara var m\u0131yd\u0131 hayatta?   Tek bir gecenin ard\u0131ndan ge\u00e7en \u00fc\u00e7 y\u0131ldan sonra art\u0131k vazge\u00e7mek yoktu; t\u00fcm g\u00fcnahlar\u0131n bedeli sadece en ger\u00e7ek a\u015fkla \u00f6denirdi. <\/p>\n","protected":false},"excerpt":{"rendered":"<p>Romanovlarda sular durulmuyor. Tehdit \u00e7anlar\u0131 \u00e7alarken bu defa s\u0131ra ger\u00e7ek hislerini maskeleyen Adrian\u2019a geliyor. Adrian sonradan edindi\u011fi Romanov soyad\u0131n\u0131n a\u011f\u0131rl\u0131\u011f\u0131 ve kendi ge\u00e7mi\u015fi alt\u0131nda eziliyordu. Sokaklar\u0131n<span class=\"excerpt-hellip\"> [\u2026]<\/span><\/p>\n","protected":false},"featured_media":0,"template":"","meta":{"_monsterinsights_skip_tracking":false,"_monsterinsights_sitenote_active":false,"_monsterinsights_sitenote_note":"","_monsterinsights_sitenote_category":0},"product_brand":[],"product_cat":[12291,12711],"product_tag":[],"class_list":{"0":"post-716423","1":"product","2":"type-product","3":"status-publish","5":"product_cat-edebiyat","6":"product_cat-roman-oyku","7":"pa_cilt-ciltsiz","8":"pa_tur-kitap","9":"pa_yayinevi-muptela-yayinevi","10":"pa_yazar-m-a-lemariz","12":"first","13":"instock","14":"sale","15":"shipping-taxable","16":"purchasable","17":"product-type-simple"},"_links":{"self":[{"href":"https:\/\/roveyayinevi.com.tr\/index.php\/wp-json\/wp\/v2\/product\/716423","targetHints":{"allow":["GET"]}}],"collection":[{"href":"https:\/\/roveyayinevi.com.tr\/index.php\/wp-json\/wp\/v2\/product"}],"about":[{"href":"https:\/\/roveyayinevi.com.tr\/index.php\/wp-json\/wp\/v2\/types\/product"}],"wp:attachment":[{"href":"https:\/\/roveyayinevi.com.tr\/index.php\/wp-json\/wp\/v2\/media?parent=716423"}],"wp:term":[{"taxonomy":"product_brand","embeddable":true,"href":"https:\/\/roveyayinevi.com.tr\/index.php\/wp-json\/wp\/v2\/product_brand?post=716423"},{"taxonomy":"product_cat","embeddable":true,"href":"https:\/\/roveyayinevi.com.tr\/index.php\/wp-json\/wp\/v2\/product_cat?post=716423"},{"taxonomy":"product_tag","embeddable":true,"href":"https:\/\/roveyayinevi.com.tr\/index.php\/wp-json\/wp\/v2\/product_tag?post=716423"}],"curies":[{"name":"wp","href":"https:\/\/api.w.org\/{rel}","templated":true}]}}