{"id":716418,"date":"2025-08-27T17:42:26","date_gmt":"2025-08-27T14:42:26","guid":{"rendered":"https:\/\/roveyayinevi.com.tr\/index.php\/urun\/altin-sacli-kiz-ve-uc-ayi\/"},"modified":"2026-04-16T02:24:38","modified_gmt":"2026-04-15T23:24:38","slug":"altin-sacli-kiz-ve-uc-ayi","status":"publish","type":"product","link":"https:\/\/roveyayinevi.com.tr\/index.php\/urun\/altin-sacli-kiz-ve-uc-ayi\/","title":{"rendered":"Alt\u0131n Sa\u00e7l\u0131 K\u0131z ve \u00dc\u00e7 Ay\u0131"},"content":{"rendered":"<p>Harika resimlerle \u00fcnl\u00fc masal ve \u00f6yk\u00fcler \u00dcnl\u00fc Eserler Serisi 1. Pamuk Prenses 2. Rapunzel 3. Uyuyan G\u00fczel 4. Alt\u0131n Sa\u00e7l\u0131 K\u0131z ve \u00dc\u00e7 Ay\u0131 5. Hansel ile Gretel 6. \u00c7izmeli Kedi 7. Fareli K\u00f6y\u00fcn Kavalc\u0131s\u0131 8. Alaaddin\u2019in Sihirli Lambas\u0131 9. Kur\u015fun Asker 10. Pinokyo 11. Beremen M\u0131z\u0131kac\u0131lar\u0131 12. Prenses ve Bezelye Tanesi 13. Kurt ile Yedi Ke\u00e7i Yavrusu 14. Jack ve Fasulye S\u0131r\u0131\u011f\u0131 15. Kurba\u011fa Prens 16. \u00c7irkin \u00d6rdek Yavrusu 17. Kral\u2019\u0131n Yeni Giysileri 18. Kibrit\u00e7i K\u0131z 19. K\u00fc\u00e7\u00fck Deniz K\u0131z\u0131 20. Kurt ile \u00dc\u00e7 Yavru Tav\u015fan 21. Kendini Ak\u0131ll\u0131 Sanan K\u00fc\u00e7\u00fck Kurt 22. Babas\u0131n\u0131 Kurtaran \u00c7ocuk 23. Payla\u015fmay\u0131 Seven K\u00fc\u00e7\u00fck Kirpi 24. Ejderhalar\u0131 Rahats\u0131z Etmeyin 25. Maymunlar Neden A\u011fa\u00e7ta Ya\u015far? 26. Z\u00fcrafan\u0131n Boynu Neden Uzun?    <\/p>\n","protected":false},"excerpt":{"rendered":"<p>Harika resimlerle \u00fcnl\u00fc masal ve \u00f6yk\u00fcler \u00dcnl\u00fc Eserler Serisi 1. Pamuk Prenses 2. Rapunzel 3. Uyuyan G\u00fczel 4. Alt\u0131n Sa\u00e7l\u0131 K\u0131z ve \u00dc\u00e7 Ay\u0131 5. Hansel<span class=\"excerpt-hellip\"> [\u2026]<\/span><\/p>\n","protected":false},"featured_media":0,"template":"","meta":{"_monsterinsights_skip_tracking":false,"_monsterinsights_sitenote_active":false,"_monsterinsights_sitenote_note":"","_monsterinsights_sitenote_category":0},"product_brand":[],"product_cat":[12274,12284],"product_tag":[],"class_list":{"0":"post-716418","1":"product","2":"type-product","3":"status-publish","5":"product_cat-cocuk-ve-genclik-kitaplari","6":"product_cat-hikayeler","7":"pa_cilt-ciltsiz","8":"pa_tur-kitap","9":"pa_yayinevi-mavi-kelebek-yayinlari","10":"pa_yazar-robert-southey","12":"first","13":"instock","14":"sale","15":"shipping-taxable","16":"purchasable","17":"product-type-simple"},"_links":{"self":[{"href":"https:\/\/roveyayinevi.com.tr\/index.php\/wp-json\/wp\/v2\/product\/716418","targetHints":{"allow":["GET"]}}],"collection":[{"href":"https:\/\/roveyayinevi.com.tr\/index.php\/wp-json\/wp\/v2\/product"}],"about":[{"href":"https:\/\/roveyayinevi.com.tr\/index.php\/wp-json\/wp\/v2\/types\/product"}],"wp:attachment":[{"href":"https:\/\/roveyayinevi.com.tr\/index.php\/wp-json\/wp\/v2\/media?parent=716418"}],"wp:term":[{"taxonomy":"product_brand","embeddable":true,"href":"https:\/\/roveyayinevi.com.tr\/index.php\/wp-json\/wp\/v2\/product_brand?post=716418"},{"taxonomy":"product_cat","embeddable":true,"href":"https:\/\/roveyayinevi.com.tr\/index.php\/wp-json\/wp\/v2\/product_cat?post=716418"},{"taxonomy":"product_tag","embeddable":true,"href":"https:\/\/roveyayinevi.com.tr\/index.php\/wp-json\/wp\/v2\/product_tag?post=716418"}],"curies":[{"name":"wp","href":"https:\/\/api.w.org\/{rel}","templated":true}]}}