{"id":716410,"date":"2025-08-27T17:42:20","date_gmt":"2025-08-27T14:42:20","guid":{"rendered":"https:\/\/roveyayinevi.com.tr\/index.php\/urun\/alaaddinin-sihirli-lambasi-unlu-eserler-serisi\/"},"modified":"2026-04-16T02:24:38","modified_gmt":"2026-04-15T23:24:38","slug":"alaaddinin-sihirli-lambasi-unlu-eserler-serisi","status":"publish","type":"product","link":"https:\/\/roveyayinevi.com.tr\/index.php\/urun\/alaaddinin-sihirli-lambasi-unlu-eserler-serisi\/","title":{"rendered":"Alaaddin\u2019in Sihirli Lambas\u0131 &#8211; \u00dcnl\u00fc Eserler Serisi"},"content":{"rendered":"<p>Pamuk Prenses Rapunzel Uyuyan G\u00fczel Alt\u0131n Sa\u00e7l\u0131 K\u0131z ve \u00dc\u00e7 Ay\u0131 Hansel ile Gretel \u00c7izmeli Kedi Fareli K\u00f6y\u00fcn Kavalc\u0131s\u0131 Alaaddin\u2019in Sihirli Lambas\u0131 Kur\u015fun Asker Pinokyo Beremen M\u0131z\u0131kac\u0131lar\u0131 Prenses ve Bezelye Tanesi Kurt ile Yedi Ke\u00e7i Yavrusu Jack ve Fasulye S\u0131r\u0131\u011f\u0131 Kurba\u011fa Prens \u00c7irkin \u00d6rdek Yavrusu Kral\u2019\u0131n Yeni Giysileri Kibrit\u00e7i K\u0131z K\u00fc\u00e7\u00fck Deniz K\u0131z\u0131 Kurt ile \u00dc\u00e7 Yavru Tav\u015fan Kendini Ak\u0131ll\u0131 Sanan K\u00fc\u00e7\u00fck Kurt Babas\u0131n\u0131 Kurtaran \u00c7ocuk Payla\u015fmay\u0131 Seven K\u00fc\u00e7\u00fck Kirpi Ejderhalar\u0131 Rahats\u0131z Etmeyin Maymunlar Neden A\u011fa\u00e7ta Ya\u015far? Z\u00fcrafan\u0131n Boynu Neden Uzun? <\/p>\n","protected":false},"excerpt":{"rendered":"<p>Pamuk Prenses Rapunzel Uyuyan G\u00fczel Alt\u0131n Sa\u00e7l\u0131 K\u0131z ve \u00dc\u00e7 Ay\u0131 Hansel ile Gretel \u00c7izmeli Kedi Fareli K\u00f6y\u00fcn Kavalc\u0131s\u0131 Alaaddin\u2019in Sihirli Lambas\u0131 Kur\u015fun Asker Pinokyo Beremen<span class=\"excerpt-hellip\"> [\u2026]<\/span><\/p>\n","protected":false},"featured_media":0,"template":"","meta":{"_monsterinsights_skip_tracking":false,"_monsterinsights_sitenote_active":false,"_monsterinsights_sitenote_note":"","_monsterinsights_sitenote_category":0},"product_brand":[],"product_cat":[12274,12284],"product_tag":[],"class_list":{"0":"post-716410","1":"product","2":"type-product","3":"status-publish","5":"product_cat-cocuk-ve-genclik-kitaplari","6":"product_cat-hikayeler","7":"pa_cilt-ciltsiz","8":"pa_tur-kitap","9":"pa_yayinevi-mavi-kelebek-yayinlari","10":"pa_yazar-kolektif","12":"first","13":"instock","14":"sale","15":"shipping-taxable","16":"purchasable","17":"product-type-simple"},"_links":{"self":[{"href":"https:\/\/roveyayinevi.com.tr\/index.php\/wp-json\/wp\/v2\/product\/716410","targetHints":{"allow":["GET"]}}],"collection":[{"href":"https:\/\/roveyayinevi.com.tr\/index.php\/wp-json\/wp\/v2\/product"}],"about":[{"href":"https:\/\/roveyayinevi.com.tr\/index.php\/wp-json\/wp\/v2\/types\/product"}],"wp:attachment":[{"href":"https:\/\/roveyayinevi.com.tr\/index.php\/wp-json\/wp\/v2\/media?parent=716410"}],"wp:term":[{"taxonomy":"product_brand","embeddable":true,"href":"https:\/\/roveyayinevi.com.tr\/index.php\/wp-json\/wp\/v2\/product_brand?post=716410"},{"taxonomy":"product_cat","embeddable":true,"href":"https:\/\/roveyayinevi.com.tr\/index.php\/wp-json\/wp\/v2\/product_cat?post=716410"},{"taxonomy":"product_tag","embeddable":true,"href":"https:\/\/roveyayinevi.com.tr\/index.php\/wp-json\/wp\/v2\/product_tag?post=716410"}],"curies":[{"name":"wp","href":"https:\/\/api.w.org\/{rel}","templated":true}]}}