{"id":716409,"date":"2025-08-27T17:42:20","date_gmt":"2025-08-27T14:42:20","guid":{"rendered":"https:\/\/roveyayinevi.com.tr\/index.php\/urun\/sevmek-zamani-muazzez\/"},"modified":"2026-04-16T02:24:38","modified_gmt":"2026-04-15T23:24:38","slug":"sevmek-zamani-muazzez","status":"publish","type":"product","link":"https:\/\/roveyayinevi.com.tr\/index.php\/urun\/sevmek-zamani-muazzez\/","title":{"rendered":"Sevmek Zaman\u0131 &#8211; Muazzez"},"content":{"rendered":"<p>R\u00fczg\u00e2r bitti ku\u015flar gitti bir tek sen kald\u0131n akl\u0131mda. Penceremdeki tozlar ve g\u00fcvercin art\u0131klar\u0131 nerede diyorlar, camlar\u0131na ho\u015f gelen ya\u011fmur damlalar\u0131 Sen yoksun. Yast\u0131\u011f\u0131m k\u00fcsk\u00fcn. Terkedece\u011fim bu \u015fehri, sen yoksun. R\u00fczg\u00e2r bitti.<\/p>\n","protected":false},"excerpt":{"rendered":"<p>R\u00fczg\u00e2r bitti ku\u015flar gitti bir tek sen kald\u0131n akl\u0131mda. Penceremdeki tozlar ve g\u00fcvercin art\u0131klar\u0131 nerede diyorlar, camlar\u0131na ho\u015f gelen ya\u011fmur damlalar\u0131 Sen yoksun. Yast\u0131\u011f\u0131m k\u00fcsk\u00fcn. Terkedece\u011fim<span class=\"excerpt-hellip\"> [\u2026]<\/span><\/p>\n","protected":false},"featured_media":0,"template":"","meta":{"_monsterinsights_skip_tracking":false,"_monsterinsights_sitenote_active":false,"_monsterinsights_sitenote_note":"","_monsterinsights_sitenote_category":0},"product_brand":[],"product_cat":[12291,12509],"product_tag":[],"class_list":{"0":"post-716409","1":"product","2":"type-product","3":"status-publish","5":"product_cat-edebiyat","6":"product_cat-siir","7":"pa_cilt-ciltsiz","8":"pa_tur-kitap","9":"pa_yayinevi-luna-yayinlari","10":"pa_yazar-umit-aksac","12":"first","13":"instock","14":"sale","15":"shipping-taxable","16":"purchasable","17":"product-type-simple"},"_links":{"self":[{"href":"https:\/\/roveyayinevi.com.tr\/index.php\/wp-json\/wp\/v2\/product\/716409","targetHints":{"allow":["GET"]}}],"collection":[{"href":"https:\/\/roveyayinevi.com.tr\/index.php\/wp-json\/wp\/v2\/product"}],"about":[{"href":"https:\/\/roveyayinevi.com.tr\/index.php\/wp-json\/wp\/v2\/types\/product"}],"wp:attachment":[{"href":"https:\/\/roveyayinevi.com.tr\/index.php\/wp-json\/wp\/v2\/media?parent=716409"}],"wp:term":[{"taxonomy":"product_brand","embeddable":true,"href":"https:\/\/roveyayinevi.com.tr\/index.php\/wp-json\/wp\/v2\/product_brand?post=716409"},{"taxonomy":"product_cat","embeddable":true,"href":"https:\/\/roveyayinevi.com.tr\/index.php\/wp-json\/wp\/v2\/product_cat?post=716409"},{"taxonomy":"product_tag","embeddable":true,"href":"https:\/\/roveyayinevi.com.tr\/index.php\/wp-json\/wp\/v2\/product_tag?post=716409"}],"curies":[{"name":"wp","href":"https:\/\/api.w.org\/{rel}","templated":true}]}}