{"id":716401,"date":"2025-08-27T17:42:14","date_gmt":"2025-08-27T14:42:14","guid":{"rendered":"https:\/\/roveyayinevi.com.tr\/index.php\/urun\/kanser-hastalariyla-psikoterapi-bireysel-anlam-odakli-psikoterapi-terapist-kilavuzu\/"},"modified":"2025-11-21T05:06:28","modified_gmt":"2025-11-21T02:06:28","slug":"kanser-hastalariyla-psikoterapi-bireysel-anlam-odakli-psikoterapi-terapist-kilavuzu","status":"publish","type":"product","link":"https:\/\/roveyayinevi.com.tr\/index.php\/urun\/kanser-hastalariyla-psikoterapi-bireysel-anlam-odakli-psikoterapi-terapist-kilavuzu\/","title":{"rendered":"Kanser Hastalar\u0131yla Psikoterapi &#8211; Bireysel Anlam Odakl\u0131 Psikoterapi-Terapist K\u0131lavuzu"},"content":{"rendered":"<p>Elinizdeki k\u0131lavuzun klinisyenler, psikiyatristler, psikologlar, uzmanlar ve ara\u015ft\u0131rmac\u0131lar\u0131n, kanser hastalar\u0131yla terapi ortam\u0131nda kullanabilecekleri ve farkl\u0131 k\u00fclt\u00fcrlerde ve dillerde her ad\u0131mda yararlanabilecekleri bir rehber olaca\u011f\u0131na inan\u0131yoruz. Anlam Odakl\u0131 Psikoterapinin tasarlanmas\u0131, geli\u015ftirilmesi, test edilmesi ve son olarak da etkili bir grup tedavisi y\u00f6ntemi olarak kan\u0131tlanmas\u0131nda varolu\u015fsal felsefe ve psikiyatrinin \u00f6nc\u00fclerinin b\u00fcy\u00fck etkisi olmu\u015ftur. Bu kitap, ruh sa\u011fl\u0131\u011f\u0131 uzmanlar\u0131n\u0131n konuyla ilgili bilgilenmesini ve deneyim kazanmas\u0131n\u0131 hedeflemektedir. <\/p>\n","protected":false},"excerpt":{"rendered":"<p>Elinizdeki k\u0131lavuzun klinisyenler, psikiyatristler, psikologlar, uzmanlar ve ara\u015ft\u0131rmac\u0131lar\u0131n, kanser hastalar\u0131yla terapi ortam\u0131nda kullanabilecekleri ve farkl\u0131 k\u00fclt\u00fcrlerde ve dillerde her ad\u0131mda yararlanabilecekleri bir rehber olaca\u011f\u0131na inan\u0131yoruz. Anlam<span class=\"excerpt-hellip\"> [\u2026]<\/span><\/p>\n","protected":false},"featured_media":0,"template":"","meta":{"_monsterinsights_skip_tracking":false,"_monsterinsights_sitenote_active":false,"_monsterinsights_sitenote_note":"","_monsterinsights_sitenote_category":0},"product_brand":[],"product_cat":[16965,13365],"product_tag":[],"class_list":{"0":"post-716401","1":"product","2":"type-product","3":"status-publish","5":"product_cat-genel-saglik-kitaplari","6":"product_cat-saglik","7":"pa_cilt-ciltsiz","8":"pa_tur-kitap","9":"pa_yayinevi-psikonet-yayinlari","10":"pa_yazar-william-breitbart-shannon-r-poppito","12":"first","13":"instock","14":"sale","15":"shipping-taxable","16":"purchasable","17":"product-type-simple"},"_links":{"self":[{"href":"https:\/\/roveyayinevi.com.tr\/index.php\/wp-json\/wp\/v2\/product\/716401","targetHints":{"allow":["GET"]}}],"collection":[{"href":"https:\/\/roveyayinevi.com.tr\/index.php\/wp-json\/wp\/v2\/product"}],"about":[{"href":"https:\/\/roveyayinevi.com.tr\/index.php\/wp-json\/wp\/v2\/types\/product"}],"wp:attachment":[{"href":"https:\/\/roveyayinevi.com.tr\/index.php\/wp-json\/wp\/v2\/media?parent=716401"}],"wp:term":[{"taxonomy":"product_brand","embeddable":true,"href":"https:\/\/roveyayinevi.com.tr\/index.php\/wp-json\/wp\/v2\/product_brand?post=716401"},{"taxonomy":"product_cat","embeddable":true,"href":"https:\/\/roveyayinevi.com.tr\/index.php\/wp-json\/wp\/v2\/product_cat?post=716401"},{"taxonomy":"product_tag","embeddable":true,"href":"https:\/\/roveyayinevi.com.tr\/index.php\/wp-json\/wp\/v2\/product_tag?post=716401"}],"curies":[{"name":"wp","href":"https:\/\/api.w.org\/{rel}","templated":true}]}}