{"id":716399,"date":"2025-08-27T17:42:13","date_gmt":"2025-08-27T14:42:13","guid":{"rendered":"https:\/\/roveyayinevi.com.tr\/index.php\/urun\/heykeller-konusabilseydi\/"},"modified":"2026-04-16T02:24:38","modified_gmt":"2026-04-15T23:24:38","slug":"heykeller-konusabilseydi","status":"publish","type":"product","link":"https:\/\/roveyayinevi.com.tr\/index.php\/urun\/heykeller-konusabilseydi\/","title":{"rendered":"Heykeller Konu\u015fabilseydi&#8230;"},"content":{"rendered":"<p>Hegel\u2019in sanat i\u00e7in s\u00f6ylemi\u015f oldu\u011fu \u201c..D\u0131\u015fsal g\u00f6r\u00fcn\u00fc\u015f\u00fcn bizim i\u00e7in bir de\u011feri yoktur. Onun gerisinde i\u00e7sel bir \u015fey, bir anlam vard\u0131r&#8230;\u201d c\u00fcmlesi, bu kitab\u0131n antik Yunan heykelini anlatmak i\u00e7in se\u00e7ti\u011fi temel hedefidir. Burada heykeller, e\u011fer \u2018konu\u015fabilselerdi\u2019 \u00fcretildikleri d\u00f6nem ile ilgili olarak yap\u0131l\u0131\u015f nedenleri, arka planlar\u0131ndaki propaganda, dini mesajlar ve toplumsal-felsefi itici g\u00fc\u00e7ler konular\u0131nda bize neler s\u00f6yleyebilecekleri d\u00fc\u015f\u00fcn\u00fclerek ele al\u0131nmaktad\u0131rlar.   Hangi d\u00f6neme ait olurlarsa olsunlar, heykelt\u0131ra\u015fl\u0131k eserleri salt \u2018estetik\u2019 kavram\u0131 ile s\u0131n\u0131rland\u0131r\u0131lamazlar ve zamanlar\u0131n\u0131n sosyo-politik geli\u015fmelerinden, dini (mitolojik) inan\u00e7lar\u0131ndan, felsefi d\u00fc\u015f\u00fcncelerinden ve tragedya-komedi gibi tiyatroda da v\u00fccut bulan edebi ak\u0131mlar\u0131ndan soyutlanamazlar. \u0130\u015fte bu kitap bunun bilinci ile okuyuculara sunulmaktad\u0131r.<\/p>\n","protected":false},"excerpt":{"rendered":"<p>Hegel\u2019in sanat i\u00e7in s\u00f6ylemi\u015f oldu\u011fu \u201c..D\u0131\u015fsal g\u00f6r\u00fcn\u00fc\u015f\u00fcn bizim i\u00e7in bir de\u011feri yoktur. Onun gerisinde i\u00e7sel bir \u015fey, bir anlam vard\u0131r&#8230;\u201d c\u00fcmlesi, bu kitab\u0131n antik Yunan heykelini<span class=\"excerpt-hellip\"> [\u2026]<\/span><\/p>\n","protected":false},"featured_media":0,"template":"","meta":{"_monsterinsights_skip_tracking":false,"_monsterinsights_sitenote_active":false,"_monsterinsights_sitenote_note":"","_monsterinsights_sitenote_category":0},"product_brand":[],"product_cat":[12408],"product_tag":[],"class_list":{"0":"post-716399","1":"product","2":"type-product","3":"status-publish","5":"product_cat-sanat","6":"pa_cilt-ciltsiz","7":"pa_tur-kitap","8":"pa_yayinevi-bilgin-kultur-sanat","9":"pa_yazar-serra-durugonul","11":"first","12":"instock","13":"sale","14":"shipping-taxable","15":"purchasable","16":"product-type-simple"},"_links":{"self":[{"href":"https:\/\/roveyayinevi.com.tr\/index.php\/wp-json\/wp\/v2\/product\/716399","targetHints":{"allow":["GET"]}}],"collection":[{"href":"https:\/\/roveyayinevi.com.tr\/index.php\/wp-json\/wp\/v2\/product"}],"about":[{"href":"https:\/\/roveyayinevi.com.tr\/index.php\/wp-json\/wp\/v2\/types\/product"}],"wp:attachment":[{"href":"https:\/\/roveyayinevi.com.tr\/index.php\/wp-json\/wp\/v2\/media?parent=716399"}],"wp:term":[{"taxonomy":"product_brand","embeddable":true,"href":"https:\/\/roveyayinevi.com.tr\/index.php\/wp-json\/wp\/v2\/product_brand?post=716399"},{"taxonomy":"product_cat","embeddable":true,"href":"https:\/\/roveyayinevi.com.tr\/index.php\/wp-json\/wp\/v2\/product_cat?post=716399"},{"taxonomy":"product_tag","embeddable":true,"href":"https:\/\/roveyayinevi.com.tr\/index.php\/wp-json\/wp\/v2\/product_tag?post=716399"}],"curies":[{"name":"wp","href":"https:\/\/api.w.org\/{rel}","templated":true}]}}