{"id":716398,"date":"2025-08-27T17:42:12","date_gmt":"2025-08-27T14:42:12","guid":{"rendered":"https:\/\/roveyayinevi.com.tr\/index.php\/urun\/cogito-92-turkiyeli-kadin-felsefeciler\/"},"modified":"2026-04-16T02:24:38","modified_gmt":"2026-04-15T23:24:38","slug":"cogito-92-turkiyeli-kadin-felsefeciler","status":"publish","type":"product","link":"https:\/\/roveyayinevi.com.tr\/index.php\/urun\/cogito-92-turkiyeli-kadin-felsefeciler\/","title":{"rendered":"Cogito 92  &#8211; T\u00fcrkiyeli Kad\u0131n Felsefeciler"},"content":{"rendered":"<p>Cogito\u2019dan \u2022 T\u00fcrkiyeli Kad\u0131n Felsefeciler Saniye Vatansever Gamze Keskin \u2022 T\u00fcrkiye\u2019de Kad\u0131n Felsefeci Olmak Dilek Kad\u0131o\u011flu \u2022 Matematiksel Prati\u011fe Sad\u0131k Kalmak: Penelope Maddy\u2019nin Ka\u00e7\u0131n\u0131lmazl\u0131k Arg\u00fcman\u0131\u2019na \u0130tirazlar\u0131 Sezen Bekta\u015f \u2022 Evrimsel Biyolojiyi Erekbilimsel \u00c7a\u011fr\u0131\u015f\u0131mlar\u0131ndan Kurtarmak M\u00fcmk\u00fcn m\u00fcd\u00fcr? Cemre \u00d6zev \u2022 Sezen Bekta\u015f ve Dilek Kad\u0131o\u011flu\u2019nun Bildirileri \u00dczerine Bir De\u011ferlendirme Gamze Keskin \u2022 Estetik H\u00e2l\u00e2 Mant\u0131\u011f\u0131n K\u00fc\u00e7\u00fck K\u0131z Karde\u015fi midir?: Baumgarten\u2019dan G\u00fcn\u00fcm\u00fcze Projeksiyon Arife Tansel \u2022 Judith Butler\u2019\u0131n \u015eiddet Ele\u015ftirisi Arzu \u0130bi\u015fi Temelli \u2022 \u0130deal Toplum Kurgusuna Feminist Yakla\u015f\u0131m: \u00dctopyalar ve Distopyalarda Kad\u0131nlar\u0131n Rol\u00fc Fulden \u0130brahimhakk\u0131o\u011flu \u2022 Felsefeyi Kad\u0131n Olarak Yapmak: Tansel, Keskin ve \u0130bi\u015fi\u2019nin Metinleri \u00dczerine D\u00fc\u015f\u00fcnceler Hatice Nur Erk\u0131zan \u2022 Aristoteles\u00e7i Var Olu\u015f\u00e7uluk ya da Umutsuzlu\u011fun A\u015f\u0131lmas\u0131 \u00dczerine Eyl\u00fcl Y\u00fccel \u2022 Platon ve Musonius Rufus\u2019ta Cinsiyet E\u015fitli\u011fi Zeynep Talay Turner \u00c7i\u011fdem Yaz\u0131c\u0131 \u2022 Platon\u2019da Taklit ve Farkl\u0131l\u0131\u011f\u0131 Yeniden D\u00fc\u015f\u00fcnmek Sandrine Berg\u00e8s \u2022 Eyl\u00fcl Y\u00fccel ve \u00c7i\u011fdem Yaz\u0131c\u0131 &amp; Zeynep Talay Turner\u2019in Bildirileri \u00dczerine Bir De\u011ferlendirme G\u00fclben Salman \u2022 Egemenlik, Yurtta\u015fl\u0131k ve Kad\u0131nlar: Fransa\u2019da ve T\u00fcrkiye\u2019de Ulus-Devletlerin \u0130n\u015fas\u0131 S\u0131ras\u0131nda Kad\u0131n Haklar\u0131 Savunucular\u0131n\u0131n Tarihsel-Kar\u015f\u0131la\u015ft\u0131rmal\u0131Bir \u0130ncelemesi Z\u00fcbeyde Karada\u011f Thorpe \u2022 Nefret S\u00f6ylemi Yasaklanmal\u0131 m\u0131? Yasaklanmamal\u0131 m\u0131? Sibel Kibar \u2022 G\u00fclben Salman\u2019\u0131n \u201cEgemenlik, Vatanda\u015fl\u0131k ve Kad\u0131nlar: Fransa\u2019daki Kad\u0131n Haklar\u0131 Aktivistlerinin ve T\u00fcrkiye\u2019deki Ulus-Devlet Olu\u015fumunun Kar\u015f\u0131la\u015ft\u0131rmal\u0131-Tarihsel Bir Analizi\u201d Ba\u015fl\u0131kl\u0131 Bildirisinin Bir De\u011ferlendirmesi Sibel Kibar \u2022 Z\u00fcbeyde Karada\u011f\u2019\u0131n \u201cNefret S\u00f6ylemi Yasaklanmal\u0131 m\u0131 Yasaklanmamal\u0131 m\u0131?\u201d Ba\u015fl\u0131kl\u0131 Bildirisinin Bir De\u011ferlendirmesi H\u00fclya \u015eimga \u2022 Kad\u0131n Felsefeci Olmak: Feministlik Bunun Neresinde? \u00d6zlem Duva \u2022 Kant\u00e7\u0131 Bir Yakla\u015f\u0131m: K\u00f6ktenci Bir Totalitarizmde Ki\u015fi Olma, Otonomi ve Kad\u0131nlar Ay\u015fe \u00d6zt\u00fcrk \u2022 Edmund Burke\u2019\u00fcn \u201cY\u00fcce ve G\u00fczel\u201d Kavram\u0131na Toplumsal Cinsiyet Perspektifinden Bakmak: D\u00fcalizme Giden Yolda Alg\u0131lar\u0131 De\u011fi\u015ftiren Bir Ven\u00fcs:\u201cHotanto Ven\u00fcs\u00fc\u201d Elif Yavn\u0131k \u2022 \u00d6zlem Duva\u2019n\u0131n \u201cKant\u00e7\u0131 Bir Yakla\u015f\u0131m: K\u00f6ktenci Bir Totalitarizmde Ki\u015fi Olma, Otonomi ve Kad\u0131nlar\u201d Bildirisinin Bir De\u011ferlendirmesi Elif Yavn\u0131k \u2022 Ay\u015fe \u00d6zt\u00fcrk\u2019\u00fcn \u201cEdmund Burke\u2019\u00fcn \u2018Y\u00fcce ve G\u00fczel\u2019 Kavram\u0131na Toplumsal Cinsiyet Perspektifinden Bakmak: D\u00fcalizme Giden Yolda Alg\u0131lar\u0131 De\u011fi\u015ftiren Bir Ven\u00fcs: Hotanto Ven\u00fcs\u00fc\u201d Ba\u015fl\u0131kl\u0131 Bir Bildirisinin De\u011ferlendirmesi Yaz\u0131 \u00d6zetleri \/ Abstracts <\/p>\n","protected":false},"excerpt":{"rendered":"<p>Cogito\u2019dan \u2022 T\u00fcrkiyeli Kad\u0131n Felsefeciler Saniye Vatansever Gamze Keskin \u2022 T\u00fcrkiye\u2019de Kad\u0131n Felsefeci Olmak Dilek Kad\u0131o\u011flu \u2022 Matematiksel Prati\u011fe Sad\u0131k Kalmak: Penelope Maddy\u2019nin Ka\u00e7\u0131n\u0131lmazl\u0131k Arg\u00fcman\u0131\u2019na \u0130tirazlar\u0131<span class=\"excerpt-hellip\"> [\u2026]<\/span><\/p>\n","protected":false},"featured_media":0,"template":"","meta":{"_monsterinsights_skip_tracking":false,"_monsterinsights_sitenote_active":false,"_monsterinsights_sitenote_note":"","_monsterinsights_sitenote_category":0},"product_brand":[],"product_cat":[19460,13527],"product_tag":[],"class_list":{"0":"post-716398","1":"product","2":"type-product","3":"status-publish","5":"product_cat-felsefe-sureli-yayinlar","6":"product_cat-sureli-yayinlar","7":"pa_cilt-ciltsiz","8":"pa_tur-dergi","9":"pa_yayinevi-yapi-kredi-yayinlari-dergi","10":"pa_yazar-kolektif","12":"first","13":"instock","14":"sale","15":"shipping-taxable","16":"purchasable","17":"product-type-simple"},"_links":{"self":[{"href":"https:\/\/roveyayinevi.com.tr\/index.php\/wp-json\/wp\/v2\/product\/716398","targetHints":{"allow":["GET"]}}],"collection":[{"href":"https:\/\/roveyayinevi.com.tr\/index.php\/wp-json\/wp\/v2\/product"}],"about":[{"href":"https:\/\/roveyayinevi.com.tr\/index.php\/wp-json\/wp\/v2\/types\/product"}],"wp:attachment":[{"href":"https:\/\/roveyayinevi.com.tr\/index.php\/wp-json\/wp\/v2\/media?parent=716398"}],"wp:term":[{"taxonomy":"product_brand","embeddable":true,"href":"https:\/\/roveyayinevi.com.tr\/index.php\/wp-json\/wp\/v2\/product_brand?post=716398"},{"taxonomy":"product_cat","embeddable":true,"href":"https:\/\/roveyayinevi.com.tr\/index.php\/wp-json\/wp\/v2\/product_cat?post=716398"},{"taxonomy":"product_tag","embeddable":true,"href":"https:\/\/roveyayinevi.com.tr\/index.php\/wp-json\/wp\/v2\/product_tag?post=716398"}],"curies":[{"name":"wp","href":"https:\/\/api.w.org\/{rel}","templated":true}]}}