{"id":716395,"date":"2025-08-27T17:42:10","date_gmt":"2025-08-27T14:42:10","guid":{"rendered":"https:\/\/roveyayinevi.com.tr\/index.php\/urun\/mobilya-dosyasi\/"},"modified":"2026-04-16T02:24:38","modified_gmt":"2026-04-15T23:24:38","slug":"mobilya-dosyasi","status":"publish","type":"product","link":"https:\/\/roveyayinevi.com.tr\/index.php\/urun\/mobilya-dosyasi\/","title":{"rendered":"Mobilya Dosyas\u0131"},"content":{"rendered":"<p>&#8220;Yurtta\u015f\u0131n binbir emekle verdi\u011fi vergiler, Ba\u015fbakan\u0131n ye\u011fenine aktar\u0131lmakta ve demokratik d\u00fczen, karde\u015fler ye\u011fenler saltanat\u0131 sa\u011flamaya yaramaktad\u0131r. Son y\u0131llarda muht\u0131ralar al\u0131n\u0131p verilmi\u015f, insanlar h\u00fccrelere at\u0131lm\u0131\u015f, i\u015fkencelerden ge\u00e7irilmi\u015f, idam sehpalar\u0131nda delikanl\u0131lar salland\u0131r\u0131lm\u0131\u015f ve sonunda i\u015fte b\u00f6yle. Ba\u015fbakan\u0131n ye\u011feni zengin edilmi\u015ftir. Ya\u015fas\u0131n h\u00fcr te\u015febb\u00fcse dayal\u0131 \u00e7ok partili d\u00fczenimiz!&#8221; U\u011fur Mumcu-Mobilya yolsuzlu\u011fu, zaman\u0131n Ba\u015fbakan\u0131 S\u00fcleyman Demirel\u2019in ye\u011feni Yahya Demirel\u2019in, mobilya diye sunta ihra\u00e7 ederek 1975\u2019lerin rakam\u0131yla 25 milyon lira vergi iadesi almas\u0131n\u0131n \u00f6yk\u00fcs\u00fc. Yani T\u00fcrkiye\u2019nin d\u00fcn\u00fc. Bir korku filmi gibi izledi\u011fimiz bug\u00fcn\u00fcn yan\u0131nda hayli masum g\u00f6r\u00fcn\u00fcyor. Ama bu deh\u015fet verici bug\u00fcn\u00fcn ba\u015flang\u0131c\u0131 da, o &#8220;g\u00f6receli olarak masum&#8221; d\u00fcn&#8230;<\/p>\n","protected":false},"excerpt":{"rendered":"<p>&#8220;Yurtta\u015f\u0131n binbir emekle verdi\u011fi vergiler, Ba\u015fbakan\u0131n ye\u011fenine aktar\u0131lmakta ve demokratik d\u00fczen, karde\u015fler ye\u011fenler saltanat\u0131 sa\u011flamaya yaramaktad\u0131r. Son y\u0131llarda muht\u0131ralar al\u0131n\u0131p verilmi\u015f, insanlar h\u00fccrelere at\u0131lm\u0131\u015f, i\u015fkencelerden ge\u00e7irilmi\u015f,<span class=\"excerpt-hellip\"> [\u2026]<\/span><\/p>\n","protected":false},"featured_media":0,"template":"","meta":{"_monsterinsights_skip_tracking":false,"_monsterinsights_sitenote_active":false,"_monsterinsights_sitenote_note":"","_monsterinsights_sitenote_category":0},"product_brand":[],"product_cat":[12337,14543],"product_tag":[],"class_list":{"0":"post-716395","1":"product","2":"type-product","3":"status-publish","5":"product_cat-politika-siyaset","6":"product_cat-turkiye-siyaseti-ve-politikasi","7":"pa_cilt-ciltsiz","8":"pa_tur-kitap","9":"pa_yayinevi-umag-yayinevi","10":"pa_yazar-ugur-mumcu-altan-oymen","12":"first","13":"instock","14":"sale","15":"shipping-taxable","16":"purchasable","17":"product-type-simple"},"_links":{"self":[{"href":"https:\/\/roveyayinevi.com.tr\/index.php\/wp-json\/wp\/v2\/product\/716395","targetHints":{"allow":["GET"]}}],"collection":[{"href":"https:\/\/roveyayinevi.com.tr\/index.php\/wp-json\/wp\/v2\/product"}],"about":[{"href":"https:\/\/roveyayinevi.com.tr\/index.php\/wp-json\/wp\/v2\/types\/product"}],"wp:attachment":[{"href":"https:\/\/roveyayinevi.com.tr\/index.php\/wp-json\/wp\/v2\/media?parent=716395"}],"wp:term":[{"taxonomy":"product_brand","embeddable":true,"href":"https:\/\/roveyayinevi.com.tr\/index.php\/wp-json\/wp\/v2\/product_brand?post=716395"},{"taxonomy":"product_cat","embeddable":true,"href":"https:\/\/roveyayinevi.com.tr\/index.php\/wp-json\/wp\/v2\/product_cat?post=716395"},{"taxonomy":"product_tag","embeddable":true,"href":"https:\/\/roveyayinevi.com.tr\/index.php\/wp-json\/wp\/v2\/product_tag?post=716395"}],"curies":[{"name":"wp","href":"https:\/\/api.w.org\/{rel}","templated":true}]}}