{"id":716394,"date":"2025-08-27T17:42:10","date_gmt":"2025-08-27T14:42:10","guid":{"rendered":"https:\/\/roveyayinevi.com.tr\/index.php\/urun\/zihin-yalanlari\/"},"modified":"2026-04-16T02:24:37","modified_gmt":"2026-04-15T23:24:37","slug":"zihin-yalanlari","status":"publish","type":"product","link":"https:\/\/roveyayinevi.com.tr\/index.php\/urun\/zihin-yalanlari\/","title":{"rendered":"Zihin Yalanlar\u0131"},"content":{"rendered":"<p>Sosyal bilimler \u201cD\u00fcnya, insano\u011flunun t\u00fcm ihtiya\u00e7lar\u0131n\u0131 kar\u015f\u0131lar, ancak t\u00fcm h\u0131rslar\u0131n\u0131 de\u011fil\u201d der.  S\u00f6ylenen yalanlara, vaatlere, gelece\u011fe inanma e\u011filimindedir insan. En \u00e7ok da kendimize yalan s\u00f6yleriz. Zihnimizin fark edemedi\u011fi yalanlar \u00e7o\u011fu zaman en basit olanlard\u0131r.   \u201cToplum, karma\u015f\u0131k bir ger\u00e7e\u011fe de\u011fil, basit bir yalana inan\u0131r\u201d der ge\u00e7en y\u00fczy\u0131l\u0131n toplum kuramc\u0131lar\u0131ndan Alexis de Tocqueville. B\u00fct\u00fcn bu yalanlar\u0131n i\u00e7inde i\u015fte size g\u00f6rmediklerinizi g\u00f6sterecek bir k\u0131lavuz kitap&#8230; <\/p>\n","protected":false},"excerpt":{"rendered":"<p>Sosyal bilimler \u201cD\u00fcnya, insano\u011flunun t\u00fcm ihtiya\u00e7lar\u0131n\u0131 kar\u015f\u0131lar, ancak t\u00fcm h\u0131rslar\u0131n\u0131 de\u011fil\u201d der. S\u00f6ylenen yalanlara, vaatlere, gelece\u011fe inanma e\u011filimindedir insan. En \u00e7ok da kendimize yalan s\u00f6yleriz. Zihnimizin<span class=\"excerpt-hellip\"> [\u2026]<\/span><\/p>\n","protected":false},"featured_media":0,"template":"","meta":{"_monsterinsights_skip_tracking":false,"_monsterinsights_sitenote_active":false,"_monsterinsights_sitenote_note":"","_monsterinsights_sitenote_category":0},"product_brand":[],"product_cat":[12364,12376],"product_tag":[],"class_list":{"0":"post-716394","1":"product","2":"type-product","3":"status-publish","5":"product_cat-genel-konular","6":"product_cat-kisisel-gelisim","7":"pa_cilt-ciltsiz","8":"pa_tur-kitap","9":"pa_yayinevi-destek-yayinlari","10":"pa_yazar-cem-ozuak","12":"first","13":"instock","14":"sale","15":"shipping-taxable","16":"purchasable","17":"product-type-simple"},"_links":{"self":[{"href":"https:\/\/roveyayinevi.com.tr\/index.php\/wp-json\/wp\/v2\/product\/716394","targetHints":{"allow":["GET"]}}],"collection":[{"href":"https:\/\/roveyayinevi.com.tr\/index.php\/wp-json\/wp\/v2\/product"}],"about":[{"href":"https:\/\/roveyayinevi.com.tr\/index.php\/wp-json\/wp\/v2\/types\/product"}],"wp:attachment":[{"href":"https:\/\/roveyayinevi.com.tr\/index.php\/wp-json\/wp\/v2\/media?parent=716394"}],"wp:term":[{"taxonomy":"product_brand","embeddable":true,"href":"https:\/\/roveyayinevi.com.tr\/index.php\/wp-json\/wp\/v2\/product_brand?post=716394"},{"taxonomy":"product_cat","embeddable":true,"href":"https:\/\/roveyayinevi.com.tr\/index.php\/wp-json\/wp\/v2\/product_cat?post=716394"},{"taxonomy":"product_tag","embeddable":true,"href":"https:\/\/roveyayinevi.com.tr\/index.php\/wp-json\/wp\/v2\/product_tag?post=716394"}],"curies":[{"name":"wp","href":"https:\/\/api.w.org\/{rel}","templated":true}]}}