{"id":716393,"date":"2025-08-27T17:42:09","date_gmt":"2025-08-27T14:42:09","guid":{"rendered":"https:\/\/roveyayinevi.com.tr\/index.php\/urun\/dolu-dolu-etkinlik-kitabim-ogrenmeyi-seviyorum-3-6-yas\/"},"modified":"2026-04-07T02:31:38","modified_gmt":"2026-04-06T23:31:38","slug":"dolu-dolu-etkinlik-kitabim-ogrenmeyi-seviyorum-3-6-yas","status":"publish","type":"product","link":"https:\/\/roveyayinevi.com.tr\/index.php\/urun\/dolu-dolu-etkinlik-kitabim-ogrenmeyi-seviyorum-3-6-yas\/","title":{"rendered":"Dolu Dolu Etkinlik Kitab\u0131m &#8211; \u00d6\u011frenmeyi Seviyorum 3-6 Ya\u015f"},"content":{"rendered":"<p>Dolu Dolu Etkinlik Kitab\u0131m &#8211; \u00d6\u011frenmeyi Seviyorum 3-6 Ya\u015f<\/p>\n","protected":false},"excerpt":{"rendered":"<p>Dolu Dolu Etkinlik Kitab\u0131m &#8211; \u00d6\u011frenmeyi Seviyorum 3-6 Ya\u015f<\/p>\n","protected":false},"featured_media":0,"template":"","meta":{"_monsterinsights_skip_tracking":false,"_monsterinsights_sitenote_active":false,"_monsterinsights_sitenote_note":"","_monsterinsights_sitenote_category":0},"product_brand":[],"product_cat":[12274,24599],"product_tag":[],"class_list":{"0":"post-716393","1":"product","2":"type-product","3":"status-publish","5":"product_cat-cocuk-ve-genclik-kitaplari","6":"product_cat-zeka-gelisimi","7":"pa_cilt-ciltsiz","8":"pa_tur-kitap","9":"pa_yayinevi-ucanbalik-yayincilik","10":"pa_yazar-kolektif","12":"first","13":"instock","14":"sale","15":"shipping-taxable","16":"purchasable","17":"product-type-simple"},"_links":{"self":[{"href":"https:\/\/roveyayinevi.com.tr\/index.php\/wp-json\/wp\/v2\/product\/716393","targetHints":{"allow":["GET"]}}],"collection":[{"href":"https:\/\/roveyayinevi.com.tr\/index.php\/wp-json\/wp\/v2\/product"}],"about":[{"href":"https:\/\/roveyayinevi.com.tr\/index.php\/wp-json\/wp\/v2\/types\/product"}],"wp:attachment":[{"href":"https:\/\/roveyayinevi.com.tr\/index.php\/wp-json\/wp\/v2\/media?parent=716393"}],"wp:term":[{"taxonomy":"product_brand","embeddable":true,"href":"https:\/\/roveyayinevi.com.tr\/index.php\/wp-json\/wp\/v2\/product_brand?post=716393"},{"taxonomy":"product_cat","embeddable":true,"href":"https:\/\/roveyayinevi.com.tr\/index.php\/wp-json\/wp\/v2\/product_cat?post=716393"},{"taxonomy":"product_tag","embeddable":true,"href":"https:\/\/roveyayinevi.com.tr\/index.php\/wp-json\/wp\/v2\/product_tag?post=716393"}],"curies":[{"name":"wp","href":"https:\/\/api.w.org\/{rel}","templated":true}]}}