{"id":716390,"date":"2025-08-27T17:42:07","date_gmt":"2025-08-27T14:42:07","guid":{"rendered":"https:\/\/roveyayinevi.com.tr\/index.php\/urun\/arici-ne-yapar\/"},"modified":"2026-04-16T02:24:37","modified_gmt":"2026-04-15T23:24:37","slug":"arici-ne-yapar","status":"publish","type":"product","link":"https:\/\/roveyayinevi.com.tr\/index.php\/urun\/arici-ne-yapar\/","title":{"rendered":"Ar\u0131c\u0131 Ne Yapar ?"},"content":{"rendered":"<p>V\u0131zzzzz&#8230;Ar\u0131c\u0131, ar\u0131lar hakk\u0131nda pek \u00e7ok \u015fey biliyor. Yaz k\u0131\u015f demeden b\u00fct\u00fcn bir y\u0131l bu v\u0131z\u0131ldayan b\u00f6ceklerle ilgileniyor. G\u00fcne\u015f p\u0131r\u0131l p\u0131r\u0131l parlad\u0131\u011f\u0131nda ve etraf \u00e7i\u00e7eklerle doldu\u011funda  ar\u0131c\u0131 ar\u0131lar\u0131yla birlikte v\u0131z\u0131r v\u0131z\u0131r \u00e7al\u0131\u015f\u0131yor. Kovanlar in\u015fa ediyor, ar\u0131lar\u0131n\u0131n sa\u011fl\u0131kl\u0131 olup olmad\u0131\u011f\u0131na bak\u0131yor, bal topluyor\u2026 Bunu biliyor muydun: Ar\u0131lar olmasayd\u0131, i\u015ftahla yedi\u011fimiz pek \u00e7ok lezzetli meyveyi yeti\u015ftiremezdik.\u0130\u015fte sana ar\u0131c\u0131 ve ar\u0131lar\u0131 yapt\u0131klar\u0131 hakk\u0131nda harika bilgilerle dolu bir kitap.12 dile \u00e7evrilen ve pek \u00e7ok \u00fclkede \u00e7ocuklar\u0131n sevgilisi olan Ne Yapar? serimizden Ar\u0131c\u0131\u2019y\u0131 be\u011feninize sunmaktan mutluluk duyuyoruz.<\/p>\n","protected":false},"excerpt":{"rendered":"<p>V\u0131zzzzz&#8230;Ar\u0131c\u0131, ar\u0131lar hakk\u0131nda pek \u00e7ok \u015fey biliyor. Yaz k\u0131\u015f demeden b\u00fct\u00fcn bir y\u0131l bu v\u0131z\u0131ldayan b\u00f6ceklerle ilgileniyor. G\u00fcne\u015f p\u0131r\u0131l p\u0131r\u0131l parlad\u0131\u011f\u0131nda ve etraf \u00e7i\u00e7eklerle doldu\u011funda ar\u0131c\u0131<span class=\"excerpt-hellip\"> [\u2026]<\/span><\/p>\n","protected":false},"featured_media":0,"template":"","meta":{"_monsterinsights_skip_tracking":false,"_monsterinsights_sitenote_active":false,"_monsterinsights_sitenote_note":"","_monsterinsights_sitenote_category":0},"product_brand":[],"product_cat":[12274,14573],"product_tag":[],"class_list":{"0":"post-716390","1":"product","2":"type-product","3":"status-publish","5":"product_cat-cocuk-ve-genclik-kitaplari","6":"product_cat-referans-kitaplar-cocuk-ve-genclik-kitaplari","7":"pa_cilt-ciltsiz","8":"pa_tur-kitap","9":"pa_yayinevi-domingo-yayinevi","10":"pa_yazar-liesbet-slegers","12":"first","13":"instock","14":"sale","15":"shipping-taxable","16":"purchasable","17":"product-type-simple"},"_links":{"self":[{"href":"https:\/\/roveyayinevi.com.tr\/index.php\/wp-json\/wp\/v2\/product\/716390","targetHints":{"allow":["GET"]}}],"collection":[{"href":"https:\/\/roveyayinevi.com.tr\/index.php\/wp-json\/wp\/v2\/product"}],"about":[{"href":"https:\/\/roveyayinevi.com.tr\/index.php\/wp-json\/wp\/v2\/types\/product"}],"wp:attachment":[{"href":"https:\/\/roveyayinevi.com.tr\/index.php\/wp-json\/wp\/v2\/media?parent=716390"}],"wp:term":[{"taxonomy":"product_brand","embeddable":true,"href":"https:\/\/roveyayinevi.com.tr\/index.php\/wp-json\/wp\/v2\/product_brand?post=716390"},{"taxonomy":"product_cat","embeddable":true,"href":"https:\/\/roveyayinevi.com.tr\/index.php\/wp-json\/wp\/v2\/product_cat?post=716390"},{"taxonomy":"product_tag","embeddable":true,"href":"https:\/\/roveyayinevi.com.tr\/index.php\/wp-json\/wp\/v2\/product_tag?post=716390"}],"curies":[{"name":"wp","href":"https:\/\/api.w.org\/{rel}","templated":true}]}}