{"id":716387,"date":"2025-08-27T17:42:05","date_gmt":"2025-08-27T14:42:05","guid":{"rendered":"https:\/\/roveyayinevi.com.tr\/index.php\/urun\/iste-ceylanlar\/"},"modified":"2026-04-16T02:24:37","modified_gmt":"2026-04-15T23:24:37","slug":"iste-ceylanlar","status":"publish","type":"product","link":"https:\/\/roveyayinevi.com.tr\/index.php\/urun\/iste-ceylanlar\/","title":{"rendered":"\u0130\u015fte Ceylanlar"},"content":{"rendered":"<p>\u2018\u2019H\u0131zl\u0131 b\u00fcy\u00fcyen giri\u015fimler (gazelle&#8217;ler) hakk\u0131nda \u201ckitap\u201d yazmak ve dolay\u0131s\u0131yla hangi giri\u015fimlerin tekboynuza d\u00f6n\u00fc\u015febilece\u011fini tahmin etmeye \u00e7al\u0131\u015fmak herhalde yap\u0131labilecek en ahmak\u00e7a i\u015flerden birisi. K\u00fc\u00e7\u00fck bir veri setine dayanarak \u00f6ng\u00f6r\u00fcde bulununca hem Tip 1 ve Tip 2 hatalara a\u00e7\u0131k oluyorsunuz hem de giri\u015fimcili\u011fin tabiat\u0131 nedeniyle hata yapt\u0131\u011f\u0131n\u0131z \u00e7ok h\u0131zl\u0131 bir \u015fekilde ortaya \u00e7\u0131k\u0131yor. Hi\u00e7 \u015f\u00fcphem yok ki, 2020 y\u0131l\u0131n\u0131n sonunda en ba\u015far\u0131l\u0131 giri\u015fimlerden olarak nitelenecek baz\u0131 giri\u015fimleri kitaba dahil etmedik. Daha da ac\u0131s\u0131 kitaptaki baz\u0131 giri\u015fimler belki 2020 y\u0131l\u0131n\u0131 bile g\u00f6remeyecek. T\u00fcm bu k\u0131s\u0131tlar\u0131n fark\u0131nday\u0131m ama bu bir gelece\u011fi tahmin kitab\u0131 de\u011fil. 2018 sonu itibar\u0131 ile iyi giden giri\u015fimcilerimizi kutlama ve onlar\u0131n deneyimlerinden \u00f6\u011frenme kitab\u0131.   Kitab\u0131n ilk b\u00f6l\u00fcm\u00fcnde giri\u015fimciler ile yapt\u0131\u011f\u0131m\u0131z m\u00fclakatlar var. Bu b\u00f6l\u00fcmde \u00f6zellikle dikkatinizi \u00e7ekmek istedi\u011fim \u015fey, giri\u015fimde ba\u015far\u0131ya g\u00f6t\u00fcren bir tek yolun olmad\u0131\u011f\u0131. \u0130kinci b\u00f6l\u00fcmde ise misafir yazarlar\u0131n katk\u0131lar\u0131 var. \u00c7ok say\u0131da gen\u00e7 giri\u015fimci ile g\u00f6r\u00fc\u015fm\u00fc\u015f oldu\u011funu bildi\u011fim ki\u015filerden birer yaz\u0131 istedik, giri\u015fimcilerimiz neleri iyi yap\u0131yorlar, hangi konularda kendilerini geli\u015ftirmeleri gerekiyor tart\u0131\u015fmaya a\u00e7t\u0131k. Baz\u0131 yazarlardan ise giri\u015fimcilik ekosistemi ve ekosistemdeki di\u011fer oyuncular hakk\u0131nda yaz\u0131 istedik. Kitab\u0131 makul uzunlukta tutmak ad\u0131na kendi yaz\u0131lar\u0131mdan sadece birini kitaba ekledim, gerisi \u00e7evrimici yay\u0131nlanacak. <\/p>\n","protected":false},"excerpt":{"rendered":"<p>\u2018\u2019H\u0131zl\u0131 b\u00fcy\u00fcyen giri\u015fimler (gazelle&#8217;ler) hakk\u0131nda \u201ckitap\u201d yazmak ve dolay\u0131s\u0131yla hangi giri\u015fimlerin tekboynuza d\u00f6n\u00fc\u015febilece\u011fini tahmin etmeye \u00e7al\u0131\u015fmak herhalde yap\u0131labilecek en ahmak\u00e7a i\u015flerden birisi. K\u00fc\u00e7\u00fck bir veri setine<span class=\"excerpt-hellip\"> [\u2026]<\/span><\/p>\n","protected":false},"featured_media":0,"template":"","meta":{"_monsterinsights_skip_tracking":false,"_monsterinsights_sitenote_active":false,"_monsterinsights_sitenote_note":"","_monsterinsights_sitenote_category":0},"product_brand":[],"product_cat":[13043,17647],"product_tag":[],"class_list":{"0":"post-716387","1":"product","2":"type-product","3":"status-publish","5":"product_cat-ekonomi","6":"product_cat-is-dunyasi","7":"pa_cilt-ciltsiz","8":"pa_tur-kitap","9":"pa_yayinevi-abakus-kitap","10":"pa_yazar-erhan-erkut-dilek-ozmen","12":"first","13":"instock","14":"sale","15":"shipping-taxable","16":"purchasable","17":"product-type-simple"},"_links":{"self":[{"href":"https:\/\/roveyayinevi.com.tr\/index.php\/wp-json\/wp\/v2\/product\/716387","targetHints":{"allow":["GET"]}}],"collection":[{"href":"https:\/\/roveyayinevi.com.tr\/index.php\/wp-json\/wp\/v2\/product"}],"about":[{"href":"https:\/\/roveyayinevi.com.tr\/index.php\/wp-json\/wp\/v2\/types\/product"}],"wp:attachment":[{"href":"https:\/\/roveyayinevi.com.tr\/index.php\/wp-json\/wp\/v2\/media?parent=716387"}],"wp:term":[{"taxonomy":"product_brand","embeddable":true,"href":"https:\/\/roveyayinevi.com.tr\/index.php\/wp-json\/wp\/v2\/product_brand?post=716387"},{"taxonomy":"product_cat","embeddable":true,"href":"https:\/\/roveyayinevi.com.tr\/index.php\/wp-json\/wp\/v2\/product_cat?post=716387"},{"taxonomy":"product_tag","embeddable":true,"href":"https:\/\/roveyayinevi.com.tr\/index.php\/wp-json\/wp\/v2\/product_tag?post=716387"}],"curies":[{"name":"wp","href":"https:\/\/api.w.org\/{rel}","templated":true}]}}