{"id":716385,"date":"2025-08-27T17:42:04","date_gmt":"2025-08-27T14:42:04","guid":{"rendered":"https:\/\/roveyayinevi.com.tr\/index.php\/urun\/bulutlarin-ustune-tirmanirken\/"},"modified":"2026-04-16T02:24:37","modified_gmt":"2026-04-15T23:24:37","slug":"bulutlarin-ustune-tirmanirken","status":"publish","type":"product","link":"https:\/\/roveyayinevi.com.tr\/index.php\/urun\/bulutlarin-ustune-tirmanirken\/","title":{"rendered":"Bulutlar\u0131n \u00dcst\u00fcne T\u0131rman\u0131rken"},"content":{"rendered":"<p>Uzun y\u0131llar\u0131n\u0131 THY&#8217;ye vermi\u015f, \u015firketin d\u00fcnya standartlar\u0131na ula\u015fmas\u0131n\u0131 sa\u011flam\u0131\u015f ba\u015far\u0131l\u0131 y\u00f6netici Cem Kozlu, T\u00fcrkiye&#8217;nin en b\u00fcy\u00fck kurulu\u015flar\u0131ndan biri olan THY&#8217;nin bulutlar\u0131n \u00fcst\u00fcne t\u0131rman\u0131\u015f\u0131n\u0131n \u00f6yk\u00fcs\u00fcn\u00fc anlat\u0131yor&#8230;THY&#8217;nin tarih\u00e7esi, havac\u0131l\u0131k bilgileri, d\u00fcnya havayollar\u0131 \u015firketlerinin ya\u015fad\u0131\u011f\u0131 krizler ve kazalar&#8230;Bunlar\u0131n yan\u0131 s\u0131ra, T\u00fcrkiye \u00f6zelinde ya\u015fananlar; sivil anlay\u0131\u015fa ge\u00e7i\u015f, b\u00fcrokrasi \u00e7arklar\u0131, politika m\u00fcdahaleler&#8230; Yak\u0131n ge\u00e7mi\u015fe damgas\u0131n\u0131 vurmu\u015f olaylar\u0131n, 11 Eyl\u00fcl&#8217;\u00fcn, Asya Krizi&#8217;nin sekt\u00f6re etkileri&#8230; Ayr\u0131ca ba\u015far\u0131l\u0131 bir i\u015fadam\u0131n\u0131n a\u011fz\u0131ndan \u015firket y\u00f6netimi hakk\u0131nda ilgin\u00e7 \u00f6neriler ve taktikler&#8230;(T)hey (H)ate (Y)ou Airlines&#8217;tan,Turk\u0131sh Airlines ismiyle uluslararas\u0131 ba\u015far\u0131 listelerine ge\u00e7en bir de\u011fi\u015fimin \u00f6yk\u00fcs\u00fc&#8230;<\/p>\n","protected":false},"excerpt":{"rendered":"<p>Uzun y\u0131llar\u0131n\u0131 THY&#8217;ye vermi\u015f, \u015firketin d\u00fcnya standartlar\u0131na ula\u015fmas\u0131n\u0131 sa\u011flam\u0131\u015f ba\u015far\u0131l\u0131 y\u00f6netici Cem Kozlu, T\u00fcrkiye&#8217;nin en b\u00fcy\u00fck kurulu\u015flar\u0131ndan biri olan THY&#8217;nin bulutlar\u0131n \u00fcst\u00fcne t\u0131rman\u0131\u015f\u0131n\u0131n \u00f6yk\u00fcs\u00fcn\u00fc anlat\u0131yor&#8230;THY&#8217;nin tarih\u00e7esi,<span class=\"excerpt-hellip\"> [\u2026]<\/span><\/p>\n","protected":false},"featured_media":0,"template":"","meta":{"_monsterinsights_skip_tracking":false,"_monsterinsights_sitenote_active":false,"_monsterinsights_sitenote_note":"","_monsterinsights_sitenote_category":0},"product_brand":[],"product_cat":[13043,17647],"product_tag":[],"class_list":{"0":"post-716385","1":"product","2":"type-product","3":"status-publish","5":"product_cat-ekonomi","6":"product_cat-is-dunyasi","7":"pa_cilt-ciltsiz","8":"pa_tur-kitap","9":"pa_yayinevi-remzi-kitabevi","10":"pa_yazar-cem-kozlu","12":"first","13":"instock","14":"sale","15":"shipping-taxable","16":"purchasable","17":"product-type-simple"},"_links":{"self":[{"href":"https:\/\/roveyayinevi.com.tr\/index.php\/wp-json\/wp\/v2\/product\/716385","targetHints":{"allow":["GET"]}}],"collection":[{"href":"https:\/\/roveyayinevi.com.tr\/index.php\/wp-json\/wp\/v2\/product"}],"about":[{"href":"https:\/\/roveyayinevi.com.tr\/index.php\/wp-json\/wp\/v2\/types\/product"}],"wp:attachment":[{"href":"https:\/\/roveyayinevi.com.tr\/index.php\/wp-json\/wp\/v2\/media?parent=716385"}],"wp:term":[{"taxonomy":"product_brand","embeddable":true,"href":"https:\/\/roveyayinevi.com.tr\/index.php\/wp-json\/wp\/v2\/product_brand?post=716385"},{"taxonomy":"product_cat","embeddable":true,"href":"https:\/\/roveyayinevi.com.tr\/index.php\/wp-json\/wp\/v2\/product_cat?post=716385"},{"taxonomy":"product_tag","embeddable":true,"href":"https:\/\/roveyayinevi.com.tr\/index.php\/wp-json\/wp\/v2\/product_tag?post=716385"}],"curies":[{"name":"wp","href":"https:\/\/api.w.org\/{rel}","templated":true}]}}