{"id":716384,"date":"2025-08-27T17:42:04","date_gmt":"2025-08-27T14:42:04","guid":{"rendered":"https:\/\/roveyayinevi.com.tr\/index.php\/urun\/kalbin-temizse-hikayen-mutlu-biter\/"},"modified":"2026-04-16T02:24:37","modified_gmt":"2026-04-15T23:24:37","slug":"kalbin-temizse-hikayen-mutlu-biter","status":"publish","type":"product","link":"https:\/\/roveyayinevi.com.tr\/index.php\/urun\/kalbin-temizse-hikayen-mutlu-biter\/","title":{"rendered":"Kalbin Temizse Hikayen Mutlu Biter"},"content":{"rendered":"<p>Hi\u00e7bir kar\u015f\u0131la\u015fma tesad\u00fcf de\u011fildir. Senin \u015fu anda bu sat\u0131rlar\u0131 okuyor olman\u0131n tesad\u00fcf olmamas\u0131 gibi, benim Afrika\u2019ya ara\u015ft\u0131rma yapmak i\u00e7in gidip orada bir sufiyle kar\u015f\u0131la\u015fmam ve ondan \u00f6\u011frendiklerimi bu kitapta derlemi\u015f olmam\u0131n da tesad\u00fcf olmamas\u0131 gibi. \u201cDert insana daima yol g\u00f6sterir\u201d der sufiler. \u00d6nemli olan yolu y\u00fcr\u00fcmekten vazge\u00e7memek. Yolda olan i\u00e7in \u201cumut var\u201d demektir. Kader her an yeniden yaz\u0131l\u0131r \u00e7\u00fcnk\u00fc. Kiminle ne zaman kar\u015f\u0131la\u015faca\u011f\u0131n\u0131, neyi ne zaman bulaca\u011f\u0131n\u0131 bilemezsin. Bazen istedi\u011fin \u015feyi aramakla bulamazs\u0131n ama bulanlar hep arayanlar olmu\u015ftur. Mevlana\u2019n\u0131n dedi\u011fi gibi: \u201cSen yola \u00e7\u0131k, yol sana g\u00f6r\u00fcn\u00fcr.\u201d Yoluma ortakl\u0131k eden hocalar\u0131m\u0131n ilham\u0131yla kar\u015f\u0131na \u00e7\u0131kt\u0131\u011f\u0131m bu kitapta s\u0131k\u0131nt\u0131lar\u0131ndan kurtulman, ili\u015fki problemlerini \u00e7\u00f6zmen ve hayata daha olumlu bakabilmen i\u00e7in sufilerin kulland\u0131\u011f\u0131 pratik y\u00f6ntemleri kendi deneyim s\u00fczgecimden ge\u00e7irerek sunuyorum. Kitapta yer alan \u00f6\u011fretiler bug\u00fcne kadar binlerce insana yard\u0131mc\u0131 oldu, sana da olaca\u011f\u0131na inan\u0131yorum. \u015eunu sak\u0131n unutma yol arkada\u015f\u0131m, ka\u00e7 ya\u015f\u0131nda olursan ol, ba\u015f\u0131ndan ne ge\u00e7mi\u015f olursa olsun; kalbin temizse hik\u00e2yen mutlu biter. \u201c\u0130Y\u0130 BEN\u0130 BULUR.\u201d <\/p>\n","protected":false},"excerpt":{"rendered":"<p>Hi\u00e7bir kar\u015f\u0131la\u015fma tesad\u00fcf de\u011fildir. Senin \u015fu anda bu sat\u0131rlar\u0131 okuyor olman\u0131n tesad\u00fcf olmamas\u0131 gibi, benim Afrika\u2019ya ara\u015ft\u0131rma yapmak i\u00e7in gidip orada bir sufiyle kar\u015f\u0131la\u015fmam ve ondan<span class=\"excerpt-hellip\"> [\u2026]<\/span><\/p>\n","protected":false},"featured_media":0,"template":"","meta":{"_monsterinsights_skip_tracking":false,"_monsterinsights_sitenote_active":false,"_monsterinsights_sitenote_note":"","_monsterinsights_sitenote_category":0},"product_brand":[],"product_cat":[12291,12711],"product_tag":[],"class_list":{"0":"post-716384","1":"product","2":"type-product","3":"status-publish","5":"product_cat-edebiyat","6":"product_cat-roman-oyku","7":"pa_cilt-ciltsiz","8":"pa_tur-kitap","9":"pa_yayinevi-destek-yayinlari","10":"pa_yazar-hakan-menguc","12":"first","13":"instock","14":"sale","15":"shipping-taxable","16":"purchasable","17":"product-type-simple"},"_links":{"self":[{"href":"https:\/\/roveyayinevi.com.tr\/index.php\/wp-json\/wp\/v2\/product\/716384","targetHints":{"allow":["GET"]}}],"collection":[{"href":"https:\/\/roveyayinevi.com.tr\/index.php\/wp-json\/wp\/v2\/product"}],"about":[{"href":"https:\/\/roveyayinevi.com.tr\/index.php\/wp-json\/wp\/v2\/types\/product"}],"wp:attachment":[{"href":"https:\/\/roveyayinevi.com.tr\/index.php\/wp-json\/wp\/v2\/media?parent=716384"}],"wp:term":[{"taxonomy":"product_brand","embeddable":true,"href":"https:\/\/roveyayinevi.com.tr\/index.php\/wp-json\/wp\/v2\/product_brand?post=716384"},{"taxonomy":"product_cat","embeddable":true,"href":"https:\/\/roveyayinevi.com.tr\/index.php\/wp-json\/wp\/v2\/product_cat?post=716384"},{"taxonomy":"product_tag","embeddable":true,"href":"https:\/\/roveyayinevi.com.tr\/index.php\/wp-json\/wp\/v2\/product_tag?post=716384"}],"curies":[{"name":"wp","href":"https:\/\/api.w.org\/{rel}","templated":true}]}}