{"id":716383,"date":"2025-08-27T17:42:03","date_gmt":"2025-08-27T14:42:03","guid":{"rendered":"https:\/\/roveyayinevi.com.tr\/index.php\/urun\/gelecegi-yakalamak-firsatlar-sorular-ve-cozumler\/"},"modified":"2025-12-30T10:18:50","modified_gmt":"2025-12-30T07:18:50","slug":"gelecegi-yakalamak-firsatlar-sorular-ve-cozumler","status":"publish","type":"product","link":"https:\/\/roveyayinevi.com.tr\/index.php\/urun\/gelecegi-yakalamak-firsatlar-sorular-ve-cozumler\/","title":{"rendered":"Gelece\u011fi Yakalamak &#8211; F\u0131rsatlar Sorular ve \u00c7\u00f6z\u00fcmler"},"content":{"rendered":"<p>Gelece\u011fi Yakalamak, bir yandan n\u00fcfus, ekonomi, \u00e7evre, teknoloji, e\u011fitim, g\u00fcvenlik, d\u0131\u015f politika, demokrasi ve insan haklar\u0131 gibi alanlarda d\u00fcnyan\u0131n uzun y\u0131llardan beri ya\u015fad\u0131\u011f\u0131 tecr\u00fcbeleri, bir yandan da 21. y\u00fczy\u0131lda ger\u00e7ekle\u015fmesi beklenen geli\u015fmeleri anlatan bir kitap. Onur \u00d6ymen\u2019in 2000 y\u0131l\u0131nda yazd\u0131\u011f\u0131 bu kitap bir hayli yank\u0131 uyand\u0131rm\u0131\u015ft\u0131. O tarihten bu yana ger\u00e7ekten d\u00fcnyada \u00e7ok \u00f6nemli geli\u015fmeler oldu. Teknoloji ba\u015f d\u00f6nd\u00fcr\u00fcc\u00fc bir h\u0131zla ilerliyor ve insan hayat\u0131n\u0131 pek \u00e7ok a\u00e7\u0131dan etkiliyor, uluslararas\u0131 ili\u015fkilerin \u015fekillenmesinde de \u00f6nemli rol oynuyor. \u00dclkeler, \u00e7a\u011f\u0131n geli\u015fimine ayak uydurabilmek ve gelece\u011fe haz\u0131rlanmak i\u00e7in her alanda k\u00f6kl\u00fc reformlar yapma gere\u011fini duyuyorlar. \u00dclkeler aras\u0131nda b\u00fcy\u00fck bir yar\u0131\u015f var. Birle\u015fmi\u015f Milletler\u2019in yan\u0131 s\u0131ra pek \u00e7ok uluslararas\u0131 kurulu\u015f ve \u00f6rg\u00fct, devletlerin \u00e7e\u015fitli alanlardaki yerini g\u00f6steren de\u011ferlendirmeler yap\u0131yor ve k\u0131yaslamal\u0131 raporlar yay\u0131nl\u0131yor. \u00dclkeler, \u00e7a\u011f\u0131n geli\u015fimine ayak uydurabilmek ve gelece\u011fe haz\u0131rlanmak i\u00e7in her alanda k\u00f6kl\u00fc reformlar yapma gere\u011fini duyuyorlar. \u00dclkeler aras\u0131nda b\u00fcy\u00fck bir yar\u0131\u015f var. Birle\u015fmi\u015f Milletler\u2019in yan\u0131 s\u0131ra pek \u00e7ok uluslararas\u0131 kurulu\u015f ve \u00f6rg\u00fct, devletlerin \u00e7e\u015fitli alanlardaki yerini g\u00f6steren de\u011ferlendirmeler yap\u0131yor ve k\u0131yaslamal\u0131 raporlar yay\u0131nl\u0131yor. <\/p>\n","protected":false},"excerpt":{"rendered":"<p>Gelece\u011fi Yakalamak, bir yandan n\u00fcfus, ekonomi, \u00e7evre, teknoloji, e\u011fitim, g\u00fcvenlik, d\u0131\u015f politika, demokrasi ve insan haklar\u0131 gibi alanlarda d\u00fcnyan\u0131n uzun y\u0131llardan beri ya\u015fad\u0131\u011f\u0131 tecr\u00fcbeleri, bir yandan<span class=\"excerpt-hellip\"> [\u2026]<\/span><\/p>\n","protected":false},"featured_media":0,"template":"","meta":{"_monsterinsights_skip_tracking":false,"_monsterinsights_sitenote_active":false,"_monsterinsights_sitenote_note":"","_monsterinsights_sitenote_category":0},"product_brand":[],"product_cat":[13059,12337],"product_tag":[],"class_list":{"0":"post-716383","1":"product","2":"type-product","3":"status-publish","5":"product_cat-diger-politika-siyaset","6":"product_cat-politika-siyaset","7":"pa_cilt-ciltsiz","8":"pa_tur-kitap","9":"pa_yayinevi-remzi-kitabevi","10":"pa_yazar-onur-oymen","12":"first","13":"instock","14":"sale","15":"shipping-taxable","16":"purchasable","17":"product-type-simple"},"_links":{"self":[{"href":"https:\/\/roveyayinevi.com.tr\/index.php\/wp-json\/wp\/v2\/product\/716383","targetHints":{"allow":["GET"]}}],"collection":[{"href":"https:\/\/roveyayinevi.com.tr\/index.php\/wp-json\/wp\/v2\/product"}],"about":[{"href":"https:\/\/roveyayinevi.com.tr\/index.php\/wp-json\/wp\/v2\/types\/product"}],"wp:attachment":[{"href":"https:\/\/roveyayinevi.com.tr\/index.php\/wp-json\/wp\/v2\/media?parent=716383"}],"wp:term":[{"taxonomy":"product_brand","embeddable":true,"href":"https:\/\/roveyayinevi.com.tr\/index.php\/wp-json\/wp\/v2\/product_brand?post=716383"},{"taxonomy":"product_cat","embeddable":true,"href":"https:\/\/roveyayinevi.com.tr\/index.php\/wp-json\/wp\/v2\/product_cat?post=716383"},{"taxonomy":"product_tag","embeddable":true,"href":"https:\/\/roveyayinevi.com.tr\/index.php\/wp-json\/wp\/v2\/product_tag?post=716383"}],"curies":[{"name":"wp","href":"https:\/\/api.w.org\/{rel}","templated":true}]}}