{"id":716376,"date":"2025-08-27T17:41:59","date_gmt":"2025-08-27T14:41:59","guid":{"rendered":"https:\/\/roveyayinevi.com.tr\/index.php\/urun\/carsi-fassolige-de-karsi\/"},"modified":"2026-03-12T02:32:52","modified_gmt":"2026-03-11T23:32:52","slug":"carsi-fassolige-de-karsi","status":"publish","type":"product","link":"https:\/\/roveyayinevi.com.tr\/index.php\/urun\/carsi-fassolige-de-karsi\/","title":{"rendered":"\u00c7ar\u015f\u0131 Fa\u015f\u015folig&#8217;e de Kar\u015f\u0131"},"content":{"rendered":"<p>Oyun oynamakla lzlemek aras\u0131nda bir fark varm\u0131? Varsa nedir?90&#8217;l\u0131 y\u0131llar\u0131n ba\u015f\u0131yd\u0131 ve \u00e7ok kanall\u0131 ve renkli TV&#8217;lere kavu\u015fmu\u015ftuk.Seyredin, e\u011flenin ve oyalan\u0131n diyorlard\u0131 y\u00f6netenler.Dizi dizi dizilerimiz oldu, 24 saat yay\u0131n yapan y\u00fczlerce kanal\u0131m\u0131z&#8230;Uyutup b\u00fcy\u00fct\u00fcyorlard\u0131 bizi..\u00dc\u00e7 be\u015f \u00e7ocuk tek kale ma\u00e7 yapsa da adlar\u0131 \u00e7apulcuydu ve kar\u015f\u0131yd\u0131lar alay\u0131na&#8230;Sonra \u00e7ok kanall\u0131 renkli TV&#8217;lerle do\u011fanlar, s\u0131k\u0131ld\u0131k dediler seyretmekten ve tarih denen sahaya \u00e7\u0131kt\u0131lar&#8230;Bir ka\u00e7 gol atmakt\u0131 ama\u00e7 ve yanlar\u0131nda \u00c7ar\u015f\u0131&#8217;l\u0131 abilerini buldular.Oynad\u0131k\u00e7a sevdiler futbolu, gol atmay\u0131 &#8230;Her yer  Gezi Direni\u015fi&#8217;nde d\u00fc\u015flerimiz oldu&#8230;Hepimiz inad\u0131na \u00c7ar\u015f\u0131&#8217;l\u0131 olduk &#8230;\u00c7ar\u015f\u0131 ve Gezi hayatlar\u0131m\u0131za tertemiz bir sayfa a\u00e7t\u0131 ..\u015eimdi yazd\u0131klar\u0131m\u0131z biizmle geliyor..Anlad\u0131k ki gol yemek ya da atmak de\u011filmi\u015f mesele , oyunda olmakm\u0131\u015f&#8230;Oyunda olmam\u0131z\u0131 istemeyenler bize k\u0131rm\u0131z\u0131 kart gibi Passoling kart\u0131 g\u00f6sterdiler.Trib\u00fcnler bo\u015fald\u0131, taraftarlar tak\u0131mlar\u0131na sar\u0131lamaz oldu.Gol\u00fcn, galibiyetin , yenilginin ve dahi futbolun tad\u0131 ka\u00e7t\u0131&#8230;D\u00fcr\u00fclmesin daha bayraklar, yine yeniden kurar\u0131z trib\u00fcnleri, en g\u00fczel besteleri yap\u0131p en g\u00fczel tezah\u00fcratlar\u0131 en y\u00fcksek seslerimizle atar\u0131z.Can\u0131m\u0131z yanm\u0131\u015f gibi de\u011fil , can\u0131m\u0131z yana yana;&#8221;Biz ne baharlar g\u00f6rd\u00fck senle ne k\u0131\u015flar Hi\u00e7bir\u015feye sevmedik inan senin kadar S\u00f6yle bize ey hayat varm\u0131  b\u00f6yle a\u015fkDurursa burda dursun kalbim Be\u015fikta\u015fk&#8221;<\/p>\n","protected":false},"excerpt":{"rendered":"<p>Oyun oynamakla lzlemek aras\u0131nda bir fark varm\u0131? Varsa nedir?90&#8217;l\u0131 y\u0131llar\u0131n ba\u015f\u0131yd\u0131 ve \u00e7ok kanall\u0131 ve renkli TV&#8217;lere kavu\u015fmu\u015ftuk.Seyredin, e\u011flenin ve oyalan\u0131n diyorlard\u0131 y\u00f6netenler.Dizi dizi dizilerimiz oldu,<span class=\"excerpt-hellip\"> [\u2026]<\/span><\/p>\n","protected":false},"featured_media":0,"template":"","meta":{"_monsterinsights_skip_tracking":false,"_monsterinsights_sitenote_active":false,"_monsterinsights_sitenote_note":"","_monsterinsights_sitenote_category":0},"product_brand":[],"product_cat":[15563,15564],"product_tag":[],"class_list":{"0":"post-716376","1":"product","2":"type-product","3":"status-publish","5":"product_cat-hobi","6":"product_cat-spor","7":"pa_cilt-ciltsiz","8":"pa_tur-kitap","9":"pa_yayinevi-kirmizi-cati-yayinlari","10":"pa_yazar-haldun-aciksozlu","12":"first","13":"instock","14":"sale","15":"shipping-taxable","16":"purchasable","17":"product-type-simple"},"_links":{"self":[{"href":"https:\/\/roveyayinevi.com.tr\/index.php\/wp-json\/wp\/v2\/product\/716376","targetHints":{"allow":["GET"]}}],"collection":[{"href":"https:\/\/roveyayinevi.com.tr\/index.php\/wp-json\/wp\/v2\/product"}],"about":[{"href":"https:\/\/roveyayinevi.com.tr\/index.php\/wp-json\/wp\/v2\/types\/product"}],"wp:attachment":[{"href":"https:\/\/roveyayinevi.com.tr\/index.php\/wp-json\/wp\/v2\/media?parent=716376"}],"wp:term":[{"taxonomy":"product_brand","embeddable":true,"href":"https:\/\/roveyayinevi.com.tr\/index.php\/wp-json\/wp\/v2\/product_brand?post=716376"},{"taxonomy":"product_cat","embeddable":true,"href":"https:\/\/roveyayinevi.com.tr\/index.php\/wp-json\/wp\/v2\/product_cat?post=716376"},{"taxonomy":"product_tag","embeddable":true,"href":"https:\/\/roveyayinevi.com.tr\/index.php\/wp-json\/wp\/v2\/product_tag?post=716376"}],"curies":[{"name":"wp","href":"https:\/\/api.w.org\/{rel}","templated":true}]}}