{"id":716375,"date":"2025-08-27T17:41:58","date_gmt":"2025-08-27T14:41:58","guid":{"rendered":"https:\/\/roveyayinevi.com.tr\/index.php\/urun\/egitim-bilimleri-felsefesi\/"},"modified":"2026-04-16T02:24:37","modified_gmt":"2026-04-15T23:24:37","slug":"egitim-bilimleri-felsefesi","status":"publish","type":"product","link":"https:\/\/roveyayinevi.com.tr\/index.php\/urun\/egitim-bilimleri-felsefesi\/","title":{"rendered":"E\u011fitim Bilimleri Felsefesi"},"content":{"rendered":"<p>T\u00fcrkiye\u2019de e\u011fitim bilimleri, kendi \u00fczerine d\u00fc\u015f\u00fcnme ve kendine ili\u015fkin bilgi \u00fcretme \u00e7abas\u0131n\u0131, di\u011fer sosyal bilim dallar\u0131na g\u00f6re daha fazla g\u00f6sterme zorunlulu\u011fuyla kar\u015f\u0131 kar\u015f\u0131yad\u0131r. Aksi takdirde, e\u011fitim bilimciler toplumsal olarak gereksizle\u015feceklerinin ve bir e\u011fitim fak\u00fcltesinin k\u00fc\u00e7\u00fck bir anabilim dal\u0131nda \u201cunutulmu\u015f bir tanr\u0131n\u0131n son rahipleri olarak anlams\u0131z ayinleriyle vakit \u00f6ld\u00fcrmeye mahk\u00fbm olacaklar\u0131n\u0131n\u201d bilincinde olmal\u0131d\u0131rlar. Bu kitap her \u015feyden \u00f6nce, do\u011fru sorular\u0131, t\u00fcm do\u011fru sorular\u0131 ve hepsinden \u00f6nemlisi olas\u0131 t\u00fcm sorular\u0131 sordu\u011fu iddias\u0131nda bulunmaks\u0131z\u0131n, e\u011fitim bilimlerinin ne\u2019li\u011fi ve e\u011fitim bilimci kimli\u011fine dair bir soru sorma ve soru sormaya yeltenme denemesi ve davetidir. Bu davete icabet etmemek, \u00f6nemi ve gere\u011fi her ge\u00e7en g\u00fcn daha da artan bu disiplinin ve kimli\u011fin kurban edildi\u011fi \u201cs\u00fck\u00fbt suikasti\u201dne su\u00e7 ortakl\u0131\u011f\u0131 etmek anlam\u0131na gelecektir. Dileriz bu kitap, genel olarak akademide h\u00fckm\u00fcn\u00fc s\u00fcrd\u00fcren ama e\u011fitim bilimcilerde kronikle\u015fen suskunluk sarmal\u0131n\u0131 yaran bir \u00e7\u0131\u011fl\u0131k olur. Weber\u2019in vurgulad\u0131\u011f\u0131 gibi, \u201c[t]amamlan\u0131p insanl\u0131\u011fa sunulmu\u015f bir bilimsel eserden beklenen \u015fey, art\u0131k yeni sorulara hizmet etmesidir. \u00c7\u00fcnk\u00fc her bilimsel eser, a\u015f\u0131lmak ve arkada b\u0131rak\u0131lmak i\u00e7indir.\u201d E\u011fitim bilimleri \u00fczerine yeni sorular sorarak bu kitab\u0131 a\u015f\u0131p arkada b\u0131rakan bir \u00e7al\u0131\u015fmaya tez vakitte kavu\u015fmay\u0131, ama o vakte dek kitab\u0131m\u0131z\u0131n, \u00f6nemini ve yak\u0131c\u0131l\u0131\u011f\u0131n\u0131 gittik\u00e7e daha fazla hissettiren e\u011fitim bilimleri \u00fczerine felsefece d\u00fc\u015f\u00fcnme ihtiyac\u0131n\u0131 bir nebze de olsa gidermesini umuyoruz.<\/p>\n","protected":false},"excerpt":{"rendered":"<p>T\u00fcrkiye\u2019de e\u011fitim bilimleri, kendi \u00fczerine d\u00fc\u015f\u00fcnme ve kendine ili\u015fkin bilgi \u00fcretme \u00e7abas\u0131n\u0131, di\u011fer sosyal bilim dallar\u0131na g\u00f6re daha fazla g\u00f6sterme zorunlulu\u011fuyla kar\u015f\u0131 kar\u015f\u0131yad\u0131r. Aksi takdirde, e\u011fitim<span class=\"excerpt-hellip\"> [\u2026]<\/span><\/p>\n","protected":false},"featured_media":0,"template":"","meta":{"_monsterinsights_skip_tracking":false,"_monsterinsights_sitenote_active":false,"_monsterinsights_sitenote_note":"","_monsterinsights_sitenote_category":0},"product_brand":[],"product_cat":[12389,12388],"product_tag":[],"class_list":{"0":"post-716375","1":"product","2":"type-product","3":"status-publish","5":"product_cat-diger-felsefe","6":"product_cat-felsefe","7":"pa_cilt-ciltsiz","8":"pa_tur-kitap","9":"pa_yayinevi-siyasal-kitabevi-akademik-kitaplar","10":"pa_yazar-l-isil-unal-seckin-ozsoy","12":"first","13":"instock","14":"sale","15":"shipping-taxable","16":"purchasable","17":"product-type-simple"},"_links":{"self":[{"href":"https:\/\/roveyayinevi.com.tr\/index.php\/wp-json\/wp\/v2\/product\/716375","targetHints":{"allow":["GET"]}}],"collection":[{"href":"https:\/\/roveyayinevi.com.tr\/index.php\/wp-json\/wp\/v2\/product"}],"about":[{"href":"https:\/\/roveyayinevi.com.tr\/index.php\/wp-json\/wp\/v2\/types\/product"}],"wp:attachment":[{"href":"https:\/\/roveyayinevi.com.tr\/index.php\/wp-json\/wp\/v2\/media?parent=716375"}],"wp:term":[{"taxonomy":"product_brand","embeddable":true,"href":"https:\/\/roveyayinevi.com.tr\/index.php\/wp-json\/wp\/v2\/product_brand?post=716375"},{"taxonomy":"product_cat","embeddable":true,"href":"https:\/\/roveyayinevi.com.tr\/index.php\/wp-json\/wp\/v2\/product_cat?post=716375"},{"taxonomy":"product_tag","embeddable":true,"href":"https:\/\/roveyayinevi.com.tr\/index.php\/wp-json\/wp\/v2\/product_tag?post=716375"}],"curies":[{"name":"wp","href":"https:\/\/api.w.org\/{rel}","templated":true}]}}