{"id":716374,"date":"2025-08-27T17:41:58","date_gmt":"2025-08-27T14:41:58","guid":{"rendered":"https:\/\/roveyayinevi.com.tr\/index.php\/urun\/din-siyaset-ekonomi-ekseninde-catisan-ortadogu\/"},"modified":"2026-04-16T02:24:37","modified_gmt":"2026-04-15T23:24:37","slug":"din-siyaset-ekonomi-ekseninde-catisan-ortadogu","status":"publish","type":"product","link":"https:\/\/roveyayinevi.com.tr\/index.php\/urun\/din-siyaset-ekonomi-ekseninde-catisan-ortadogu\/","title":{"rendered":"Din Siyaset Ekonomi Ekseninde \u00c7at\u0131\u015fan Ortado\u011fu"},"content":{"rendered":"<p>Orta Do\u011fu ilk \u00e7a\u011flardan bu yana \u00e7eli\u015fkilerin, \u00e7at\u0131\u015fmalar\u0131n ve payla\u015f\u0131mlar\u0131n merkezinde yer alm\u0131\u015f bir co\u011frafyad\u0131r. Emperyalist ihtiraslar, ekonomik s\u00f6m\u00fcr\u00fc ve dini ihtilaflar her yerden daha \u00e7ok Orta Do\u011fu\u2019dan etkilenmi\u015ftir. Uzun y\u0131llardan bu yana b\u00fcy\u00fck g\u00fc\u00e7ler siyasi r\u00fc\u015ftlerini Orta Do\u011fu \u00fczerindeki etkileriyle \u00f6l\u00e7m\u00fc\u015flerdir. Bug\u00fcn de k\u00fcresel g\u00fc\u00e7ler bilek g\u00fcre\u015flerini her yerden daha \u00e7ok Orta Do\u011fu\u2019da yapmaktad\u0131r. Orta Do\u011fu; petropolitik, jeopolitik, hidropolitik, teopolitik stratejiler yuma\u011f\u0131d\u0131r. Bu y\u00fczden her yerden daha fazla \u00e7at\u0131\u015fmalara sahne olmu\u015ftur; ve kabul edilmesi gereken bir ger\u00e7ek vard\u0131r ki \u00e7at\u0131\u015fmalar\u0131n tarihi Orta Do\u011fu olmadan yaz\u0131lamaz. Orta Do\u011fu b\u00f6lgesi son zamanlarda d\u00fcnyan\u0131n en b\u00fcy\u00fck ha\u00e7l\u0131 seferine sahne olmaktad\u0131r. Ancak bu seferin tarihtekilerden fark\u0131 siyasi olmaktan daha \u00e7ok felsefi olmas\u0131d\u0131r. M\u00fcsl\u00fcmanlara kar\u015f\u0131 da Musevi ve \u0130sevilerin bu kez birlikte hareket etmeleridir. Bora \u0130yiat bu zor, gizemli ve kadim co\u011frafyaya \u201c\u00c7at\u0131\u015fan Ortado\u011fu\u201d ad\u0131n\u0131 koydu\u011fu \u00e7al\u0131\u015fmayla bir ne\u015fter vuruyor. \u0130yiat, bu eserde Orta Do\u011fu co\u011frafyas\u0131nda hali haz\u0131rda ya\u015fanan, ancak k\u00f6kleri tarihte olan ihtilaflar\u0131 mercek alt\u0131na al\u0131rken, eserde \u201cOrta Do\u011funun Jeopoliti\u011fi, \u0130slamiyet\u2019in do\u011fu\u015fu, Hilafet, \u015eiilik, Ha\u00e7l\u0131 Seferleri, \u015eark Meselesi, \u0130srail ve Filistin Sorunu, K\u00f6rfez ve Suriye Krizi\u201d konular\u0131 i\u015flemi\u015ftir. Bug\u00fcnlerde Irak, Suriye, Yemen, Libya ve Filistin\u2019de vuku bulan \u00e7at\u0131\u015fmalar\u0131 anlamak, sorunu \u00e7\u00f6zmeye \u00e7al\u0131\u015fanlar\u0131n yapmas\u0131 gereken en \u00f6nemli i\u015ftir. Zira Orta Do\u011fu\u2019da sorunu anlamak yar\u0131 yar\u0131ya \u00e7\u00f6zmektir.<\/p>\n","protected":false},"excerpt":{"rendered":"<p>Orta Do\u011fu ilk \u00e7a\u011flardan bu yana \u00e7eli\u015fkilerin, \u00e7at\u0131\u015fmalar\u0131n ve payla\u015f\u0131mlar\u0131n merkezinde yer alm\u0131\u015f bir co\u011frafyad\u0131r. Emperyalist ihtiraslar, ekonomik s\u00f6m\u00fcr\u00fc ve dini ihtilaflar her yerden daha \u00e7ok<span class=\"excerpt-hellip\"> [\u2026]<\/span><\/p>\n","protected":false},"featured_media":0,"template":"","meta":{"_monsterinsights_skip_tracking":false,"_monsterinsights_sitenote_active":false,"_monsterinsights_sitenote_note":"","_monsterinsights_sitenote_category":0},"product_brand":[],"product_cat":[12370,12304],"product_tag":[],"class_list":{"0":"post-716374","1":"product","2":"type-product","3":"status-publish","5":"product_cat-arastirma-inceleme","6":"product_cat-tarih","7":"pa_cilt-ciltsiz","8":"pa_tur-kitap","9":"pa_yayinevi-kripto-basim-yayin","10":"pa_yazar-bora-iyiat","12":"first","13":"instock","14":"sale","15":"shipping-taxable","16":"purchasable","17":"product-type-simple"},"_links":{"self":[{"href":"https:\/\/roveyayinevi.com.tr\/index.php\/wp-json\/wp\/v2\/product\/716374","targetHints":{"allow":["GET"]}}],"collection":[{"href":"https:\/\/roveyayinevi.com.tr\/index.php\/wp-json\/wp\/v2\/product"}],"about":[{"href":"https:\/\/roveyayinevi.com.tr\/index.php\/wp-json\/wp\/v2\/types\/product"}],"wp:attachment":[{"href":"https:\/\/roveyayinevi.com.tr\/index.php\/wp-json\/wp\/v2\/media?parent=716374"}],"wp:term":[{"taxonomy":"product_brand","embeddable":true,"href":"https:\/\/roveyayinevi.com.tr\/index.php\/wp-json\/wp\/v2\/product_brand?post=716374"},{"taxonomy":"product_cat","embeddable":true,"href":"https:\/\/roveyayinevi.com.tr\/index.php\/wp-json\/wp\/v2\/product_cat?post=716374"},{"taxonomy":"product_tag","embeddable":true,"href":"https:\/\/roveyayinevi.com.tr\/index.php\/wp-json\/wp\/v2\/product_tag?post=716374"}],"curies":[{"name":"wp","href":"https:\/\/api.w.org\/{rel}","templated":true}]}}