{"id":716370,"date":"2025-08-27T17:41:56","date_gmt":"2025-08-27T14:41:56","guid":{"rendered":"https:\/\/roveyayinevi.com.tr\/index.php\/urun\/kendi-kendine-ogren-cizim\/"},"modified":"2026-03-12T02:32:52","modified_gmt":"2026-03-11T23:32:52","slug":"kendi-kendine-ogren-cizim","status":"publish","type":"product","link":"https:\/\/roveyayinevi.com.tr\/index.php\/urun\/kendi-kendine-ogren-cizim\/","title":{"rendered":"Kendi Kendine \u00d6\u011fren \u00c7izim"},"content":{"rendered":"<p>Temel \u00e7izim tekniklerinden perspektifle ilgili \u00f6nemli ipu\u00e7lar\u0131na kadar \u00e7izimle ilgili ihtiya\u00e7 duyulan t\u00fcm bilgileri kapsayan Kendi Kendine \u00d6\u011fren: \u00c7izim, b\u00fct\u00fcnl\u00fckl\u00fc bir i\u00e7erik sunuyor. Kitab\u0131n yazar\u0131 ressam Robin Capon, herkesin iyi \u00e7izim yapabilece\u011fine inand\u0131\u011f\u0131n\u0131 belirterek kaleme ald\u0131\u011f\u0131 metinde, kullan\u0131lacak malzemenin se\u00e7imine, eskiz yapma tekniklerine, g\u00f6lgelendirme, \u00f6l\u00e7\u00fc alma gibi a\u015famalara, ka\u011f\u0131d\u0131n farkl\u0131 malzemelere g\u00f6re nas\u0131l haz\u0131rlanaca\u011f\u0131na ve daha pek \u00e7ok ayr\u0131nt\u0131ya de\u011finiyor. \u00c7izim yaparken kar\u015f\u0131la\u015f\u0131labilecek sorunlar\u0131n da a\u00e7\u0131kland\u0131\u011f\u0131 kitapta b\u00f6l\u00fcm sonlar\u0131nda verilen al\u0131\u015ft\u0131rma \u00e7al\u0131\u015fmalar\u0131, konular\u0131n peki\u015fmesini sa\u011flarken okurun \u00e7izim konusunda deneyim kazanmas\u0131na da yard\u0131mc\u0131 oluyor. \u00c7izim yapma s\u00fcrecinde okurun motivasyonunu daima y\u00fcksek tutacak bir rehber olan Kendi Kendine \u00d6\u011fren: \u00c7izim, \u00e7izim yapmaya ilgi duyan ancak kendini yeterince yetkin hissetmeyen herkesi eline kalem ve ka\u011f\u0131t al\u0131p denemeler yapmak konusunda cesaretlendiriyor. <\/p>\n","protected":false},"excerpt":{"rendered":"<p>Temel \u00e7izim tekniklerinden perspektifle ilgili \u00f6nemli ipu\u00e7lar\u0131na kadar \u00e7izimle ilgili ihtiya\u00e7 duyulan t\u00fcm bilgileri kapsayan Kendi Kendine \u00d6\u011fren: \u00c7izim, b\u00fct\u00fcnl\u00fckl\u00fc bir i\u00e7erik sunuyor. Kitab\u0131n yazar\u0131 ressam<span class=\"excerpt-hellip\"> [\u2026]<\/span><\/p>\n","protected":false},"featured_media":0,"template":"","meta":{"_monsterinsights_skip_tracking":false,"_monsterinsights_sitenote_active":false,"_monsterinsights_sitenote_note":"","_monsterinsights_sitenote_category":0},"product_brand":[],"product_cat":[13548,12408],"product_tag":[],"class_list":{"0":"post-716370","1":"product","2":"type-product","3":"status-publish","5":"product_cat-kuram","6":"product_cat-sanat","7":"pa_cilt-ciltsiz","8":"pa_tur-kitap","9":"pa_yayinevi-hayalperest-yayinlari","10":"pa_yazar-robin-capon","12":"first","13":"instock","14":"sale","15":"shipping-taxable","16":"purchasable","17":"product-type-simple"},"_links":{"self":[{"href":"https:\/\/roveyayinevi.com.tr\/index.php\/wp-json\/wp\/v2\/product\/716370","targetHints":{"allow":["GET"]}}],"collection":[{"href":"https:\/\/roveyayinevi.com.tr\/index.php\/wp-json\/wp\/v2\/product"}],"about":[{"href":"https:\/\/roveyayinevi.com.tr\/index.php\/wp-json\/wp\/v2\/types\/product"}],"wp:attachment":[{"href":"https:\/\/roveyayinevi.com.tr\/index.php\/wp-json\/wp\/v2\/media?parent=716370"}],"wp:term":[{"taxonomy":"product_brand","embeddable":true,"href":"https:\/\/roveyayinevi.com.tr\/index.php\/wp-json\/wp\/v2\/product_brand?post=716370"},{"taxonomy":"product_cat","embeddable":true,"href":"https:\/\/roveyayinevi.com.tr\/index.php\/wp-json\/wp\/v2\/product_cat?post=716370"},{"taxonomy":"product_tag","embeddable":true,"href":"https:\/\/roveyayinevi.com.tr\/index.php\/wp-json\/wp\/v2\/product_tag?post=716370"}],"curies":[{"name":"wp","href":"https:\/\/api.w.org\/{rel}","templated":true}]}}