{"id":716357,"date":"2025-08-27T17:41:47","date_gmt":"2025-08-27T14:41:47","guid":{"rendered":"https:\/\/roveyayinevi.com.tr\/index.php\/urun\/dorian-grayin-portresi-7\/"},"modified":"2026-04-16T02:24:37","modified_gmt":"2026-04-15T23:24:37","slug":"dorian-grayin-portresi-7","status":"publish","type":"product","link":"https:\/\/roveyayinevi.com.tr\/index.php\/urun\/dorian-grayin-portresi-7\/","title":{"rendered":"Dorian Gray&#8217;in Portresi"},"content":{"rendered":"<p>Ressam Basil Hallward\u2019\u0131n s\u0131ra d\u0131\u015f\u0131 g\u00fczelli\u011fiyle Dorian Gray adl\u0131 bir gen\u00e7 adam\u0131n portresini \u00e7izmesiyle ba\u015flar her \u015fey. Dorian portrede g\u00f6rd\u00fc\u011f\u00fc gen\u00e7 ve g\u00fczel halinin b\u00fcy\u00fcs\u00fcne \u00f6yle kap\u0131lm\u0131\u015ft\u0131r ki ya\u015fam\u0131n\u0131n devam\u0131n\u0131 tuvaldeki suretini koruyabilmenin h\u0131rs\u0131 i\u00e7inde ge\u00e7irir. Kendisinin bile haberdar olmad\u0131\u011f\u0131 tutku ve arzular\u0131n\u0131 ona a\u00e7an Lord Henry Wotton\u2019sa Dorian\u2019\u0131n g\u00fczellik, \u015fehvet ve zevk pe\u015finde g\u00fcnden g\u00fcne yozla\u015fmas\u0131na \u00f6nayak olur. Dorian Gray\u2019in Portresi, cinselli\u011fe dair kal\u0131plar\u0131 y\u0131karken estetik, g\u00fczellik ve sanat kavramlar\u0131na da felsefi bir yakla\u015f\u0131mda bulunur. Oscar Wilde\u2019\u0131n sansasyonel roman\u0131 Dorian Gray\u2019in Portresi, metinde olan bitenler kadar yay\u0131mlanma \u00f6yk\u00fcs\u00fcyle de merak uyand\u0131r\u0131r. Roman\u0131n yay\u0131mlanmas\u0131ndan be\u015f y\u0131l sonra, Wilde bir gecede \u0130ngiliz edebiyat\u0131n\u0131n en renkli fig\u00fcr\u00fcnden bir cinsel su\u00e7luya d\u00f6n\u00fc\u015fm\u00fc\u015ft\u00fcr. Romandan al\u0131nt\u0131lar e\u015fcinsel oldu\u011fu gerek\u00e7esiyle yarg\u0131land\u0131\u011f\u0131 duru\u015fmalarda yazar\u0131n \u00f6n\u00fcne kan\u0131t olarak s\u00fcr\u00fcl\u00fcr. O g\u00fcnlerde ne ya\u015fanm\u0131\u015f olursa olsun, roman d\u00f6nemin cinsellik ve erkeklik alg\u0131s\u0131nda bir k\u0131r\u0131lma yaratmas\u0131 ve yazar\u0131n ya\u015fam\u0131ndan kolayca g\u00f6r\u00fclebilen izler ta\u015f\u0131mas\u0131yla \u00e7a\u011fda\u015flar\u0131ndan ayr\u0131\u015f\u0131r. Okur ve ele\u015ftirmenler, karakterlerin yazar\u0131n ger\u00e7ek ya\u015fam\u0131ndaki hangi ki\u015filerden esinlendi\u011fine kafa yoradursunlar, kendisi ise \u015f\u00f6yle der: \u201cBenden \u00e7ok \u015fey bar\u0131nd\u0131r\u0131yor. Basil Hallward benim oldu\u011fumu d\u00fc\u015f\u00fcnd\u00fc\u011f\u00fcm \u015fey, Lord Henry Wotton insanlar\u0131n benim hakk\u0131mdaki d\u00fc\u015f\u00fcnceleri; Dorian\u2019sa olmak istedi\u011fim \u015fey \u2013 belki de ba\u015fka bir \u00e7a\u011fda.\u201d<\/p>\n","protected":false},"excerpt":{"rendered":"<p>Ressam Basil Hallward\u2019\u0131n s\u0131ra d\u0131\u015f\u0131 g\u00fczelli\u011fiyle Dorian Gray adl\u0131 bir gen\u00e7 adam\u0131n portresini \u00e7izmesiyle ba\u015flar her \u015fey. Dorian portrede g\u00f6rd\u00fc\u011f\u00fc gen\u00e7 ve g\u00fczel halinin b\u00fcy\u00fcs\u00fcne \u00f6yle<span class=\"excerpt-hellip\"> [\u2026]<\/span><\/p>\n","protected":false},"featured_media":0,"template":"","meta":{"_monsterinsights_skip_tracking":false,"_monsterinsights_sitenote_active":false,"_monsterinsights_sitenote_note":"","_monsterinsights_sitenote_category":0},"product_brand":[],"product_cat":[12291,13872],"product_tag":[],"class_list":{"0":"post-716357","1":"product","2":"type-product","3":"status-publish","5":"product_cat-edebiyat","6":"product_cat-klasikler","7":"pa_cilt-ciltsiz","8":"pa_tur-kitap","9":"pa_yayinevi-can-yayinlari","10":"pa_yazar-oscar-wilde","12":"first","13":"instock","14":"sale","15":"shipping-taxable","16":"purchasable","17":"product-type-simple"},"_links":{"self":[{"href":"https:\/\/roveyayinevi.com.tr\/index.php\/wp-json\/wp\/v2\/product\/716357","targetHints":{"allow":["GET"]}}],"collection":[{"href":"https:\/\/roveyayinevi.com.tr\/index.php\/wp-json\/wp\/v2\/product"}],"about":[{"href":"https:\/\/roveyayinevi.com.tr\/index.php\/wp-json\/wp\/v2\/types\/product"}],"wp:attachment":[{"href":"https:\/\/roveyayinevi.com.tr\/index.php\/wp-json\/wp\/v2\/media?parent=716357"}],"wp:term":[{"taxonomy":"product_brand","embeddable":true,"href":"https:\/\/roveyayinevi.com.tr\/index.php\/wp-json\/wp\/v2\/product_brand?post=716357"},{"taxonomy":"product_cat","embeddable":true,"href":"https:\/\/roveyayinevi.com.tr\/index.php\/wp-json\/wp\/v2\/product_cat?post=716357"},{"taxonomy":"product_tag","embeddable":true,"href":"https:\/\/roveyayinevi.com.tr\/index.php\/wp-json\/wp\/v2\/product_tag?post=716357"}],"curies":[{"name":"wp","href":"https:\/\/api.w.org\/{rel}","templated":true}]}}